{"id":13135,"date":"2024-10-30T13:20:34","date_gmt":"2024-10-30T13:20:34","guid":{"rendered":"https:\/\/smoke.ch\/product\/cohiba-siglo-vi-gran-reserva-cosecha-2003\/"},"modified":"2026-01-31T15:21:24","modified_gmt":"2026-01-31T15:21:24","slug":"cohiba-siglo-vi-gran-reserva-cosecha-2003","status":"publish","type":"product","link":"https:\/\/smoke.ch\/es\/producto\/cohiba-siglo-vi-gran-reserva-cosecha-2003\/","title":{"rendered":"Cohiba Siglo VI \u2013 Gran Reserva Cosecha 2003"},"content":{"rendered":"<p>Un mito viviente de la historia del puro cubano: <a href=\"https:\/\/smoke.ch\/product-category\/zigarren\/cohiba\/\">el puro Cohiba<\/a> encarna los or\u00edgenes de lo que hoy es el fabricante de tabaco m\u00e1s legendario del mundo.<\/p>\n<p>En la d\u00e9cada de 1960, el guardaespaldas de Fidel Castro, Bienvenido \u00abChicho\u00bb P\u00e9rez, le ofreci\u00f3 un cigarro fragante en un formato especial, y Castro sucumbi\u00f3 inmediatamente a su sabor excepcional. Poco despu\u00e9s conoci\u00f3 a Eduardo Rivera, un torcedor amigo de su guardaespaldas, quien se convirti\u00f3 en el torcedor de tabaco personal de Castro. Originalmente pensado como un regalo exclusivo para los invitados de estado y diplom\u00e1ticos de alto rango de Cuba, Rivera fund\u00f3 una peque\u00f1a f\u00e1brica en 1964, precursora del famoso El Laguito en La Habana. All\u00ed trabajaron ocho torcedores de puros cuidadosamente seleccionados, entre ellos Norma Fern\u00e1ndez, quien en 1966 bautiz\u00f3 la empresa como Cohiba.<\/p>\n<p>Comerciantes especializados y coleccionistas de todo el mundo lo esperaban con impaciencia. Qued\u00f3 claro ya en su primera presentaci\u00f3n en la noche de gala del XI Festival del Habano: este puro es una nueva estrella en el cielo del Habano. El <a href=\"https:\/\/smoke.ch\/product-category\/zigarren\/cohiba\/\"><strong>Cohiba Siglo VI<\/strong><\/a> Gran Reserva 2003 es el primer Gran Reserva que se lanza al mercado. Para tal efecto se dejaron madurar en Pinar del R\u00edo los mejores tabacos de la excelente cosecha 2003 de las reconocidas zonas productoras de San Juan y Mart\u00ednez y San Luis.<\/p>\n<p>A lo largo de cinco a\u00f1os se seleccionaron cuidadosamente todos los tabacos necesarios para la elaboraci\u00f3n de un Habano (capa, capote y los tres tabacos de tripa), se fermentaron y revisaron peri\u00f3dicamente. Tras este per\u00edodo de maduraci\u00f3n, los mejores torcedores de la f\u00e1brica Cohiba \u201cEl Laguito\u201d de La Habana tocaban estos puros en formato Ca\u00f1onazo (150 mm de largo, cepo 52).<\/p>\n<p>Que la elecci\u00f3n para la primera Gran Reserva de <a href=\"https:\/\/www.habanos.com\/en\/\"><strong>Habanos<\/strong><\/a> recayera en la marca top Cohiba es l\u00f3gico: Cohiba est\u00e1 considerada una de las <a href=\"https:\/\/smoke.ch\/product-category\/zigarren\/\"><strong>marcas de puros premium m\u00e1s prestigiosas y conocidas del mundo<\/strong><\/a> . El formato Cohiba Siglo VI tambi\u00e9n se encuentra entre las vitolas m\u00e1s populares y por ello fue el elegido para el estreno del Gran Reserva. Esto dio como resultado un Habano verdaderamente \u00fanico que supera todo lo que ha existido hasta ahora.<\/p>\n<p>La prensa especializada mundial ha colmado de altas calificaciones este excelente producto, confirmando as\u00ed el \u00e9xito de este extraordinario concepto. S\u00f3lo existen en todo el mundo 5.000 cajas numeradas individualmente, de 15 piezas cada una. En consonancia con los altos est\u00e1ndares de este cigarro, las cajas est\u00e1n dise\u00f1adas en elegante laca de piano negra y lujosamente equipadas.<\/p>\n","protected":false},"excerpt":{"rendered":"<p>Un mito viviente de la historia del puro cubano: el puro Cohiba encarna los or\u00edgenes de lo que hoy es el fabricante de tabaco m\u00e1s legendario del mundo. En la d\u00e9cada de 1960, el guardaespaldas de Fidel Castro, Bienvenido \u00abChicho\u00bb P\u00e9rez, le ofreci\u00f3 un cigarro fragante en un formato especial, y Castro sucumbi\u00f3 inmediatamente a [&hellip;]<\/p>\n","protected":false},"featured_media":13136,"comment_status":"open","ping_status":"closed","template":"","meta":{"_et_pb_use_builder":"","_et_pb_old_content":"","_et_gb_content_width":""},"product_brand":[],"product_cat":[271,270],"product_tag":[798,1003],"class_list":{"0":"post-13135","1":"product","2":"type-product","3":"status-publish","4":"has-post-thumbnail","6":"product_cat-cohiba-es","7":"product_cat-puros","8":"product_tag-cohiba-es","9":"product_tag-cohiba-siglo-vi-gran-reserva-cosecha-es","11":"first","12":"instock","13":"shipping-taxable","14":"purchasable","15":"product-type-simple"},"aioseo_notices":[],"_links":{"self":[{"href":"https:\/\/smoke.ch\/es\/wp-json\/wp\/v2\/product\/13135","targetHints":{"allow":["GET"]}}],"collection":[{"href":"https:\/\/smoke.ch\/es\/wp-json\/wp\/v2\/product"}],"about":[{"href":"https:\/\/smoke.ch\/es\/wp-json\/wp\/v2\/types\/product"}],"replies":[{"embeddable":true,"href":"https:\/\/smoke.ch\/es\/wp-json\/wp\/v2\/comments?post=13135"}],"wp:featuredmedia":[{"embeddable":true,"href":"https:\/\/smoke.ch\/es\/wp-json\/wp\/v2\/media\/13136"}],"wp:attachment":[{"href":"https:\/\/smoke.ch\/es\/wp-json\/wp\/v2\/media?parent=13135"}],"wp:term":[{"taxonomy":"product_brand","embeddable":true,"href":"https:\/\/smoke.ch\/es\/wp-json\/wp\/v2\/product_brand?post=13135"},{"taxonomy":"product_cat","embeddable":true,"href":"https:\/\/smoke.ch\/es\/wp-json\/wp\/v2\/product_cat?post=13135"},{"taxonomy":"product_tag","embeddable":true,"href":"https:\/\/smoke.ch\/es\/wp-json\/wp\/v2\/product_tag?post=13135"}],"curies":[{"name":"wp","href":"https:\/\/api.w.org\/{rel}","templated":true}]}}