{"id":14509,"date":"2025-01-08T13:13:52","date_gmt":"2025-01-08T13:13:52","guid":{"rendered":"https:\/\/smoke.ch\/product\/cohiba-majestuosos-edicion-especial\/"},"modified":"2025-03-22T12:15:25","modified_gmt":"2025-03-22T12:15:25","slug":"cohiba-majestuosos-edicion-especial","status":"publish","type":"product","link":"https:\/\/smoke.ch\/es\/producto\/cohiba-majestuosos-edicion-especial\/","title":{"rendered":"Cohiba Majestuosos \u2013 Edici\u00f3n Especial"},"content":{"rendered":"<p>El <a href=\"https:\/\/smoke.ch\/es\/product\/cohiba-50-aniversario-humidor\/\"><strong>Cohiba Majestuosos<\/strong><\/a> se encuentran entre los puros m\u00e1s exclusivos del mundo y proceden de la renombrada <strong><a href=\"https:\/\/smoke.ch\/es\/categoria-producto\/puros\/cohiba-es\/\">marca<\/a><\/strong> cubana <strong>Cohiba<\/strong>. Estos puros premium son conocidos por su limitada disponibilidad, ya que s\u00f3lo se producen en peque\u00f1as cantidades. Son especialmente codiciados como parte de ediciones especiales, como los legendarios <strong>Cohiba Majestuosos 1966<\/strong>, que se produjeron con motivo del <a href=\"https:\/\/smoke.ch\/es\/categoria-producto\/humidificadores\/\"><strong>50 aniversario de Cohiba<\/strong><\/a> sali\u00f3 a la venta. <\/p>\n<h3>\u00bfQu\u00e9 hace que los Cohiba Majestuosos sean tan especiales?<\/h3>\n<ul>\n<li><strong>Formato \u00fanico<\/strong>: El formato especialmente desarrollado de los Cohiba Majestuosos es m\u00e1s corto y fuerte que el de muchos otros Cohibas. Este dise\u00f1o inusual garantiza una experiencia de fumada \u00fanica. <\/li>\n<li><strong>Exquisita calidad del tabaco<\/strong>: El tabaco utilizado procede de las mejores regiones productoras de Cuba, en particular de <strong>Vuelta Abajo<\/strong>. Un elaborado proceso de fermentaci\u00f3n crea la incomparable suavidad y complejidad de los puros. <\/li>\n<li><strong>Sabores distintivos<\/strong>: los Cohiba Majestuosos impresionan con un perfil de sabor de m\u00faltiples capas. Notas de madera, frutos secos, cacao y especias finas hacen que cada calada sea un placer. El humo es agradablemente cremoso y armonioso.  <\/li>\n<li><strong>Presentaci\u00f3n exclusiva<\/strong>:<a href=\"https:\/\/smoke.ch\/es\/categoria-producto\/puros\/\"><strong> Estos puros<\/strong><\/a> suelen ofrecerse en lujosas cajas de madera, que acent\u00faan su car\u00e1cter exclusivo y los convierten en codiciados objetos de coleccionista.<\/li>\n<\/ul>\n<p>Los Cohiba Majestuosos personifican la artesan\u00eda cubana, el lujo y el disfrute atemporal. Son la elecci\u00f3n perfecta para <a href=\"https:\/\/www.habanos.com\/en\/\/\"><strong>amantes de los puros<\/strong><\/a>que buscan algo especial y son ideales como regalo para ocasiones especiales o como broche de oro para fumadores exigentes. <\/p>\n<p>Este humidor exclusivo, la \u00ab<a href=\"https:\/\/smoke.ch\/es\/\"><strong>Edici\u00f3n Especial<\/strong><\/a>\u00abcontiene 50 Cohiba Majestuosos con la rar\u00edsima banderola presidencial. S\u00f3lo se fabricaron unos pocos ejemplares de esta pieza especial de coleccionista, lo que la convierte en una rareza absoluta. <\/p>\n","protected":false},"excerpt":{"rendered":"<p>El Cohiba Majestuosos se encuentran entre los puros m\u00e1s exclusivos del mundo y proceden de la renombrada marca cubana Cohiba. Estos puros premium son conocidos por su limitada disponibilidad, ya que s\u00f3lo se producen en peque\u00f1as cantidades. Son especialmente codiciados como parte de ediciones especiales, como los legendarios Cohiba Majestuosos 1966, que se produjeron con [&hellip;]<\/p>\n","protected":false},"featured_media":14515,"comment_status":"open","ping_status":"closed","template":"","meta":{"_et_pb_use_builder":"","_et_pb_old_content":"","_et_gb_content_width":""},"product_brand":[],"product_cat":[284,278],"product_tag":[929,798,905,1011,1125,1198,1012,1098,886,1117,1076,1118,928,1032],"class_list":{"0":"post-14509","1":"product","2":"type-product","3":"status-publish","4":"has-post-thumbnail","6":"product_cat-cohiba-es-2","7":"product_cat-humidificadores","8":"product_tag-cigarros-limitados","9":"product_tag-cohiba-es","10":"product_tag-cohiba-50-aniversario-es","11":"product_tag-cohiba-majestuosos-es","12":"product_tag-habanos-es","13":"product_tag-majestuosos-es","14":"product_tag-puro-premium","15":"product_tag-puros","16":"product_tag-puros-antiguos","17":"product_tag-puros-cohiba","18":"product_tag-puros-cubanos","19":"product_tag-puros-habanos","20":"product_tag-puros-para-coleccionistas","21":"product_tag-puros-raros-es","23":"first","24":"instock","25":"shipping-taxable","26":"purchasable","27":"product-type-simple"},"aioseo_notices":[],"_links":{"self":[{"href":"https:\/\/smoke.ch\/es\/wp-json\/wp\/v2\/product\/14509","targetHints":{"allow":["GET"]}}],"collection":[{"href":"https:\/\/smoke.ch\/es\/wp-json\/wp\/v2\/product"}],"about":[{"href":"https:\/\/smoke.ch\/es\/wp-json\/wp\/v2\/types\/product"}],"replies":[{"embeddable":true,"href":"https:\/\/smoke.ch\/es\/wp-json\/wp\/v2\/comments?post=14509"}],"wp:featuredmedia":[{"embeddable":true,"href":"https:\/\/smoke.ch\/es\/wp-json\/wp\/v2\/media\/14515"}],"wp:attachment":[{"href":"https:\/\/smoke.ch\/es\/wp-json\/wp\/v2\/media?parent=14509"}],"wp:term":[{"taxonomy":"product_brand","embeddable":true,"href":"https:\/\/smoke.ch\/es\/wp-json\/wp\/v2\/product_brand?post=14509"},{"taxonomy":"product_cat","embeddable":true,"href":"https:\/\/smoke.ch\/es\/wp-json\/wp\/v2\/product_cat?post=14509"},{"taxonomy":"product_tag","embeddable":true,"href":"https:\/\/smoke.ch\/es\/wp-json\/wp\/v2\/product_tag?post=14509"}],"curies":[{"name":"wp","href":"https:\/\/api.w.org\/{rel}","templated":true}]}}