{"id":15020,"date":"2025-03-15T16:22:24","date_gmt":"2025-03-15T16:22:24","guid":{"rendered":"https:\/\/smoke.ch\/product\/cohiba-bhk-58-un-solo-puro-2\/"},"modified":"2026-02-24T16:57:13","modified_gmt":"2026-02-24T16:57:13","slug":"cohiba-bhk-58-un-solo-puro-2","status":"publish","type":"product","link":"https:\/\/smoke.ch\/es\/producto\/cohiba-bhk-58-un-solo-puro-2\/","title":{"rendered":"Cohiba BHK 58 \u2013 Un solo puro"},"content":{"rendered":"<p><strong>Cohiba Behike BHK 58 \u2013 El nuevo icono del mundo del puro cubano<\/strong><\/p>\n<p>Tras a\u00f1os de especulaciones <a href=\"https:\/\/www.habanos.com\/en\/\"><strong>Habanos S.A.<\/strong><\/a> ha presentado oficialmente el <strong>Cohiba Behike BHK 58<\/strong>, un impresionante <strong>formato parejo de 7 pulgadas (178 mm) x 58<\/strong> conocido como <strong>Laguito n\u00ba 7<\/strong>. Esta nueva vitola ampl\u00eda la legendaria l\u00ednea Behike y establece nuevos est\u00e1ndares en el mundo de los puros cubanos. <\/p>\n<h3><strong>Edici\u00f3n \u00fanica de aniversario por el 15 cumplea\u00f1os del Behike BHK<\/strong><\/h3>\n<p>El <strong>BHK 58<\/strong> se presenta para celebrar el <a href=\"https:\/\/smoke.ch\/es\/xxv-festival-del-habano\/\"><strong>15.\u00ba aniversario de la l\u00ednea Behike<\/strong><\/a> . Presentado originalmente en <strong>2010<\/strong> para celebrar el <strong>45.\u00ba aniversario de la marca Cohiba<\/strong> , el <a href=\"https:\/\/smoke.ch\/es\/producto\/cohiba-bhk-behike-56-2020-2022\/\"><strong>Behike BHK<\/strong><\/a> se ha considerado desde entonces el <strong>buque insignia de la <a href=\"https:\/\/smoke.ch\/es\/categoria-producto\/puros\/cohiba-es\/\">l\u00ednea de producci\u00f3n regular de Cohiba<\/a><\/strong> . <\/p>\n<p>La l\u00ednea Behike es especialmente conocida por su uso de <strong>hojas Media Tiempo<\/strong>, una rareza absoluta en el mundo de los puros cubanos. Estas hojas se encuentran en la parte m\u00e1s alta de la planta del tabaco y se dan en menos <strong>del 10% de las plantas<\/strong>. Debido a su posici\u00f3n, reciben una cantidad especialmente grande de luz solar, lo que les confiere una fuerza y una profundidad de sabor excepcionales.  <\/p>\n<h3><strong>La historia del BHK 58 \u2013 Una idea con retraso<\/strong><\/h3>\n<p>Curiosamente, no es la primera vez que Habanos S.A. persigue la idea de una <strong>BHK 58<\/strong>. Ya en <strong>2020<\/strong>, en el <strong>10\u00ba aniversario de la l\u00ednea Behike<\/strong>, se debati\u00f3 un plan similar. Se distribuyeron prototipos a los minoristas de puros durante un taller de marketing celebrado en La Habana en junio de 2019. Sin embargo, debido a la <strong>pandemia de COVID-19<\/strong> y a las interrupciones de producci\u00f3n asociadas en Cuba, el proyecto ha quedado aparcado por el momento.   <\/p>\n<p>Ahora que la producci\u00f3n se ha estabilizado, el <strong>BHK<\/strong> 58 celebra por fin su estreno, un momento significativo para los fans de Cohiba de todo el mundo.<\/p>\n<h3><strong>En exclusiva con nosotros: El BHK 58 en edici\u00f3n limitada<\/strong><\/h3>\n<p>Nos complace ofrecerte este fino puro en cantidades limitadas. Especialmente exclusivo: <\/p>\n<ul>\n<li>Puros individuales <strong>BHK 58<\/strong> \u2013 tambi\u00e9n disponibles en <strong>cantidades estrictamente limitadas<\/strong>.<\/li>\n<\/ul>\n<p>Aseg\u00farate un pedazo <a href=\"https:\/\/smoke.ch\/es\/producto\/cohiba-behike-15-aniversario-bhk-puros-sueltos\/\"><strong>de la historia del puro<\/strong><\/a> \u2013 \u00a1en exclusiva con nosotros!<\/p>\n","protected":false},"excerpt":{"rendered":"<p>Cohiba Behike BHK 58 \u2013 El nuevo icono del mundo del puro cubano Tras a\u00f1os de especulaciones Habanos S.A. ha presentado oficialmente el Cohiba Behike BHK 58, un impresionante formato parejo de 7 pulgadas (178 mm) x 58 conocido como Laguito n\u00ba 7. Esta nueva vitola ampl\u00eda la legendaria l\u00ednea Behike y establece nuevos est\u00e1ndares [&hellip;]<\/p>\n","protected":false},"featured_media":17109,"comment_status":"open","ping_status":"closed","template":"","meta":{"_et_pb_use_builder":"","_et_pb_old_content":"","_et_gb_content_width":""},"product_brand":[],"product_cat":[271,270],"product_tag":[929,1830,808,1662,1829,1076,1122],"class_list":{"0":"post-15020","1":"product","2":"type-product","3":"status-publish","4":"has-post-thumbnail","6":"product_cat-cohiba-es","7":"product_cat-puros","8":"product_tag-cigarros-limitados","9":"product_tag-cohiba-behike-bhk-58","10":"product_tag-cohiba-bhk-58-es","11":"product_tag-comprar-cohiba-bhk-58","12":"product_tag-precio-del-cohiba-bhk-58","13":"product_tag-puros-cubanos","14":"product_tag-puros-cubanos-exclusivos","16":"first","17":"instock","18":"shipping-taxable","19":"purchasable","20":"product-type-variable"},"aioseo_notices":[],"_links":{"self":[{"href":"https:\/\/smoke.ch\/es\/wp-json\/wp\/v2\/product\/15020","targetHints":{"allow":["GET"]}}],"collection":[{"href":"https:\/\/smoke.ch\/es\/wp-json\/wp\/v2\/product"}],"about":[{"href":"https:\/\/smoke.ch\/es\/wp-json\/wp\/v2\/types\/product"}],"replies":[{"embeddable":true,"href":"https:\/\/smoke.ch\/es\/wp-json\/wp\/v2\/comments?post=15020"}],"wp:featuredmedia":[{"embeddable":true,"href":"https:\/\/smoke.ch\/es\/wp-json\/wp\/v2\/media\/17109"}],"wp:attachment":[{"href":"https:\/\/smoke.ch\/es\/wp-json\/wp\/v2\/media?parent=15020"}],"wp:term":[{"taxonomy":"product_brand","embeddable":true,"href":"https:\/\/smoke.ch\/es\/wp-json\/wp\/v2\/product_brand?post=15020"},{"taxonomy":"product_cat","embeddable":true,"href":"https:\/\/smoke.ch\/es\/wp-json\/wp\/v2\/product_cat?post=15020"},{"taxonomy":"product_tag","embeddable":true,"href":"https:\/\/smoke.ch\/es\/wp-json\/wp\/v2\/product_tag?post=15020"}],"curies":[{"name":"wp","href":"https:\/\/api.w.org\/{rel}","templated":true}]}}