{"id":15025,"date":"2025-03-15T16:36:35","date_gmt":"2025-03-15T16:36:35","guid":{"rendered":"https:\/\/smoke.ch\/product\/cohiba-behike-15-aniversario-caja-de-regalo\/"},"modified":"2026-01-31T15:36:48","modified_gmt":"2026-01-31T15:36:48","slug":"cohiba-behike-15-aniversario-caja-de-regalo","status":"publish","type":"product","link":"https:\/\/smoke.ch\/es\/producto\/cohiba-behike-15-aniversario-caja-de-regalo\/","title":{"rendered":"Caja Cohiba Behike 15 Aniversario \u2013 BHK 52\/54\/56\/58"},"content":{"rendered":"<p>Celebre los 15 a\u00f1os de <a href=\"https:\/\/smoke.ch\/es\/producto\/cohiba-bhk-behike-56-2020-2022\/\"><strong>Cohiba Behike<\/strong><\/a> , el ep\u00edtome del arte del puro cubano, con esta exclusiva caja de regalo del 15.\u00ba aniversario de BHK.<br \/>\n Este set especial estrictamente limitado combina los formatos m\u00e1s buscados de la l\u00ednea Behike: <a href=\"https:\/\/smoke.ch\/es\/producto\/cohiba-behike-15-aniversario-bhk-puros-sueltos\/\"><strong>BHK 52<\/strong> , <strong>BHK 54<\/strong> , <strong>BHK 56<\/strong><\/a> y, por primera vez, el nuevo <a href=\"https:\/\/smoke.ch\/es\/producto\/cohiba-bhk-58-un-solo-puro-2\/\"><strong>BHK 58<\/strong><\/a> .<br \/>\n Cada uno est\u00e1 decorado con una cinta exclusiva del 15.\u00ba aniversario de BHK y una banda para el pie adicional.<\/p>\n<p>Despu\u00e9s de a\u00f1os de especulaciones, <a href=\"https:\/\/www.habanos.com\/en\/\"><strong>Habanos SA<\/strong><\/a> ha <a href=\"https:\/\/smoke.ch\/es\/xxv-festival-del-habano\/\"><strong>presentado oficialmente el Cohiba Behike BHK 58<\/strong><\/a> , un formato Parejo de 7 pulgadas (178 mm) x 58 conocido como Laguito No. 7.<br \/>\n Esta impresionante vitola ampl\u00eda la ic\u00f3nica l\u00ednea Behike y establece nuevos est\u00e1ndares en el mundo de los puros cubanos.<br \/>\n Presentada en una elegante caja de regalo de lujo hecha a mano, esta edici\u00f3n especial no solo es un homenaje a la legendaria serie Behike,<br \/>\n pero tambi\u00e9n una aut\u00e9ntica pieza de colecci\u00f3n para los aficionados que quieran celebrar la cumbre <a href=\"https:\/\/smoke.ch\/es\/categoria-producto\/puros\/\"><strong>del arte del puro cubano<\/strong><\/a> .<\/p>\n<p>Esta edici\u00f3n exclusiva se present\u00f3 en el  <a href=\"https:\/\/www.habanos.com\/en\/\"><strong>XXV. Festival del Habano 2025 <\/strong><\/a>  Presentado oficialmente y disponible \u00fanicamente en cantidades limitadas.<br \/>\n A partir de ahora todas las banderolas est\u00e1n equipadas con <a href=\"https:\/\/www.google.com\/search?q=nfc+technologie+Habanos+&amp;sca_esv=4770e45ba07b1168&amp;biw=1599&amp;bih=891&amp;ei=nFp_aNuwCvWai-gPofXh0QI&amp;ved=0ahUKEwjb7uWilNCOAxV1zQIHHaF6OCo4ChDh1QMIEA&amp;uact=5&amp;oq=nfc+technologie+Habanos+&amp;gs_lp=Egxnd3Mtd2l6LXNlcnAiGG5mYyB0ZWNobm9sb2dpZSBIYWJhbm9zIDIFECEYoAEyBRAhGKABMgUQIRigAUiPMVDSC1jSC3ABeAGQAQCYAXCgAXCqAQMwLjG4AQPIAQD4AQGYAgKgAnnCAgoQABiwAxjWBBhHmAMAiAYBkAYDkgcDMS4xoAepBLIHAzAuMbgHdcIHAzAuMsgHBQ&amp;sclient=gws-wiz-serp\"><strong>tecnolog\u00eda NFC<\/strong><\/a> .<br \/>\n Adquiera este excepcional conjunto y disfrute de la perfecci\u00f3n de los puros cubanos en su m\u00e1xima expresi\u00f3n.<br \/>\n Estos exquisitos puros tambi\u00e9n est\u00e1n <a href=\"https:\/\/smoke.ch\/es\/producto\/cohiba-behike-15-aniversario-bhk-puros-sueltos\/\"><strong>disponibles individualmente en nuestra tienda.<\/strong><\/a><\/p>\n","protected":false},"excerpt":{"rendered":"<p>Celebre los 15 a\u00f1os de Cohiba Behike , el ep\u00edtome del arte del puro cubano, con esta exclusiva caja de regalo del 15.\u00ba aniversario de BHK. Este set especial estrictamente limitado combina los formatos m\u00e1s buscados de la l\u00ednea Behike: BHK 52 , BHK 54 , BHK 56 y, por primera vez, el nuevo BHK [&hellip;]<\/p>\n","protected":false},"featured_media":14900,"comment_status":"open","ping_status":"closed","template":"","meta":{"_et_pb_use_builder":"","_et_pb_old_content":"","_et_gb_content_width":""},"product_brand":[],"product_cat":[271,284,278,270],"product_tag":[1670,872,877,873,808,1824,1823,1122],"class_list":{"0":"post-15025","1":"product","2":"type-product","3":"status-publish","4":"has-post-thumbnail","6":"product_cat-cohiba-es","7":"product_cat-cohiba-es-2","8":"product_cat-humidificadores","9":"product_cat-puros","10":"product_tag-15o-aniversario-del-cohiba-behike","11":"product_tag-cohiba-bhk-52-es","12":"product_tag-cohiba-bhk-54-es","13":"product_tag-cohiba-bhk-56-es","14":"product_tag-cohiba-bhk-58-es","15":"product_tag-comprar-cohiba-behike-15-aniversario","16":"product_tag-precio-cohiba-behike-15-aniversario","17":"product_tag-puros-cubanos-exclusivos","19":"first","20":"instock","21":"shipping-taxable","22":"purchasable","23":"product-type-simple"},"aioseo_notices":[],"_links":{"self":[{"href":"https:\/\/smoke.ch\/es\/wp-json\/wp\/v2\/product\/15025","targetHints":{"allow":["GET"]}}],"collection":[{"href":"https:\/\/smoke.ch\/es\/wp-json\/wp\/v2\/product"}],"about":[{"href":"https:\/\/smoke.ch\/es\/wp-json\/wp\/v2\/types\/product"}],"replies":[{"embeddable":true,"href":"https:\/\/smoke.ch\/es\/wp-json\/wp\/v2\/comments?post=15025"}],"wp:featuredmedia":[{"embeddable":true,"href":"https:\/\/smoke.ch\/es\/wp-json\/wp\/v2\/media\/14900"}],"wp:attachment":[{"href":"https:\/\/smoke.ch\/es\/wp-json\/wp\/v2\/media?parent=15025"}],"wp:term":[{"taxonomy":"product_brand","embeddable":true,"href":"https:\/\/smoke.ch\/es\/wp-json\/wp\/v2\/product_brand?post=15025"},{"taxonomy":"product_cat","embeddable":true,"href":"https:\/\/smoke.ch\/es\/wp-json\/wp\/v2\/product_cat?post=15025"},{"taxonomy":"product_tag","embeddable":true,"href":"https:\/\/smoke.ch\/es\/wp-json\/wp\/v2\/product_tag?post=15025"}],"curies":[{"name":"wp","href":"https:\/\/api.w.org\/{rel}","templated":true}]}}