{"id":16141,"date":"2025-08-20T15:18:09","date_gmt":"2025-08-20T15:18:09","guid":{"rendered":"https:\/\/smoke.ch\/product\/cohiba-esplendidos-gran-reserva-cosecha-2017\/"},"modified":"2025-10-01T14:18:11","modified_gmt":"2025-10-01T14:18:11","slug":"cohiba-esplendidos-gran-reserva-cosecha-2017","status":"publish","type":"product","link":"https:\/\/smoke.ch\/es\/producto\/cohiba-esplendidos-gran-reserva-cosecha-2017\/","title":{"rendered":"Cohiba Espl\u00e9ndidos Gran Reserva \u2013 Cosecha 2017"},"content":{"rendered":"<p>Con el <a href=\"https:\/\/smoke.ch\/es\/categoria-producto\/puros\/cohiba-es\/\"><strong>Cohiba Espl\u00e9ndidos Gran Reserva Cosecha 2017,<\/strong><\/a> <a href=\"https:\/\/www.habanos.com\/en\/\"><strong>Habanos SA<\/strong><\/a> present\u00f3 uno de los puros m\u00e1s finos y exclusivos del mundo. Este Gran Reserva no solo simboliza el prestigio de la marca Cohiba, sino tambi\u00e9n una expresi\u00f3n de la m\u00e1s alta artesan\u00eda tabacalera cubana.<\/p>\n<p><strong>Producci\u00f3n y origen<\/strong><\/p>\n<p>Los tabacos provienen exclusivamente de la reconocida <strong>regi\u00f3n de Vuelta Abajo<\/strong> en Pinar del R\u00edo, la zona productora m\u00e1s importante de Cuba. Para esta edici\u00f3n especial se utilizaron \u00fanicamente las mejores hojas de la <strong>cosecha 2017 (Cosecha 2017)<\/strong> , que posteriormente <strong>se a\u00f1ejaron cuidadosamente durante al menos cinco a\u00f1os<\/strong> .<br \/>\nS\u00f3lo entonces fueron trasladados a los ic\u00f3nicos Espl\u00e9ndidos en la legendaria <strong>f\u00e1brica de El Laguito<\/strong> .<\/p>\n<p><strong>Formato y disfrute<\/strong><\/p>\n<p>La <strong>Espl\u00e9ndidos<\/strong> se considera una de las vitolas m\u00e1s prestigiosas de la marca Cohiba. Con una longitud de <strong>178 mm<\/strong> y un <strong>cepo de 47,<\/strong> es un cl\u00e1sico entre las tripas largas cubanas.<br \/>\nAl fumarse, ofrece un <strong>complejo perfil arom\u00e1tico<\/strong> con notas de madera de cedro, cacao, caf\u00e9, cuero y delicadas especias. Su excepcional a\u00f1ejamiento le otorga una incre\u00edble suavidad y profundidad, reservada solo para los mejores habanos.<\/p>\n<p><strong>Edici\u00f3n limitada<\/strong><\/p>\n<p>El <a href=\"https:\/\/smoke.ch\/es\/categoria-producto\/humidificadores\/\"><strong>Cohiba Espl\u00e9ndidos Gran Reserva 2017<\/strong><\/a> se lanz\u00f3 mundialmente en una edici\u00f3n estrictamente limitada de tan solo <strong>5000 cajas numeradas de 15 puros cada una<\/strong> . Cada caja es una obra maestra artesanal y ostenta el sello dorado de Gran Reserva.<\/p>\n<p><strong>Una pieza de colecci\u00f3n para aficionados.<\/strong><\/p>\n<p>Cualquiera que tenga el privilegio de comprar o probar este puro tendr\u00e1 en sus manos una <a href=\"https:\/\/smoke.ch\/es\/categoria-producto\/humidificadores\/cohiba-es-2\/\"><strong>pieza de colecci\u00f3n verdaderamente excepcional<\/strong><\/a> . El Cohiba Espl\u00e9ndidos Gran Reserva 2017 encarna la esencia de la cultura del puro cubano y es una inversi\u00f3n en puro lujo.<br \/>\nEl Cohiba Esplendidos Gran Reserva \u2013 Cosecha 2017 es un cigarro perfecto para ocasiones especiales, idealmente combinado con un ron maduro o un whisky de malta fuerte, y pertenece a toda colecci\u00f3n de cigarros bien surtida.<\/p>\n<ul>\n<li><strong>Estos puros exclusivos son un elemento indispensable para cualquier <a href=\"https:\/\/smoke.ch\/es\/categoria-producto\/humidificadores\/\">humidor<\/a> y un enriquecimiento para la colecci\u00f3n de cualquier coleccionista.<\/strong><\/li>\n<\/ul>\n","protected":false},"excerpt":{"rendered":"<p>Con el Cohiba Espl\u00e9ndidos Gran Reserva Cosecha 2017, Habanos SA present\u00f3 uno de los puros m\u00e1s finos y exclusivos del mundo. Este Gran Reserva no solo simboliza el prestigio de la marca Cohiba, sino tambi\u00e9n una expresi\u00f3n de la m\u00e1s alta artesan\u00eda tabacalera cubana. Producci\u00f3n y origen Los tabacos provienen exclusivamente de la reconocida regi\u00f3n [&hellip;]<\/p>\n","protected":false},"featured_media":16134,"comment_status":"closed","ping_status":"closed","template":"","meta":{"_et_pb_use_builder":"","_et_pb_old_content":"","_et_gb_content_width":""},"product_brand":[],"product_cat":[271,284,278,270],"product_tag":[1539,1482,1529,1528,1540,1541],"class_list":{"0":"post-16141","1":"product","2":"type-product","3":"status-publish","4":"has-post-thumbnail","6":"product_cat-cohiba-es","7":"product_cat-cohiba-es-2","8":"product_cat-humidificadores","9":"product_cat-puros","10":"product_tag-cigarros-cohiba-de-edicion-limitada","11":"product_tag-cohiba-esplendidos-gran-reserva-es","12":"product_tag-cohiba-gran-reserva-cosecha-2017-es","13":"product_tag-comprar-cohiba-esplendidos","14":"product_tag-precio-del-cohiba-esplendidos","15":"product_tag-puros-cubanos-de-lujo","17":"first","18":"instock","19":"shipping-taxable","20":"purchasable","21":"product-type-variable"},"aioseo_notices":[],"_links":{"self":[{"href":"https:\/\/smoke.ch\/es\/wp-json\/wp\/v2\/product\/16141","targetHints":{"allow":["GET"]}}],"collection":[{"href":"https:\/\/smoke.ch\/es\/wp-json\/wp\/v2\/product"}],"about":[{"href":"https:\/\/smoke.ch\/es\/wp-json\/wp\/v2\/types\/product"}],"replies":[{"embeddable":true,"href":"https:\/\/smoke.ch\/es\/wp-json\/wp\/v2\/comments?post=16141"}],"wp:featuredmedia":[{"embeddable":true,"href":"https:\/\/smoke.ch\/es\/wp-json\/wp\/v2\/media\/16134"}],"wp:attachment":[{"href":"https:\/\/smoke.ch\/es\/wp-json\/wp\/v2\/media?parent=16141"}],"wp:term":[{"taxonomy":"product_brand","embeddable":true,"href":"https:\/\/smoke.ch\/es\/wp-json\/wp\/v2\/product_brand?post=16141"},{"taxonomy":"product_cat","embeddable":true,"href":"https:\/\/smoke.ch\/es\/wp-json\/wp\/v2\/product_cat?post=16141"},{"taxonomy":"product_tag","embeddable":true,"href":"https:\/\/smoke.ch\/es\/wp-json\/wp\/v2\/product_tag?post=16141"}],"curies":[{"name":"wp","href":"https:\/\/api.w.org\/{rel}","templated":true}]}}