{"id":16206,"date":"2025-08-22T11:52:47","date_gmt":"2025-08-22T11:52:47","guid":{"rendered":"https:\/\/smoke.ch\/product\/montecristo-80-aniversario-edicion-limitada-2016\/"},"modified":"2026-01-31T15:29:59","modified_gmt":"2026-01-31T15:29:59","slug":"montecristo-80-aniversario-edicion-limitada-2016","status":"publish","type":"product","link":"https:\/\/smoke.ch\/es\/producto\/montecristo-80-aniversario-edicion-limitada-2016\/","title":{"rendered":"Montecristo 80 Aniversario Edici\u00f3n Limitada 2016 \u2013 Single Cigar"},"content":{"rendered":"<p>La <strong>Edici\u00f3n Limitada Montecristo 80.\u00ba Aniversario 2016<\/strong> se cre\u00f3 para celebrar el 80.\u00ba aniversario de la marca Montecristo y es uno de los <strong>puros cubanos<\/strong> m\u00e1s codiciados de la historia. Esta edici\u00f3n especial estrictamente limitada es una verdadera joya para aficionados y coleccionistas que buscan un puro <a href=\"https:\/\/smoke.ch\/es\/categoria-producto\/puros\/montecristo-es\/\"><strong>Montecristo<\/strong><\/a> excepcional. <\/p>\n<p><strong>Edici\u00f3n limitada de aniversario de Cuba<\/strong><\/p>\n<p>Para la <strong>Edici\u00f3n Limitada 2016,<\/strong> <strong><a href=\"https:\/\/www.habanos.com\/en\/\">Habanos SA<\/a><\/strong> utiliz\u00f3 exclusivamente tabacos de la famosa regi\u00f3n de <strong>Vuelta Abajo<\/strong> en Pinar del R\u00edo, todos recolectados a mano y <strong>a\u00f1ejados durante al menos dos a\u00f1os<\/strong> antes de ser procesados \u200b\u200bpor los mejores torcedores utilizando m\u00e9todos tradicionales.<\/p>\n<p>El formato exclusivo ( <strong>16,5 cm de largo x cepo 55<\/strong> ) se cre\u00f3 espec\u00edficamente para esta edici\u00f3n de aniversario. Cada puro luce la elegante <strong>anilla del 80.\u00ba Aniversario<\/strong> junto con el cl\u00e1sico anillo Montecristo y se entrega en una <strong>caja lacada numerada de 20 puros<\/strong> . <\/p>\n<p><strong>Aroma y sabor<\/strong><\/p>\n<p>El <strong>Montecristo 80 Aniversario Vintage 2016<\/strong> impresiona con un <strong>perfil de sabor complejo y con cuerpo<\/strong> :<\/p>\n<ul>\n<li>Notas de <strong>chocolate negro<\/strong> , <strong>caf\u00e9<\/strong> y <strong>madera tostada.<\/strong><\/li>\n<li>una <strong>dulzura elegante y fina<\/strong><\/li>\n<li>Aumentar la intensidad a medida que se fuma sin perder el equilibrio.<\/li>\n<\/ul>\n<p>Representa el arte del tabaco cubano al m\u00e1s alto nivel.<\/p>\n<p><strong>Pieza de colecci\u00f3n con valor creciente.<\/strong><\/p>\n<p>Dado que solo se produjo una edici\u00f3n limitada del <strong>Montecristo 80 Aniversario Edici\u00f3n Limitada 2016<\/strong> , es extremadamente raro hoy en d\u00eda. Se considera una <a href=\"https:\/\/smoke.ch\/es\/categoria-producto\/puros\/\"><strong>rareza vintage<\/strong><\/a> y ofrece no solo disfrute, sino tambi\u00e9n <strong>un gran potencial de revalorizaci\u00f3n<\/strong> para coleccionistas e inversores. <\/p>\n<p>Si quiere tener uno de los pocos <a href=\"https:\/\/smoke.ch\/es\/categoria-producto\/humidificadores\/\"><strong>puros Montecristo 80 Aniversario 2016<\/strong><\/a> que quedan, mejor que se d\u00e9 prisa. Esta excepcional <strong>Edici\u00f3n Limitada<\/strong> solo est\u00e1 disponible en cantidades muy limitadas en todo el mundo y es uno de los <strong>puros Montecristo<\/strong> m\u00e1s codiciados de la historia. <\/p>\n","protected":false},"excerpt":{"rendered":"<p>La Edici\u00f3n Limitada Montecristo 80.\u00ba Aniversario 2016 se cre\u00f3 para celebrar el 80.\u00ba aniversario de la marca Montecristo y es uno de los puros cubanos m\u00e1s codiciados de la historia. Esta edici\u00f3n especial estrictamente limitada es una verdadera joya para aficionados y coleccionistas que buscan un puro Montecristo excepcional. Edici\u00f3n limitada de aniversario de Cuba [&hellip;]<\/p>\n","protected":false},"featured_media":16190,"comment_status":"closed","ping_status":"closed","template":"","meta":{"_et_pb_use_builder":"","_et_pb_old_content":"","_et_gb_content_width":""},"product_brand":[],"product_cat":[277,270],"product_tag":[1487,1645,1647,1637,1646],"class_list":{"0":"post-16206","1":"product","2":"type-product","3":"status-publish","4":"has-post-thumbnail","6":"product_cat-montecristo-es","7":"product_cat-puros","8":"product_tag-80o-aniversario-de-montecristo","9":"product_tag-comprar-montecristo-80-aniversario","10":"product_tag-edicion-limitada-de-montecristo","11":"product_tag-montecristo-80-aniversario-edicion-limitada-2016-es","12":"product_tag-precio-montecristo-80-aniversario","14":"first","15":"instock","16":"shipping-taxable","17":"purchasable","18":"product-type-simple"},"aioseo_notices":[],"_links":{"self":[{"href":"https:\/\/smoke.ch\/es\/wp-json\/wp\/v2\/product\/16206","targetHints":{"allow":["GET"]}}],"collection":[{"href":"https:\/\/smoke.ch\/es\/wp-json\/wp\/v2\/product"}],"about":[{"href":"https:\/\/smoke.ch\/es\/wp-json\/wp\/v2\/types\/product"}],"replies":[{"embeddable":true,"href":"https:\/\/smoke.ch\/es\/wp-json\/wp\/v2\/comments?post=16206"}],"wp:featuredmedia":[{"embeddable":true,"href":"https:\/\/smoke.ch\/es\/wp-json\/wp\/v2\/media\/16190"}],"wp:attachment":[{"href":"https:\/\/smoke.ch\/es\/wp-json\/wp\/v2\/media?parent=16206"}],"wp:term":[{"taxonomy":"product_brand","embeddable":true,"href":"https:\/\/smoke.ch\/es\/wp-json\/wp\/v2\/product_brand?post=16206"},{"taxonomy":"product_cat","embeddable":true,"href":"https:\/\/smoke.ch\/es\/wp-json\/wp\/v2\/product_cat?post=16206"},{"taxonomy":"product_tag","embeddable":true,"href":"https:\/\/smoke.ch\/es\/wp-json\/wp\/v2\/product_tag?post=16206"}],"curies":[{"name":"wp","href":"https:\/\/api.w.org\/{rel}","templated":true}]}}