{"id":16226,"date":"2025-08-22T12:18:35","date_gmt":"2025-08-22T12:18:35","guid":{"rendered":"https:\/\/smoke.ch\/product\/trinidad-edicion-limitada-cabildos-2024\/"},"modified":"2026-01-31T15:45:24","modified_gmt":"2026-01-31T15:45:24","slug":"trinidad-edicion-limitada-cabildos-2024","status":"publish","type":"product","link":"https:\/\/smoke.ch\/es\/producto\/trinidad-edicion-limitada-cabildos-2024\/","title":{"rendered":"Trinidad Edici\u00f3n Limitada Cabildos 2024 \u2013 Single Cigar"},"content":{"rendered":"<p>El <a href=\"https:\/\/smoke.ch\/es\/categoria-producto\/puros\/trinidad-es\/\"><strong>Trinidad Cabildos Edici\u00f3n Limitada 2024<\/strong><\/a> es la \u00faltima Edici\u00f3n Limitada de <strong><a href=\"https:\/\/www.habanos.com\/en\/\">Habanos SA<\/a><\/strong> , presentada para celebrar <strong>el 55.\u00ba aniversario de la marca<\/strong> Trinidad. Este puro combina la tradici\u00f3n cubana, una producci\u00f3n estrictamente limitada y un perfil de sabor incomparable: una aut\u00e9ntica <a href=\"https:\/\/smoke.ch\/es\/categoria-producto\/puros\/\"><strong>pieza de colecci\u00f3n para los amantes de los puros<\/strong> .<\/a> <\/p>\n<p><strong>Origen y producci\u00f3n<\/strong><\/p>\n<p>El <strong>Trinidad Cabildos<\/strong> est\u00e1 elaborado \u00edntegramente a mano con los mejores tabacos de la regi\u00f3n de <strong>Vuelta Abajo<\/strong> , Cuba. Todos los tabacos utilizados fueron <strong>a\u00f1ejados durante al menos dos a\u00f1os<\/strong> antes de ser procesados \u200b\u200bpor torcedores experimentados. Esto convierte a este puro no solo en una rareza, sino tambi\u00e9n en una experiencia de sabor excepcional.  <\/p>\n<p><strong>Formato \u2013 \u00abIlustres\u00bb de Trinidad Cabildo<\/strong><\/p>\n<ul>\n<li>Longitud: <strong>162 mm (6 3\/8&#8243;)<\/strong><\/li>\n<li>Talla del anillo: <strong>46<\/strong><\/li>\n<li>Vitola de Galera: <strong>Ilustres<\/strong><\/li>\n<\/ul>\n<p>Este elegante formato garantiza un placer de fumar prolongado y subraya el car\u00e1cter noble de la edici\u00f3n limitada.<\/p>\n<p>El Trinidad Cabildos 2024 se lanzar\u00e1 en una edici\u00f3n limitada de solo <strong>10.000 ejemplares numerados<\/strong> . Hay dos versiones: <\/p>\n<ul>\n<li>Caja de <strong>5 puros<\/strong> (Premier Pack)<\/li>\n<li>Caja con <strong>12 puros<\/strong><\/li>\n<\/ul>\n<p>Este cigarro es ya una de las <strong>ediciones limitadas cubanas m\u00e1s solicitadas<\/strong> .<\/p>\n<p><strong>Perfil arom\u00e1tico: placer de fumar multidimensional<\/strong><\/p>\n<p><strong>Trinidad Cabildos Edici\u00f3n Limitada 2024<\/strong> ofrece un juego de aromas complejo y equilibrado:<\/p>\n<ul>\n<li><strong>Primera impresi\u00f3n<\/strong> : brioche, regaliz, pimienta negra.<\/li>\n<li><strong>Segunda mitad<\/strong> : chocolate negro, caf\u00e9 tostado, canela.<\/li>\n<li><strong>Final<\/strong> : cremoso, con vainilla, notas especiadas y un final largo y elegante.<\/li>\n<\/ul>\n<p>Una experiencia de fumar intensa pero suave que refleja perfectamente el car\u00e1cter de la marca Trinidad.<\/p>\n<p>La <strong>Edici\u00f3n Limitada Trinidad Cabildos 2024<\/strong> s\u00f3lo est\u00e1 disponible en <strong>Casas del Habano<\/strong> seleccionadas y <strong>Especialistas en Habanos<\/strong> autorizados.<\/p>\n<ul>\n<li>Precio: aprox.  <strong>108 CHF por cigarro<\/strong><\/li>\n<li>Caja con 12 puros: aprox.  <strong>1296 francos suizos<\/strong><\/li>\n<\/ul>\n<p><strong>Conclusi\u00f3n: una inversi\u00f3n en disfrute y valor de colecci\u00f3n<\/strong><\/p>\n<p>El <strong>Trinidad Cabildos Edici\u00f3n Limitada 2024<\/strong> no solo es un lujoso puro premium, sino tambi\u00e9n una <a href=\"https:\/\/smoke.ch\/es\/categoria-producto\/humidificadores\/\"><strong>valiosa inversi\u00f3n para coleccionistas<\/strong> .<\/a> Gracias a su edici\u00f3n limitada, su excepcional artesan\u00eda y la ocasi\u00f3n especial, ser\u00e1 sin duda uno de los Habanos m\u00e1s codiciados de los pr\u00f3ximos a\u00f1os.<\/p>\n<p>&nbsp;<\/p>\n","protected":false},"excerpt":{"rendered":"<p>El Trinidad Cabildos Edici\u00f3n Limitada 2024 es la \u00faltima Edici\u00f3n Limitada de Habanos SA , presentada para celebrar el 55.\u00ba aniversario de la marca Trinidad. Este puro combina la tradici\u00f3n cubana, una producci\u00f3n estrictamente limitada y un perfil de sabor incomparable: una aut\u00e9ntica pieza de colecci\u00f3n para los amantes de los puros . Origen y [&hellip;]<\/p>\n","protected":false},"featured_media":16265,"comment_status":"closed","ping_status":"closed","template":"","meta":{"_et_pb_use_builder":"","_et_pb_old_content":"","_et_gb_content_width":""},"product_brand":[],"product_cat":[270,292],"product_tag":[1492,1623,1624,1554,297,1617],"class_list":{"0":"post-16226","1":"product","2":"type-product","3":"status-publish","4":"has-post-thumbnail","6":"product_cat-puros","7":"product_cat-trinidad-es","8":"product_tag-cabildos-de-trinidad","9":"product_tag-comprar-cabildos-de-trinidad","10":"product_tag-premio-suiza-de-los-cabildos-de-trinidad","11":"product_tag-puros-cubanos-suiza","12":"product_tag-trinidad-es","13":"product_tag-trinidad-cabildos-edicion-limitada-2024","15":"first","16":"instock","17":"shipping-taxable","18":"purchasable","19":"product-type-simple"},"aioseo_notices":[],"_links":{"self":[{"href":"https:\/\/smoke.ch\/es\/wp-json\/wp\/v2\/product\/16226","targetHints":{"allow":["GET"]}}],"collection":[{"href":"https:\/\/smoke.ch\/es\/wp-json\/wp\/v2\/product"}],"about":[{"href":"https:\/\/smoke.ch\/es\/wp-json\/wp\/v2\/types\/product"}],"replies":[{"embeddable":true,"href":"https:\/\/smoke.ch\/es\/wp-json\/wp\/v2\/comments?post=16226"}],"wp:featuredmedia":[{"embeddable":true,"href":"https:\/\/smoke.ch\/es\/wp-json\/wp\/v2\/media\/16265"}],"wp:attachment":[{"href":"https:\/\/smoke.ch\/es\/wp-json\/wp\/v2\/media?parent=16226"}],"wp:term":[{"taxonomy":"product_brand","embeddable":true,"href":"https:\/\/smoke.ch\/es\/wp-json\/wp\/v2\/product_brand?post=16226"},{"taxonomy":"product_cat","embeddable":true,"href":"https:\/\/smoke.ch\/es\/wp-json\/wp\/v2\/product_cat?post=16226"},{"taxonomy":"product_tag","embeddable":true,"href":"https:\/\/smoke.ch\/es\/wp-json\/wp\/v2\/product_tag?post=16226"}],"curies":[{"name":"wp","href":"https:\/\/api.w.org\/{rel}","templated":true}]}}