{"id":16231,"date":"2025-08-22T12:41:04","date_gmt":"2025-08-22T12:41:04","guid":{"rendered":"https:\/\/smoke.ch\/product\/trinidad-robustos-extra-55-aniversario\/"},"modified":"2026-01-31T15:42:04","modified_gmt":"2026-01-31T15:42:04","slug":"trinidad-robustos-extra-55-aniversario","status":"publish","type":"product","link":"https:\/\/smoke.ch\/es\/producto\/trinidad-robustos-extra-55-aniversario\/","title":{"rendered":"Trinidad Robustos Extra \u2013 55 Aniversario \u2013 Cigarro individual"},"content":{"rendered":"<p>Con <a href=\"https:\/\/smoke.ch\/es\/categoria-producto\/puros\/trinidad-es\/\"><strong>Trinidad Robustos Extra 55 Aniversario,<\/strong><\/a> <a href=\"https:\/\/www.habanos.com\/en\/\"><strong>Habanos SA<\/strong><\/a> celebra el 55 aniversario de una de las marcas de puros m\u00e1s exclusivas de Cuba. Esta edici\u00f3n limitada es una de las vitolas m\u00e1s raras de Trinidad y fue creada especialmente para coleccionistas y aficionados.<\/p>\n<p>El <strong>Robustos Extra<\/strong> impresiona con su elegante formato de <strong>155 mm de largo<\/strong> y <strong>cepo 50.<\/strong> Se elabora exclusivamente con tabacos seleccionados a mano de <strong>Vuelta Abajo<\/strong> , la mejor regi\u00f3n tabacalera de Cuba. Cada calada revela el equilibrio magistral por el que Trinidad es reconocida mundialmente.  <\/p>\n<p>La edici\u00f3n aniversario se presenta con un <strong>sabor complejo y con cuerpo<\/strong> :<\/p>\n<ul>\n<li>Inicio cremoso con notas finas de madera y caramelo.<\/li>\n<li>Secci\u00f3n media intensa con cacao, espresso y pimienta blanca.<\/li>\n<li>Final duradero con matices de miel, vainilla y elegantes especias.<\/li>\n<\/ul>\n<p><a href=\"https:\/\/smoke.ch\/es\/categoria-producto\/humidificadores\/\"><strong>Disponibilidad limitada<\/strong><\/a><\/p>\n<p>El <strong>Trinidad 55 Aniversario<\/strong> se presenta en una lujosa caja numerada y s\u00f3lo est\u00e1 disponible en cantidades limitadas en todo el mundo, principalmente a trav\u00e9s de <strong>Casa del Habano<\/strong> y <strong>especialistas en Habanos<\/strong> seleccionados.<\/p>\n<p>Cualquiera que quiera <strong>comprar el Trinidad Robustos Extra<\/strong> est\u00e1 adquiriendo un cigarro excepcional.<\/p>\n","protected":false},"excerpt":{"rendered":"<p>Con Trinidad Robustos Extra 55 Aniversario, Habanos SA celebra el 55 aniversario de una de las marcas de puros m\u00e1s exclusivas de Cuba. Esta edici\u00f3n limitada es una de las vitolas m\u00e1s raras de Trinidad y fue creada especialmente para coleccionistas y aficionados. El Robustos Extra impresiona con su elegante formato de 155 mm de [&hellip;]<\/p>\n","protected":false},"featured_media":16244,"comment_status":"closed","ping_status":"closed","template":"","meta":{"_et_pb_use_builder":"","_et_pb_old_content":"","_et_gb_content_width":""},"product_brand":[],"product_cat":[270,292],"product_tag":[1603,1584,1713,1594,1612,1583],"class_list":{"0":"post-16231","1":"product","2":"type-product","3":"status-publish","4":"has-post-thumbnail","6":"product_cat-puros","7":"product_cat-trinidad-es","8":"product_tag-cigarro-aniversario-trindad","9":"product_tag-comprar-trinidad-robustos-extra","10":"product_tag-precio-extra-de-trinidad-robustos","11":"product_tag-puros-cubanos-trinidad","12":"product_tag-trinidad-55-aniversario-edicion-limitada-es","13":"product_tag-trinidad-robustos-extra-55-aniversario-es","15":"first","16":"instock","17":"shipping-taxable","18":"purchasable","19":"product-type-simple"},"aioseo_notices":[],"_links":{"self":[{"href":"https:\/\/smoke.ch\/es\/wp-json\/wp\/v2\/product\/16231","targetHints":{"allow":["GET"]}}],"collection":[{"href":"https:\/\/smoke.ch\/es\/wp-json\/wp\/v2\/product"}],"about":[{"href":"https:\/\/smoke.ch\/es\/wp-json\/wp\/v2\/types\/product"}],"replies":[{"embeddable":true,"href":"https:\/\/smoke.ch\/es\/wp-json\/wp\/v2\/comments?post=16231"}],"wp:featuredmedia":[{"embeddable":true,"href":"https:\/\/smoke.ch\/es\/wp-json\/wp\/v2\/media\/16244"}],"wp:attachment":[{"href":"https:\/\/smoke.ch\/es\/wp-json\/wp\/v2\/media?parent=16231"}],"wp:term":[{"taxonomy":"product_brand","embeddable":true,"href":"https:\/\/smoke.ch\/es\/wp-json\/wp\/v2\/product_brand?post=16231"},{"taxonomy":"product_cat","embeddable":true,"href":"https:\/\/smoke.ch\/es\/wp-json\/wp\/v2\/product_cat?post=16231"},{"taxonomy":"product_tag","embeddable":true,"href":"https:\/\/smoke.ch\/es\/wp-json\/wp\/v2\/product_tag?post=16231"}],"curies":[{"name":"wp","href":"https:\/\/api.w.org\/{rel}","templated":true}]}}