{"id":16287,"date":"2025-08-23T13:25:09","date_gmt":"2025-08-23T13:25:09","guid":{"rendered":"https:\/\/smoke.ch\/product\/h-upmann-magnum-edicion-finita-limitada-2024\/"},"modified":"2025-08-24T09:53:33","modified_gmt":"2025-08-24T09:53:33","slug":"h-upmann-magnum-edicion-finita-limitada-2024","status":"publish","type":"product","link":"https:\/\/smoke.ch\/es\/producto\/h-upmann-magnum-edicion-finita-limitada-2024\/","title":{"rendered":"H. Upmann Magnum Edici\u00f3n Finita Limitada 2024"},"content":{"rendered":"<p>El <a href=\"\/?product_cat=h_upmann\"><strong>H. Upmann Magnum Finite Edici\u00f3n Limitada 2024<\/strong><\/a> es uno de los nuevos lanzamientos m\u00e1s codiciados del portafolio <a href=\"https:\/\/www.habanos.com\/en\/\"><strong>de Habanos SA<\/strong><\/a> . Este <strong>puro estrictamente limitado<\/strong> combina la larga tradici\u00f3n de la marca H. Upmann con la m\u00e1s alta artesan\u00eda cubana: un art\u00edculo imprescindible para coleccionistas y aficionados. <\/p>\n<p><strong>Origen y producci\u00f3n<\/strong><\/p>\n<p>El Magnum Finite se lanz\u00f3 en Madrid en septiembre de 2024 y es uno de los <a href=\"https:\/\/smoke.ch\/es\/categoria-producto\/puros\/\"><strong>puros cubanos<\/strong><\/a> m\u00e1s exclusivos del a\u00f1o. Est\u00e1 elaborado \u00edntegramente a mano con tabacos de la <strong>regi\u00f3n de Vuelta Abajo, en Pinar del R\u00edo (Cuba)<\/strong> . <\/p>\n<ul>\n<li><strong>Vitola:<\/strong> Singulares (cepo 130 mm x 53)<\/li>\n<li><strong>Maduraci\u00f3n:<\/strong> Tabacos a\u00f1ejados al menos dos a\u00f1os (capa, capote, tripa)<\/li>\n<li><strong>Tama\u00f1o de la caja:<\/strong> 25 puros por caja<\/li>\n<\/ul>\n<p><strong>Aroma y placer de fumar<\/strong><\/p>\n<p>La <strong>H. Upmann Magnum Finite Edici\u00f3n Limitada 2024<\/strong> impresiona con un humo cremoso y suave, y los aromas t\u00edpicamente elegantes de H. Upmann. Sutiles <strong>notas de madera, tierra, tabaco tostado y un ligero dulzor<\/strong> la convierten en una edici\u00f3n limitada perfectamente equilibrada, con una intensidad de suave a media. <\/p>\n<p><strong>Limitaci\u00f3n y disponibilidad<\/strong><\/p>\n<p>Como parte de la <strong>Edici\u00f3n Limitada 2024,<\/strong> la Magnum Finite se producir\u00e1 en cantidades limitadas y se distribuir\u00e1 a nivel mundial. Es el \u00faltimo modelo de las Ediciones Limitadas 2024, tras <strong>las Trinidad Cabildos<\/strong> y <strong>Ram\u00f3n Allones Absolutos<\/strong> . <\/p>\n<p>En <strong>Suiza<\/strong> , el H. Upmann Magnum Finite estar\u00e1 disponible a partir <strong>del 5 de agosto de 2025<\/strong> en <strong>La Casa del Habano<\/strong> :<\/p>\n<ul>\n<li><strong>Precio unitario:<\/strong> aprox. 47 CHF por cigarro<\/li>\n<li><strong>Precio por caja:<\/strong> aprox. 1175 CHF por caja con 25 puros<\/li>\n<\/ul>\n<p><strong>Conclusi\u00f3n<\/strong><\/p>\n<p>El <strong>H. Upmann Magnum Finite Edici\u00f3n Limitada 2024<\/strong> es tanto una pieza de colecci\u00f3n como un momento de disfrute. Quien desee conseguir una de estas exquisitas <a href=\"https:\/\/smoke.ch\/es\/categoria-producto\/humidificadores\/\"><strong>ediciones limitadas cubanas<\/strong><\/a> debe darse prisa: la demanda es alta y la edici\u00f3n es estrictamente limitada. <\/p>\n","protected":false},"excerpt":{"rendered":"<p>El H. Upmann Magnum Finite Edici\u00f3n Limitada 2024 es uno de los nuevos lanzamientos m\u00e1s codiciados del portafolio de Habanos SA . Este puro estrictamente limitado combina la larga tradici\u00f3n de la marca H. Upmann con la m\u00e1s alta artesan\u00eda cubana: un art\u00edculo imprescindible para coleccionistas y aficionados. Origen y producci\u00f3n El Magnum Finite se [&hellip;]<\/p>\n","protected":false},"featured_media":16271,"comment_status":"closed","ping_status":"closed","template":"","meta":{"_et_pb_use_builder":"","_et_pb_old_content":"","_et_gb_content_width":""},"product_brand":[],"product_cat":[280,270],"product_tag":[1556,1507,1509,1508,1506,1555,1554],"class_list":{"0":"post-16287","1":"product","2":"type-product","3":"status-publish","4":"has-post-thumbnail","6":"product_cat-h-upmann-es","7":"product_cat-puros","8":"product_tag-cigarros-de-edicion-limitada-h-upmann","9":"product_tag-comprar-h-upmann-magnum-finite","10":"product_tag-edicion-limitada-de-puros-cubanos-2024","11":"product_tag-h-upmann-edicion-limitada-2024-es","12":"product_tag-h-upmann-magnum-finite-es","13":"product_tag-premio-magnum-finito-h-upmann","14":"product_tag-puros-cubanos-suiza","16":"first","17":"instock","18":"shipping-taxable","19":"purchasable","20":"product-type-simple"},"aioseo_notices":[],"_links":{"self":[{"href":"https:\/\/smoke.ch\/es\/wp-json\/wp\/v2\/product\/16287","targetHints":{"allow":["GET"]}}],"collection":[{"href":"https:\/\/smoke.ch\/es\/wp-json\/wp\/v2\/product"}],"about":[{"href":"https:\/\/smoke.ch\/es\/wp-json\/wp\/v2\/types\/product"}],"replies":[{"embeddable":true,"href":"https:\/\/smoke.ch\/es\/wp-json\/wp\/v2\/comments?post=16287"}],"wp:featuredmedia":[{"embeddable":true,"href":"https:\/\/smoke.ch\/es\/wp-json\/wp\/v2\/media\/16271"}],"wp:attachment":[{"href":"https:\/\/smoke.ch\/es\/wp-json\/wp\/v2\/media?parent=16287"}],"wp:term":[{"taxonomy":"product_brand","embeddable":true,"href":"https:\/\/smoke.ch\/es\/wp-json\/wp\/v2\/product_brand?post=16287"},{"taxonomy":"product_cat","embeddable":true,"href":"https:\/\/smoke.ch\/es\/wp-json\/wp\/v2\/product_cat?post=16287"},{"taxonomy":"product_tag","embeddable":true,"href":"https:\/\/smoke.ch\/es\/wp-json\/wp\/v2\/product_tag?post=16287"}],"curies":[{"name":"wp","href":"https:\/\/api.w.org\/{rel}","templated":true}]}}