{"id":16311,"date":"2025-08-25T08:36:07","date_gmt":"2025-08-25T08:36:07","guid":{"rendered":"https:\/\/smoke.ch\/product\/cohiba-robustos\/"},"modified":"2026-03-14T10:57:17","modified_gmt":"2026-03-14T10:57:17","slug":"cohiba-robustos","status":"publish","type":"product","link":"https:\/\/smoke.ch\/es\/producto\/cohiba-robustos\/","title":{"rendered":"Cohiba Robusto"},"content":{"rendered":"<p><strong>Cohiba Robusto \u2013 El \u00edcono entre los puros cubanos<\/strong><\/p>\n<p>El <a href=\"https:\/\/smoke.ch\/es\/categoria-producto\/puros\/cohiba-es\/\"><strong>Cohiba Robusto<\/strong><\/a> es, sin duda, uno de los puros m\u00e1s famosos y populares de Cuba. Con su cl\u00e1sica <strong>longitud de 124 mm<\/strong> y <strong>cepo 50<\/strong> , es uno de los \u00edconos absolutos del <a href=\"https:\/\/www.habanos.com\/en\/\"><strong>mundo del Habano<\/strong><\/a> . Pertenece a la <strong>L\u00ednea Cl\u00e1sica<\/strong> y, por lo tanto, encarna todo lo que hace a Cohiba tan reconocido: la m\u00e1s alta calidad artesanal, los tabacos m\u00e1s finos y un aroma inconfundible.  <\/p>\n<p><strong>Origen y calidad<\/strong><\/p>\n<p>Todos los tabacos utilizados en los Cohiba Robustos provienen de la renombrada <strong>Vuelta Abajo,<\/strong> en Pinar del R\u00edo, posiblemente la mejor regi\u00f3n tabacalera de Cuba. Adem\u00e1s, parte del tabaco se somete a un proceso de fermentaci\u00f3n adicional en barricas. Este complejo proceso garantiza que el <a href=\"https:\/\/smoke.ch\/es\/categoria-producto\/puros\/cohiba-es\/\"><strong>puro alcance su excepcional suavidad<\/strong><\/a> y profundidad arom\u00e1tica.  <\/p>\n<p><strong>Perfil de sabor<\/strong><\/p>\n<p>Al fumar, el Cohiba Robustos impresiona inicialmente con notas cremosas de madera y cuero. Posteriormente, se desarrolla una sutil dulzura de miel y cacao, junto con toques especiados de pimienta y caf\u00e9. Finalmente, concluye con un final elegante y persistente. Esto ofrece una <strong>experiencia de fumada de media a fuerte<\/strong> que deleitar\u00e1 tanto a los aficionados experimentados como a los principiantes m\u00e1s exigentes.   <\/p>\n<p><strong>Los sabores t\u00edpicos son:<br \/>\n<\/strong><\/p>\n<ul>\n<li>Notas cremosas de madera y cuero.<\/li>\n<li>Fina dulzura de miel y cacao.<\/li>\n<li>Matices especiados de pimienta y caf\u00e9.<\/li>\n<li>Un final elegante y duradero.<\/li>\n<\/ul>\n<p><strong>Disfrute y valor de coleccionista<\/strong><\/p>\n<p>El Cohiba Robustos tambi\u00e9n es una opci\u00f3n ideal para ocasiones especiales. Marida a la perfecci\u00f3n con un ron a\u00f1ejo o un whisky de malta robusto. Adem\u00e1s, es un cl\u00e1sico en cualquier colecci\u00f3n de puros, impresionando no solo por su sabor, sino tambi\u00e9n por su gran valor de colecci\u00f3n.  <\/p>\n<p><strong>Conclusi\u00f3n<\/strong><\/p>\n<p>En resumen, quien desee <strong>comprar un Cohiba Robusto<\/strong> est\u00e1 eligiendo uno de los <a href=\"https:\/\/smoke.ch\/es\/categoria-producto\/puros\/\"><strong>puros cubanos<\/strong><\/a> m\u00e1s famosos de todos los tiempos. Combina tradici\u00f3n, lujo y un disfrute \u00fanico, convirti\u00e9ndose en una verdadera obra maestra para todo <a href=\"https:\/\/www.habanos.com\/en\/\"><strong>amante de los Habanos finos<\/strong><\/a> . <\/p>\n","protected":false},"excerpt":{"rendered":"<p>Cohiba Robusto \u2013 El \u00edcono entre los puros cubanos El Cohiba Robusto es, sin duda, uno de los puros m\u00e1s famosos y populares de Cuba. Con su cl\u00e1sica longitud de 124 mm y cepo 50 , es uno de los \u00edconos absolutos del mundo del Habano . Pertenece a la L\u00ednea Cl\u00e1sica y, por lo [&hellip;]<\/p>\n","protected":false},"featured_media":12028,"comment_status":"closed","ping_status":"closed","template":"","meta":{"_et_pb_use_builder":"","_et_pb_old_content":"","_et_gb_content_width":""},"product_brand":[],"product_cat":[271,270],"product_tag":[1749,1681,1117,1076,1750],"class_list":{"0":"post-16311","1":"product","2":"type-product","3":"status-publish","4":"has-post-thumbnail","6":"product_cat-cohiba-es","7":"product_cat-puros","8":"product_tag-comprar-cohiba-robustos","9":"product_tag-precio-de-cohiba-robustos","10":"product_tag-puros-cohiba","11":"product_tag-puros-cubanos","12":"product_tag-sabor-de-cohiba-robustos","14":"first","15":"instock","16":"shipping-taxable","17":"purchasable","18":"product-type-variable"},"aioseo_notices":[],"_links":{"self":[{"href":"https:\/\/smoke.ch\/es\/wp-json\/wp\/v2\/product\/16311","targetHints":{"allow":["GET"]}}],"collection":[{"href":"https:\/\/smoke.ch\/es\/wp-json\/wp\/v2\/product"}],"about":[{"href":"https:\/\/smoke.ch\/es\/wp-json\/wp\/v2\/types\/product"}],"replies":[{"embeddable":true,"href":"https:\/\/smoke.ch\/es\/wp-json\/wp\/v2\/comments?post=16311"}],"wp:featuredmedia":[{"embeddable":true,"href":"https:\/\/smoke.ch\/es\/wp-json\/wp\/v2\/media\/12028"}],"wp:attachment":[{"href":"https:\/\/smoke.ch\/es\/wp-json\/wp\/v2\/media?parent=16311"}],"wp:term":[{"taxonomy":"product_brand","embeddable":true,"href":"https:\/\/smoke.ch\/es\/wp-json\/wp\/v2\/product_brand?post=16311"},{"taxonomy":"product_cat","embeddable":true,"href":"https:\/\/smoke.ch\/es\/wp-json\/wp\/v2\/product_cat?post=16311"},{"taxonomy":"product_tag","embeddable":true,"href":"https:\/\/smoke.ch\/es\/wp-json\/wp\/v2\/product_tag?post=16311"}],"curies":[{"name":"wp","href":"https:\/\/api.w.org\/{rel}","templated":true}]}}