{"id":16722,"date":"2025-10-14T07:22:30","date_gmt":"2025-10-14T07:22:30","guid":{"rendered":"https:\/\/smoke.ch\/product\/hoyo-de-monterrey-diademas-2004-cigarro-unico\/"},"modified":"2025-10-14T08:09:13","modified_gmt":"2025-10-14T08:09:13","slug":"hoyo-de-monterrey-diademas-2004-cigarro-unico","status":"publish","type":"product","link":"https:\/\/smoke.ch\/es\/producto\/hoyo-de-monterrey-diademas-2004-cigarro-unico\/","title":{"rendered":"Hoyo de Monterrey \u2013 Diademas 2004 \u2013 Cigarro \u00fanico"},"content":{"rendered":"<p>Descubra los exclusivos puros <strong>Hoyo de Monterrey <\/strong><strong><a href=\"https:\/\/smoke.ch\/product-category\/zigarren\/\">Diademas <\/a><\/strong>del <strong><a href=\"https:\/\/smoke.ch\/product-category\/humidore\/\">humidor<\/a> de edici\u00f3n limitada de 2004.<\/strong> Estos puros son \u00fanicos y ofrecen un sabor a tabaco dulce y suave que se vuelve ligeramente m\u00e1s fuerte en el segundo tercio.<\/p>\n<p>Adem\u00e1s, estos puros son resistentes al envejecimiento y perfectos para los conocedores. No lo dude m\u00e1s y disfrute del sabor especial de esta edici\u00f3n limitada de<a href=\"https:\/\/www.habanos.com\/en\/\"><strong> Habanos<\/strong><br \/>\n<\/a> SA. \u00a1Sum\u00e9rjase en el mundo de las Diademas de Hoyo de Monterrey y d\u00e9jese impresionar por su singularidad y calidad!<\/p>\n","protected":false},"excerpt":{"rendered":"<p>Descubra los exclusivos puros Hoyo de Monterrey Diademas del humidor de edici\u00f3n limitada de 2004. Estos puros son \u00fanicos y ofrecen un sabor a tabaco dulce y suave que se vuelve ligeramente m\u00e1s fuerte en el segundo tercio. Adem\u00e1s, estos puros son resistentes al envejecimiento y perfectos para los conocedores. No lo dude m\u00e1s y [&hellip;]<\/p>\n","protected":false},"featured_media":12621,"comment_status":"closed","ping_status":"closed","template":"","meta":{"_et_pb_use_builder":"","_et_pb_old_content":"","_et_gb_content_width":""},"product_brand":[],"product_cat":[281,270],"product_tag":[824,887,1122,1078,1118,1231],"class_list":{"0":"post-16722","1":"product","2":"type-product","3":"status-publish","4":"has-post-thumbnail","6":"product_cat-hoyo-de-monterrey-es","7":"product_cat-puros","8":"product_tag-hoyo-de-monterrey-es","9":"product_tag-hoyo-de-monterrey-diademas-es","10":"product_tag-puros-cubanos-exclusivos","11":"product_tag-puros-cubanos-vintage","12":"product_tag-puros-habanos","13":"product_tag-puros-hoyo-de-monterrey","15":"first","16":"instock","17":"shipping-taxable","18":"purchasable","19":"product-type-variable"},"aioseo_notices":[],"_links":{"self":[{"href":"https:\/\/smoke.ch\/es\/wp-json\/wp\/v2\/product\/16722","targetHints":{"allow":["GET"]}}],"collection":[{"href":"https:\/\/smoke.ch\/es\/wp-json\/wp\/v2\/product"}],"about":[{"href":"https:\/\/smoke.ch\/es\/wp-json\/wp\/v2\/types\/product"}],"replies":[{"embeddable":true,"href":"https:\/\/smoke.ch\/es\/wp-json\/wp\/v2\/comments?post=16722"}],"wp:featuredmedia":[{"embeddable":true,"href":"https:\/\/smoke.ch\/es\/wp-json\/wp\/v2\/media\/12621"}],"wp:attachment":[{"href":"https:\/\/smoke.ch\/es\/wp-json\/wp\/v2\/media?parent=16722"}],"wp:term":[{"taxonomy":"product_brand","embeddable":true,"href":"https:\/\/smoke.ch\/es\/wp-json\/wp\/v2\/product_brand?post=16722"},{"taxonomy":"product_cat","embeddable":true,"href":"https:\/\/smoke.ch\/es\/wp-json\/wp\/v2\/product_cat?post=16722"},{"taxonomy":"product_tag","embeddable":true,"href":"https:\/\/smoke.ch\/es\/wp-json\/wp\/v2\/product_tag?post=16722"}],"curies":[{"name":"wp","href":"https:\/\/api.w.org\/{rel}","templated":true}]}}