{"id":16755,"date":"2025-10-16T12:22:08","date_gmt":"2025-10-16T12:22:08","guid":{"rendered":"https:\/\/smoke.ch\/product\/humidor-cohiba-behike-edicion-especial\/"},"modified":"2026-01-31T15:57:12","modified_gmt":"2026-01-31T15:57:12","slug":"humidor-cohiba-behike-edicion-especial","status":"publish","type":"product","link":"https:\/\/smoke.ch\/es\/producto\/humidor-cohiba-behike-edicion-especial\/","title":{"rendered":"Humidor Cohiba Behike \u2013 Edici\u00f3n Especial"},"content":{"rendered":"<p>Cohiba Behike Consejo del Estado <a href=\"https:\/\/smoke.ch\/product-category\/zigarren\/cohiba\/\"><strong>Los Cohibas<\/strong><\/a> con etiqueta de hoja de palma, tambi\u00e9n conocidos como Palm Leaf, son extremadamente raros y estaban reservados exclusivamente para Fidel Castro durante su \u00e9poca. Hoy en d\u00eda, suelen aparecer en <a href=\"https:\/\/smoke.ch\/product-category\/humidore\/\"><strong>humidores<\/strong><\/a> especiales con ocasi\u00f3n de eventos especiales y se utilizan a menudo como regalo para enviados de Estado o diplom\u00e1ticos, siendo frecuentemente el cliente instituciones estatales como \u00abEl Consejo del Estado\u00bb.<\/p>\n<p>Estos humidores \u00fanicos contienen exclusivamente <a href=\"https:\/\/smoke.ch\/product-category\/zigarren\/cohiba\/\"><strong>puros Cohiba Behike<\/strong><\/a> , cuidadosamente seleccionados de cepas maduras. En 2024, la f\u00e1brica de puros Laguito produjo este humidor en una edici\u00f3n extremadamente limitada, conteniendo 40 puros Cohiba Behike. El Cohiba Behike se caracteriza por su extraordinaria elaboraci\u00f3n y ofrece una excelente calada con fant\u00e1sticas notas de humo e intensos aromas que son inconfundiblemente Cohiba. Saborear este cigarro \u00fanico es un momento inspirador que no debes perderte.<\/p>\n<p>Cohiba es una marca legendaria en el mundo de los puros premium y una creaci\u00f3n exclusiva de <a href=\"https:\/\/www.habanos.com\/en\/\"><strong>Habanos SA.<\/strong><\/a> Durante m\u00e1s de cinco d\u00e9cadas, los amantes de los puros de todo el mundo han disfrutado de esta ic\u00f3nica marca, conocida por su calidad inigualable, su exquisito sabor y su lujosa experiencia de fumar.<\/p>\n<p>Disponemos de un <a href=\"https:\/\/smoke.ch\/es\/categoria-producto\/humidificadores\/\"><strong>humidor<\/strong><\/a> abierto que nos permite ofrecer este raro y \u00fanico cigarro de forma individual.<\/p>\n","protected":false},"excerpt":{"rendered":"<p>Cohiba Behike Consejo del Estado Los Cohibas con etiqueta de hoja de palma, tambi\u00e9n conocidos como Palm Leaf, son extremadamente raros y estaban reservados exclusivamente para Fidel Castro durante su \u00e9poca. Hoy en d\u00eda, suelen aparecer en humidores especiales con ocasi\u00f3n de eventos especiales y se utilizan a menudo como regalo para enviados de Estado [&hellip;]<\/p>\n","protected":false},"featured_media":13146,"comment_status":"closed","ping_status":"closed","template":"","meta":{"_et_pb_use_builder":"","_et_pb_old_content":"","_et_gb_content_width":""},"product_brand":[],"product_cat":[271,284,278,270],"product_tag":[1539,1761,1760,798,288,1759,1455,1122,1118,1032],"class_list":{"0":"post-16755","1":"product","2":"type-product","3":"status-publish","4":"has-post-thumbnail","6":"product_cat-cohiba-es","7":"product_cat-cohiba-es-2","8":"product_cat-humidificadores","9":"product_cat-puros","10":"product_tag-cigarros-cohiba-de-edicion-limitada","11":"product_tag-cigarros-cohiba-diplomat","12":"product_tag-cigarros-de-hoja-de-palma-cohiba","13":"product_tag-cohiba-es","14":"product_tag-cohiba-behike-es","15":"product_tag-consejo-estatal-de-cohiba","16":"product_tag-puros-cohiba-vintage","17":"product_tag-puros-cubanos-exclusivos","18":"product_tag-puros-habanos","19":"product_tag-puros-raros-es","21":"first","22":"instock","23":"shipping-taxable","24":"purchasable","25":"product-type-variable"},"aioseo_notices":[],"_links":{"self":[{"href":"https:\/\/smoke.ch\/es\/wp-json\/wp\/v2\/product\/16755","targetHints":{"allow":["GET"]}}],"collection":[{"href":"https:\/\/smoke.ch\/es\/wp-json\/wp\/v2\/product"}],"about":[{"href":"https:\/\/smoke.ch\/es\/wp-json\/wp\/v2\/types\/product"}],"replies":[{"embeddable":true,"href":"https:\/\/smoke.ch\/es\/wp-json\/wp\/v2\/comments?post=16755"}],"wp:featuredmedia":[{"embeddable":true,"href":"https:\/\/smoke.ch\/es\/wp-json\/wp\/v2\/media\/13146"}],"wp:attachment":[{"href":"https:\/\/smoke.ch\/es\/wp-json\/wp\/v2\/media?parent=16755"}],"wp:term":[{"taxonomy":"product_brand","embeddable":true,"href":"https:\/\/smoke.ch\/es\/wp-json\/wp\/v2\/product_brand?post=16755"},{"taxonomy":"product_cat","embeddable":true,"href":"https:\/\/smoke.ch\/es\/wp-json\/wp\/v2\/product_cat?post=16755"},{"taxonomy":"product_tag","embeddable":true,"href":"https:\/\/smoke.ch\/es\/wp-json\/wp\/v2\/product_tag?post=16755"}],"curies":[{"name":"wp","href":"https:\/\/api.w.org\/{rel}","templated":true}]}}