{"id":11947,"date":"2022-06-30T18:53:12","date_gmt":"2022-06-30T18:53:12","guid":{"rendered":"https:\/\/smoke.ch\/frais-denvoi\/"},"modified":"2024-12-09T13:05:07","modified_gmt":"2024-12-09T13:05:07","slug":"frais-denvoi","status":"publish","type":"page","link":"https:\/\/smoke.ch\/fr\/frais-denvoi\/","title":{"rendered":"Frais d&rsquo;envoi"},"content":{"rendered":"<p>[et_pb_section admin_label=\u00a0\u00bbsection\u00a0\u00bb]<br \/>\n\t\t\t[et_pb_row admin_label=\u00a0\u00bbrow\u00a0\u00bb]<br \/>\n\t\t\t\t[et_pb_column type=\u00a0\u00bb4_4&Prime;][et_pb_text admin_label=\u00a0\u00bbText\u00a0\u00bb]<\/p>\n\n<h3 class=\"wp-block-heading\">L&rsquo;envoi se fait par la poste. Les colis sont assur\u00e9s et envoy\u00e9s en recommand\u00e9.<\/h3>\n\n<h3 class=\"wp-block-heading\">INLAND<\/h3>\n\n<p>Pays : Suisse, Liechtenstein<\/p>\n\n<figure class=\"wp-block-table\"><table><tbody><tr><td>Valeur de la commande<\/td><td>Frais d&rsquo;exp\u00e9dition<\/td><\/tr><tr><td>jusqu&rsquo;\u00e0 CHF 500.00<\/td><td>CHF 12.00<\/td><\/tr><tr><td>plus de CHF 500.00<\/td><td>CHF 0.00<\/td><\/tr><\/tbody><\/table><\/figure>\n\n<h3 class=\"wp-block-heading\">UE-\u00c9TRANGER<\/h3>\n\n<p>Pays : Autriche, Andorre, Belgique, Allemagne, Danemark, Finlande, France, Gr\u00e8ce, Hongrie, Irlande, Italie, Luxembourg, Malte, Monaco, Pays-Bas, Norv\u00e8ge, Portugal, Espagne, Su\u00e8de, Royaume-Uni<\/p>\n\n<figure class=\"wp-block-table\"><table><tbody><tr><td>Valeur de la commande<\/td><td>Frais d&rsquo;exp\u00e9dition<\/td><\/tr><tr><td>jusqu&rsquo;\u00e0 CHF 1&rsquo;000.00<\/td><td>CHF 25.00<\/td><\/tr><tr><td>plus de CHF 1&rsquo;000.00<\/td><td>CHF 0.00<\/td><\/tr><\/tbody><\/table><\/figure>\n\n<h3 class=\"wp-block-heading\">\u00dcBERSEE<\/h3>\n\n<p>Pays : tous les autres<\/p>\n\n<figure class=\"wp-block-table\"><table><tbody><tr><td>Valeur de la commande<\/td><td>Frais d&rsquo;exp\u00e9dition<\/td><\/tr><tr><td>jusqu&rsquo;\u00e0 CHF 1&rsquo;000.00<\/td><td>CHF 30.00<\/td><\/tr><tr><td>plus de CHF 1&rsquo;000.00<\/td><td>CHF 0.00<\/td><\/tr><\/tbody><\/table><\/figure>\n\n<p>Les colis \u00e0 destination de l&rsquo;\u00e9tranger sont exon\u00e9r\u00e9s de la TVA suisse. Les droits de douane et taxes per\u00e7us dans le pays de destination sont \u00e0 la charge du destinataire.<\/p>\n<p>[\/et_pb_text][\/et_pb_column]<br \/>\n\t\t\t[\/et_pb_row]<br \/>\n\t\t[\/et_pb_section]<\/p>\n","protected":false},"excerpt":{"rendered":"<p>L&rsquo;envoi se fait par la poste. Les colis sont assur\u00e9s et envoy\u00e9s en recommand\u00e9. INLAND Pays : Suisse, Liechtenstein Valeur de la commandeFrais d&rsquo;exp\u00e9ditionjusqu&rsquo;\u00e0 CHF 500.00CHF 12.00plus de CHF 500.00CHF 0.00 UE-\u00c9TRANGER Pays : Autriche, Andorre, Belgique, Allemagne, Danemark, Finlande, France, Gr\u00e8ce, Hongrie, Irlande, Italie, Luxembourg, Malte, Monaco, Pays-Bas, Norv\u00e8ge, Portugal, Espagne, Su\u00e8de, Royaume-Uni Valeur [&hellip;]<\/p>\n","protected":false},"author":1,"featured_media":0,"parent":0,"menu_order":0,"comment_status":"closed","ping_status":"closed","template":"","meta":{"_et_pb_use_builder":"on","_et_pb_old_content":"","_et_gb_content_width":"","footnotes":""},"class_list":["post-11947","page","type-page","status-publish","hentry"],"aioseo_notices":[],"_links":{"self":[{"href":"https:\/\/smoke.ch\/fr\/wp-json\/wp\/v2\/pages\/11947","targetHints":{"allow":["GET"]}}],"collection":[{"href":"https:\/\/smoke.ch\/fr\/wp-json\/wp\/v2\/pages"}],"about":[{"href":"https:\/\/smoke.ch\/fr\/wp-json\/wp\/v2\/types\/page"}],"author":[{"embeddable":true,"href":"https:\/\/smoke.ch\/fr\/wp-json\/wp\/v2\/users\/1"}],"replies":[{"embeddable":true,"href":"https:\/\/smoke.ch\/fr\/wp-json\/wp\/v2\/comments?post=11947"}],"version-history":[{"count":1,"href":"https:\/\/smoke.ch\/fr\/wp-json\/wp\/v2\/pages\/11947\/revisions"}],"predecessor-version":[{"id":11949,"href":"https:\/\/smoke.ch\/fr\/wp-json\/wp\/v2\/pages\/11947\/revisions\/11949"}],"wp:attachment":[{"href":"https:\/\/smoke.ch\/fr\/wp-json\/wp\/v2\/media?parent=11947"}],"curies":[{"name":"wp","href":"https:\/\/api.w.org\/{rel}","templated":true}]}}