{"id":11969,"date":"2023-03-27T09:52:47","date_gmt":"2023-03-27T09:52:47","guid":{"rendered":"https:\/\/smoke.ch\/mentions-legales\/"},"modified":"2024-12-09T13:05:17","modified_gmt":"2024-12-09T13:05:17","slug":"mentions-legales","status":"publish","type":"page","link":"https:\/\/smoke.ch\/fr\/mentions-legales\/","title":{"rendered":"Mentions l\u00e9gales"},"content":{"rendered":"<p>[et_pb_section fb_built=\u00a0\u00bb1&Prime; _builder_version=\u00a0\u00bb4.16&Prime; global_colors_info=\u00a0\u00bb{}\u00a0\u00bb][et_pb_row _builder_version=\u00a0\u00bb4.16&Prime; background_size=\u00a0\u00bbinitial\u00a0\u00bb background_position=\u00a0\u00bbtop_left\u00a0\u00bb background_repeat=\u00a0\u00bbrepeat\u00a0\u00bb global_colors_info=\u00a0\u00bb{}\u00a0\u00bb column_structure=\u00a0\u00bb1_2,1_2&Prime;][et_pb_column type=\u00a0\u00bb1_2&Prime; _builder_version=\u00a0\u00bb4.16&Prime; custom_padding=\u00a0\u00bb|||\u00a0\u00bb global_colors_info=\u00a0\u00bb{}\u00a0\u00bb custom_padding__hover=\u00a0\u00bb|||\u00a0\u00bb][et_pb_text _builder_version=\u00a0\u00bb4.16&Prime; background_size=\u00a0\u00bbinitial\u00a0\u00bb background_position=\u00a0\u00bbtop_left\u00a0\u00bb background_repeat=\u00a0\u00bbrepeat\u00a0\u00bb global_colors_info=\u00a0\u00bb{}\u00a0\u00bb]<\/p>\n<h1>Adresse<\/h1>\n<p>GustoMondial GmbH<br \/>Dienerstrasse 29<br \/>8004 Z\u00fcrich<\/p>\n<p><a href=\"mailto:info@smoke.ch\" target=\"_blank\" rel=\"noreferrer noopener\">info@smoke.ch<\/a><\/p>\n<p>[\/et_pb_text][\/et_pb_column][et_pb_column _builder_version=\u00a0\u00bb4.24.3&Prime; _module_preset=\u00a0\u00bbdefault\u00a0\u00bb type=\u00a0\u00bb1_2&Prime;][et_pb_text _builder_version=\u00a0\u00bb4.24.3&Prime; _module_preset=\u00a0\u00bbdefault\u00a0\u00bb hover_enabled=\u00a0\u00bb0&Prime; sticky_enabled=\u00a0\u00bb0&Prime;]<\/p>\n<p>Inscription au registre du commerce : 28.07.1994<br \/>Si\u00e8ge social : 8000 Zurich<br \/>Num\u00e9ro RC : CH-020.4.000.578-8<br \/>UID : CHE-107.631.030<br \/>Personnes autoris\u00e9es \u00e0 signer : Claudio Blatter, Sandra Blatter<br \/>Office RC : Canton de Zurich,<br \/>Sch\u00f6ntalstrasse 5, 8022 Zurich<\/p>\n<p>[\/et_pb_text][\/et_pb_column][\/et_pb_row][\/et_pb_section]<\/p>\n","protected":false},"excerpt":{"rendered":"<p>Adresse GustoMondial GmbHDienerstrasse 298004 Z\u00fcrich info@smoke.chInscription au registre du commerce : 28.07.1994Si\u00e8ge social : 8000 ZurichNum\u00e9ro RC : CH-020.4.000.578-8UID : CHE-107.631.030Personnes autoris\u00e9es \u00e0 signer : Claudio Blatter, Sandra BlatterOffice RC : Canton de Zurich,Sch\u00f6ntalstrasse 5, 8022 Zurich<\/p>\n","protected":false},"author":1,"featured_media":0,"parent":0,"menu_order":0,"comment_status":"closed","ping_status":"closed","template":"","meta":{"_et_pb_use_builder":"on","_et_pb_old_content":"","_et_gb_content_width":"","footnotes":""},"class_list":["post-11969","page","type-page","status-publish","hentry"],"aioseo_notices":[],"_links":{"self":[{"href":"https:\/\/smoke.ch\/fr\/wp-json\/wp\/v2\/pages\/11969","targetHints":{"allow":["GET"]}}],"collection":[{"href":"https:\/\/smoke.ch\/fr\/wp-json\/wp\/v2\/pages"}],"about":[{"href":"https:\/\/smoke.ch\/fr\/wp-json\/wp\/v2\/types\/page"}],"author":[{"embeddable":true,"href":"https:\/\/smoke.ch\/fr\/wp-json\/wp\/v2\/users\/1"}],"replies":[{"embeddable":true,"href":"https:\/\/smoke.ch\/fr\/wp-json\/wp\/v2\/comments?post=11969"}],"version-history":[{"count":2,"href":"https:\/\/smoke.ch\/fr\/wp-json\/wp\/v2\/pages\/11969\/revisions"}],"predecessor-version":[{"id":11971,"href":"https:\/\/smoke.ch\/fr\/wp-json\/wp\/v2\/pages\/11969\/revisions\/11971"}],"wp:attachment":[{"href":"https:\/\/smoke.ch\/fr\/wp-json\/wp\/v2\/media?parent=11969"}],"curies":[{"name":"wp","href":"https:\/\/api.w.org\/{rel}","templated":true}]}}