{"id":12011,"date":"2024-10-11T08:26:20","date_gmt":"2024-10-11T08:26:20","guid":{"rendered":"https:\/\/smoke.ch\/product\/partagas-serie-e-no-2-gran-reserva-cosecha-2015\/"},"modified":"2025-04-14T13:22:47","modified_gmt":"2025-04-14T13:22:47","slug":"partagas-serie-e-no-2-gran-reserva-cosecha-2015","status":"publish","type":"product","link":"https:\/\/smoke.ch\/fr\/produit\/partagas-serie-e-no-2-gran-reserva-cosecha-2015\/","title":{"rendered":"Partagas Serie E No.2 Gran Reserva Cosecha 2015"},"content":{"rendered":"<p>La ligne Reserva de <a href=\"https:\/\/www.habanos.com\/en\/\"><strong>Habanos<\/strong> <\/a>est historiquement connue pour la cr\u00e9ation de classiques ultimes, fabriqu\u00e9s \u00e0 partir de tabacs sp\u00e9cialement vieillis. Aujourd&rsquo;hui, la Partag\u00e1s Serie E No.2 est pr\u00e9sent\u00e9e comme Gran Reserva \u2013 un format encore jeune, fabriqu\u00e9 avec du tabac issu de la r\u00e9colte de 2015. <\/p>\n<p>Le Partagas Serie E No.2 Gran Reserva Cosecha 2015 repr\u00e9sente le summum de l&rsquo;artisanat du cigare cubain. Ce cigare cubain <a href=\"https:\/\/smoke.ch\/fr\/categorie-produit\/cigares\/\"><strong>cigare<\/strong><\/a>, r\u00e9sultat d&rsquo;une ann\u00e9e de r\u00e9colte exceptionnelle, allie magistralement tradition et prestige.  <\/p>\n<p>Le tabac, cultiv\u00e9 sur les terres fertiles de Pinar del R\u00edo, provient des plantations les plus prestigieuses de Cuba. Soigneusement m\u00fbries depuis 2015, les feuilles ont ainsi gagn\u00e9 en caract\u00e8re et en complexit\u00e9. <\/p>\n<p>L&rsquo;impressionnant format Duke s&rsquo;est rapidement hiss\u00e9 en t\u00eate de la liste des ventes de <a href=\"https:\/\/smoke.ch\/fr\/categorie-produit\/cigares\/partagas-fr\/\"><strong>Partag\u00e1s<\/strong><\/a> s&rsquo;est impos\u00e9. Il est agr\u00e9able \u00e0 prendre en main et d\u00e9ploie \u00e0 merveille le m\u00e9lange de tabac de la s\u00e9rie Partag\u00e1s gr\u00e2ce \u00e0 une longueur de 140 mm et \u00e0 une g\u00e9n\u00e9reuse dimension annulaire de 54. Il s&rsquo;agissait pour <a href=\"https:\/\/www.habanos.com\/en\/\"><strong>Habanos S.A.<\/strong> <\/a>l&rsquo;occasion de cr\u00e9er une \u00e9dition Gran Reserva exclusive sp\u00e9cialement pour ce format.<a href=\"https:\/\/smoke.ch\/fr\/categorie-produit\/cigares\/\"><strong> Ces cigares de premi\u00e8re qualit\u00e9<\/strong> <\/a>comptent sans aucun doute parmi les plaisirs les plus exclusifs et les plus remarquables de l&rsquo;univers Habanos, car ils sont fabriqu\u00e9s avec du tabac m\u00fbri avec un soin tout particulier.  <\/p>\n<p>Bien entendu, seuls les rouleurs les plus exp\u00e9riment\u00e9s sont s\u00e9lectionn\u00e9s dans les usines pour produire ces chefs-d&rsquo;\u0153uvre \u00e0 partir des meilleures feuilles de tabac. Chaque \u00e9dition Gran Reserva est limit\u00e9e dans le monde entier \u00e0 seulement <a href=\"https:\/\/smoke.ch\/fr\/categorie-produit\/caves-a-cigares\/\"><strong>5.000 bo\u00eetes de 15 cigares chacune<\/strong><\/a> sont limit\u00e9es. Pour la tripe, la cape et la sous-cape des Gran Reservas, qui proviennent de la plantation la plus prestigieuse de la r\u00e9gion de Pinar del R\u00edo, seuls des tabacs ayant m\u00fbri au moins cinq ans sont utilis\u00e9s.  <\/p>\n<p>Le mot espagnol \u00ab\u00a0<a href=\"https:\/\/smoke.ch\/fr\/\"><strong>Cosecha \u00a0\u00bb signifie \u00a0\u00bb r\u00e9colte<\/strong><\/a>\u00a0\u00bb et fait r\u00e9f\u00e9rence \u00e0 l&rsquo;ann\u00e9e o\u00f9 les feuilles de tabac ont \u00e9t\u00e9 r\u00e9colt\u00e9es. Les cigares de cette cat\u00e9gorie portent une bague noire et dor\u00e9e et sont \u00e9tiquet\u00e9s \u00ab\u00a0Gran Reserva\u00a0\u00bb. L&rsquo;aspect raffin\u00e9 des cigares Gran Reserva est encore accentu\u00e9 par les bo\u00eetes de luxe laqu\u00e9es en noir brillant.  <\/p>\n","protected":false},"excerpt":{"rendered":"<p>La ligne Reserva de Habanos est historiquement connue pour la cr\u00e9ation de classiques ultimes, fabriqu\u00e9s \u00e0 partir de tabacs sp\u00e9cialement vieillis. Aujourd&rsquo;hui, la Partag\u00e1s Serie E No.2 est pr\u00e9sent\u00e9e comme Gran Reserva \u2013 un format encore jeune, fabriqu\u00e9 avec du tabac issu de la r\u00e9colte de 2015. Le Partagas Serie E No.2 Gran Reserva Cosecha [&hellip;]<\/p>\n","protected":false},"featured_media":12017,"comment_status":"open","ping_status":"closed","template":"","meta":{"_et_pb_use_builder":"off","_et_pb_old_content":"La ligne Reserva de <a href=\"https:\/\/www.habanos.com\/en\/\"><strong>Habanos<\/strong> <\/a>est historiquement connue pour la cr\u00e9ation de classiques ultimes, fabriqu\u00e9s \u00e0 partir de tabacs sp\u00e9cialement vieillis. Aujourd'hui, la Partag\u00e1s Serie E No.2 est pr\u00e9sent\u00e9e comme Gran Reserva - un format encore jeune, fabriqu\u00e9 avec du tabac issu de la r\u00e9colte de 2015. \n\nL'impressionnant format Duke s'est rapidement hiss\u00e9 en t\u00eate de la liste des ventes de <a href=\"https:\/\/smoke.ch\/product-category\/zigarren\/partagas\/\"><strong>Partag\u00e1s<\/strong><\/a> s'est impos\u00e9. Il est agr\u00e9able \u00e0 tenir en main et d\u00e9ploie \u00e0 merveille le m\u00e9lange de tabac de la s\u00e9rie Partag\u00e1s gr\u00e2ce \u00e0 une longueur de 140 mm et \u00e0 une g\u00e9n\u00e9reuse dimension annulaire de 54. C'est ce qui a incit\u00e9 Habanos S.A. \u00e0 cr\u00e9er une \u00e9dition Gran Reserva exclusive sp\u00e9cialement pour ce format.<a href=\"https:\/\/smoke.ch\/product-category\/zigarren\/\"><strong> Ces cigares de premi\u00e8re qualit\u00e9<\/strong> <\/a>comptent sans aucun doute parmi les plaisirs les plus exclusifs et les plus remarquables de l'univers Habanos, car ils sont fabriqu\u00e9s avec du tabac m\u00fbri avec un soin tout particulier.  \n\nBien entendu, seuls les rouleurs les plus exp\u00e9riment\u00e9s sont s\u00e9lectionn\u00e9s dans les usines pour produire ces chefs-d'\u0153uvre \u00e0 partir des meilleures feuilles de tabac. Chaque \u00e9dition Gran Reserva est limit\u00e9e dans le monde entier \u00e0 seulement <a href=\"https:\/\/smoke.ch\/product-category\/humidore\/\"><strong>5.000 bo\u00eetes de 15 cigares chacune<\/strong><\/a> sont limit\u00e9es. Pour la tripe, la cape et la sous-cape des Gran Reservas, qui proviennent de la plantation la plus prestigieuse de la r\u00e9gion de Pinar del R\u00edo, seuls des tabacs ayant m\u00fbri au moins cinq ans sont utilis\u00e9s.  ","_et_gb_content_width":""},"product_brand":[],"product_cat":[219,225],"product_tag":[1014,1099,1080,1124,1123,926,1120,1208,924,1026,881,1126,802,804,805],"class_list":{"0":"post-12011","1":"product","2":"type-product","3":"status-publish","4":"has-post-thumbnail","6":"product_cat-cigares","7":"product_cat-partagas-fr","8":"product_tag-cigare-premium","9":"product_tag-cigares","10":"product_tag-cigares-cubains","11":"product_tag-cigares-cubains-exclusifs","12":"product_tag-cigares-cubains-vintage","13":"product_tag-cigares-en-edition-limitee","14":"product_tag-cigares-habanos","15":"product_tag-cigares-partagas","16":"product_tag-cigares-pour-collectionneurs","17":"product_tag-cigares-rares-fr","18":"product_tag-cigares-vintage","19":"product_tag-habanos-fr","20":"product_tag-partagas-fr","21":"product_tag-partagas-reserva-fr","22":"product_tag-partagas-serie-e-no-2-gran-reserva-fr","24":"first","25":"instock","26":"shipping-taxable","27":"purchasable","28":"product-type-simple"},"aioseo_notices":[],"_links":{"self":[{"href":"https:\/\/smoke.ch\/fr\/wp-json\/wp\/v2\/product\/12011","targetHints":{"allow":["GET"]}}],"collection":[{"href":"https:\/\/smoke.ch\/fr\/wp-json\/wp\/v2\/product"}],"about":[{"href":"https:\/\/smoke.ch\/fr\/wp-json\/wp\/v2\/types\/product"}],"replies":[{"embeddable":true,"href":"https:\/\/smoke.ch\/fr\/wp-json\/wp\/v2\/comments?post=12011"}],"wp:featuredmedia":[{"embeddable":true,"href":"https:\/\/smoke.ch\/fr\/wp-json\/wp\/v2\/media\/12017"}],"wp:attachment":[{"href":"https:\/\/smoke.ch\/fr\/wp-json\/wp\/v2\/media?parent=12011"}],"wp:term":[{"taxonomy":"product_brand","embeddable":true,"href":"https:\/\/smoke.ch\/fr\/wp-json\/wp\/v2\/product_brand?post=12011"},{"taxonomy":"product_cat","embeddable":true,"href":"https:\/\/smoke.ch\/fr\/wp-json\/wp\/v2\/product_cat?post=12011"},{"taxonomy":"product_tag","embeddable":true,"href":"https:\/\/smoke.ch\/fr\/wp-json\/wp\/v2\/product_tag?post=12011"}],"curies":[{"name":"wp","href":"https:\/\/api.w.org\/{rel}","templated":true}]}}