{"id":12045,"date":"2024-05-18T13:43:56","date_gmt":"2024-05-18T13:43:56","guid":{"rendered":"https:\/\/smoke.ch\/product\/bolivar-regentes-edicion-limitada-2021\/"},"modified":"2025-04-14T13:26:03","modified_gmt":"2025-04-14T13:26:03","slug":"bolivar-regentes-edicion-limitada-2021","status":"publish","type":"product","link":"https:\/\/smoke.ch\/fr\/produit\/bolivar-regentes-edicion-limitada-2021\/","title":{"rendered":"Bolivar Regentes Edicion Limitada 2021"},"content":{"rendered":"<p>Le site<a href=\"https:\/\/smoke.ch\/fr\/categorie-produit\/cigares\/bolivar-fr\/\"><br \/>\n  <strong> Bol\u00edvar Regentes<\/strong><br \/>\n<\/a> \u2013 Edici\u00f3n Limitada 2021 est la quatri\u00e8me fois que la marque est utilis\u00e9e pour la s\u00e9rie Edicion Limitada. Le m\u00e9lange de caf\u00e9 complet qui fait la renomm\u00e9e de Bolivar et qui est utilis\u00e9 depuis longtemps pour les publications r\u00e9gionales.<\/p>\n<p>La tr\u00e8s attendue Bolivar Regentes est la <a href=\"https:\/\/www.habanos.com\/es\/\"><strong>Habanos Limited Edition 2021<\/strong><\/a> et a une taille de bague de 5 1\/8 pouces (130 mm) x 52. La vitole est connue sous le nom de Discretos dans les fabriques de cigares de renomm\u00e9e mondiale \u00e0 Cuba et est propos\u00e9e dans des bo\u00eetes SLB de 25 cigares sp\u00e9cialement con\u00e7ues \u00e0 cet effet.<br \/>\nLe cigare Bolivar Regentes pr\u00e9sente les m\u00eames dimensions que la <a href=\"https:\/\/smoke.ch\/fr\/categorie-produit\/cigares\/partagas-fr\/\"><strong>Partag\u00e1s Maduros No.1<\/strong> <\/a>et d\u00e9livre au palais une fum\u00e9e volumineuse et arrondie, \u00e9quilibr\u00e9e par des ar\u00f4mes intenses et complexes et des parfums riches, caract\u00e9ristiques de cette puissante marque de Habanos.<\/p>\n<p>Tout le tabac utilis\u00e9 pour les <a href=\"https:\/\/smoke.ch\/fr\/categorie-produit\/cigares\/\"><strong>Les cigares Bolivar Regentes<\/strong><\/a><br \/>\nBien qu&rsquo;il ne s&rsquo;agisse peut-\u00eatre pas d&rsquo;un cigare pour les d\u00e9butants, ses caract\u00e9ristiques en font l&rsquo;une des marques les plus recherch\u00e9es par les fumeurs de cigares plus exp\u00e9riment\u00e9s et les collectionneurs qui souhaitent en exalter les ar\u00f4mes puissants et riches par le stockage.<\/p>\n","protected":false},"excerpt":{"rendered":"<p>Le site Bol\u00edvar Regentes \u2013 Edici\u00f3n Limitada 2021 est la quatri\u00e8me fois que la marque est utilis\u00e9e pour la s\u00e9rie Edicion Limitada. Le m\u00e9lange de caf\u00e9 complet qui fait la renomm\u00e9e de Bolivar et qui est utilis\u00e9 depuis longtemps pour les publications r\u00e9gionales. La tr\u00e8s attendue Bolivar Regentes est la Habanos Limited Edition 2021 et [&hellip;]<\/p>\n","protected":false},"featured_media":12052,"comment_status":"open","ping_status":"closed","template":"","meta":{"_et_pb_use_builder":"","_et_pb_old_content":"","_et_gb_content_width":""},"product_brand":[],"product_cat":[221,219],"product_tag":[809,810,1014,1099,1213,1080,1124,1123,926,1120,924,1026,881,1126],"class_list":{"0":"post-12045","1":"product","2":"type-product","3":"status-publish","4":"has-post-thumbnail","6":"product_cat-bolivar-fr","7":"product_cat-cigares","8":"product_tag-bolivar-fr","9":"product_tag-bolivar-regentes-edicion-limitada-fr","10":"product_tag-cigare-premium","11":"product_tag-cigares","12":"product_tag-cigares-bolivar","13":"product_tag-cigares-cubains","14":"product_tag-cigares-cubains-exclusifs","15":"product_tag-cigares-cubains-vintage","16":"product_tag-cigares-en-edition-limitee","17":"product_tag-cigares-habanos","18":"product_tag-cigares-pour-collectionneurs","19":"product_tag-cigares-rares-fr","20":"product_tag-cigares-vintage","21":"product_tag-habanos-fr","23":"first","24":"instock","25":"shipping-taxable","26":"purchasable","27":"product-type-variable"},"aioseo_notices":[],"_links":{"self":[{"href":"https:\/\/smoke.ch\/fr\/wp-json\/wp\/v2\/product\/12045","targetHints":{"allow":["GET"]}}],"collection":[{"href":"https:\/\/smoke.ch\/fr\/wp-json\/wp\/v2\/product"}],"about":[{"href":"https:\/\/smoke.ch\/fr\/wp-json\/wp\/v2\/types\/product"}],"replies":[{"embeddable":true,"href":"https:\/\/smoke.ch\/fr\/wp-json\/wp\/v2\/comments?post=12045"}],"wp:featuredmedia":[{"embeddable":true,"href":"https:\/\/smoke.ch\/fr\/wp-json\/wp\/v2\/media\/12052"}],"wp:attachment":[{"href":"https:\/\/smoke.ch\/fr\/wp-json\/wp\/v2\/media?parent=12045"}],"wp:term":[{"taxonomy":"product_brand","embeddable":true,"href":"https:\/\/smoke.ch\/fr\/wp-json\/wp\/v2\/product_brand?post=12045"},{"taxonomy":"product_cat","embeddable":true,"href":"https:\/\/smoke.ch\/fr\/wp-json\/wp\/v2\/product_cat?post=12045"},{"taxonomy":"product_tag","embeddable":true,"href":"https:\/\/smoke.ch\/fr\/wp-json\/wp\/v2\/product_tag?post=12045"}],"curies":[{"name":"wp","href":"https:\/\/api.w.org\/{rel}","templated":true}]}}