{"id":12079,"date":"2024-05-17T13:28:45","date_gmt":"2024-05-17T13:28:45","guid":{"rendered":"https:\/\/smoke.ch\/product\/cohiba-siglo-vi\/"},"modified":"2026-02-24T21:44:57","modified_gmt":"2026-02-24T21:44:57","slug":"cohiba-siglo-vi","status":"publish","type":"product","link":"https:\/\/smoke.ch\/fr\/produit\/cohiba-siglo-vi\/","title":{"rendered":"Cohiba Siglo VI"},"content":{"rendered":"<p>Savourez l&rsquo;exp\u00e9rience gustative exclusive de la <a href=\"https:\/\/smoke.ch\/product-category\/zigarren\/cohiba\/\"><br \/>\n  <strong>Cohiba Siglo VI<\/strong><br \/>\n<\/a>Le Cigarette Sigma est un cigare de qualit\u00e9 sup\u00e9rieure, fabriqu\u00e9 \u00e0 partir des meilleures mati\u00e8res premi\u00e8res. Ce cigare unique de <a href=\"https:\/\/www.habanos.com\/en\/\"><br \/>\n  <strong>Habanos S.A.<\/strong><br \/>\n<\/a> est le sixi\u00e8me cigare Siglo de Cohiba qui n&rsquo;est pas produit en \u00e9dition sp\u00e9ciale et qui est enfin \u00e0 nouveau disponible \u2013 mais seulement en quantit\u00e9 limit\u00e9e. Le Cohiba Siglo VI, dont le nom d&rsquo;usine est Ca\u00f1onazo, fait le bonheur des aficionados du monde entier et jouit d&rsquo;une grande popularit\u00e9.<\/p>\n<p>Plongez dans l&rsquo;univers de Cohiba et laissez-vous s\u00e9duire par ce <a href=\"https:\/\/smoke.ch\/product-category\/zigarren\/\"><br \/>\n  <strong>Cigare<\/strong><br \/>\n<\/a> avec son ar\u00f4me intense et son exp\u00e9rience de fumage incomparable ! Essayez le Cohiba Siglo VI et d\u00e9couvrez les saveurs raffin\u00e9es qui font de ce cigare un v\u00e9ritable chef-d&rsquo;\u0153uvre. Mais n&rsquo;attendez pas trop longtemps, car en raison de leur limitation, il pourrait encore \u00eatre difficile de les obtenir ! Commandez d\u00e8s maintenant ce cigare pour votre <a href=\"https:\/\/smoke.ch\/product-category\/humidore\/\"><br \/>\n  <strong>Humidor<\/strong><br \/>\n<\/a> et offrez-vous ce plaisir exclusif !<\/p>\n","protected":false},"excerpt":{"rendered":"<p>Savourez l&rsquo;exp\u00e9rience gustative exclusive de la Cohiba Siglo VI Le Cigarette Sigma est un cigare de qualit\u00e9 sup\u00e9rieure, fabriqu\u00e9 \u00e0 partir des meilleures mati\u00e8res premi\u00e8res. Ce cigare unique de Habanos S.A. est le sixi\u00e8me cigare Siglo de Cohiba qui n&rsquo;est pas produit en \u00e9dition sp\u00e9ciale et qui est enfin \u00e0 nouveau disponible \u2013 mais seulement [&hellip;]<\/p>\n","protected":false},"featured_media":12080,"comment_status":"open","ping_status":"closed","template":"","meta":{"_et_pb_use_builder":"","_et_pb_old_content":"","_et_gb_content_width":""},"product_brand":[],"product_cat":[219,220],"product_tag":[1692,1119,1080,1146,1693],"class_list":{"0":"post-12079","1":"product","2":"type-product","3":"status-publish","4":"has-post-thumbnail","6":"product_cat-cigares","7":"product_cat-cohiba-fr","8":"product_tag-acheter-cohiba-siglo-vi","9":"product_tag-cigares-cohiba","10":"product_tag-cigares-cubains","11":"product_tag-cohiba-siglo-vi-fr","12":"product_tag-prix-du-cohiba-siglo-vi","14":"first","15":"instock","16":"shipping-taxable","17":"purchasable","18":"product-type-variable"},"aioseo_notices":[],"_links":{"self":[{"href":"https:\/\/smoke.ch\/fr\/wp-json\/wp\/v2\/product\/12079","targetHints":{"allow":["GET"]}}],"collection":[{"href":"https:\/\/smoke.ch\/fr\/wp-json\/wp\/v2\/product"}],"about":[{"href":"https:\/\/smoke.ch\/fr\/wp-json\/wp\/v2\/types\/product"}],"replies":[{"embeddable":true,"href":"https:\/\/smoke.ch\/fr\/wp-json\/wp\/v2\/comments?post=12079"}],"wp:featuredmedia":[{"embeddable":true,"href":"https:\/\/smoke.ch\/fr\/wp-json\/wp\/v2\/media\/12080"}],"wp:attachment":[{"href":"https:\/\/smoke.ch\/fr\/wp-json\/wp\/v2\/media?parent=12079"}],"wp:term":[{"taxonomy":"product_brand","embeddable":true,"href":"https:\/\/smoke.ch\/fr\/wp-json\/wp\/v2\/product_brand?post=12079"},{"taxonomy":"product_cat","embeddable":true,"href":"https:\/\/smoke.ch\/fr\/wp-json\/wp\/v2\/product_cat?post=12079"},{"taxonomy":"product_tag","embeddable":true,"href":"https:\/\/smoke.ch\/fr\/wp-json\/wp\/v2\/product_tag?post=12079"}],"curies":[{"name":"wp","href":"https:\/\/api.w.org\/{rel}","templated":true}]}}