{"id":12104,"date":"2024-05-17T13:11:47","date_gmt":"2024-05-17T13:11:47","guid":{"rendered":"https:\/\/smoke.ch\/product\/cohiba-piramides-extra\/"},"modified":"2025-12-08T17:13:31","modified_gmt":"2025-12-08T17:13:31","slug":"cohiba-piramides-extra","status":"publish","type":"product","link":"https:\/\/smoke.ch\/fr\/produit\/cohiba-piramides-extra\/","title":{"rendered":"Cohiba Piramides Extra"},"content":{"rendered":"<p>Savourez l&rsquo;exp\u00e9rience gustative exclusive de la <a href=\"https:\/\/smoke.ch\/fr\/categorie-produit\/cigares\/cohiba-fr\/\"><br \/>\n  <strong>Cohiba Piramides Extra<\/strong><br \/>\n<\/a>Un cigare de qualit\u00e9 sup\u00e9rieure, fabriqu\u00e9 \u00e0 partir des meilleures mati\u00e8res premi\u00e8res. Ce cigare unique de <a href=\"https:\/\/www.habanos.com\/en\/\"><br \/>\n  <strong>Habanos<\/strong><br \/>\n<\/a> S.A. est le premier Piramide de Cohiba qui n&rsquo;est pas produit en \u00e9dition sp\u00e9ciale et qui est enfin disponible \u2013 mais seulement en quantit\u00e9 limit\u00e9e. Il avait d\u00e9j\u00e0 \u00e9t\u00e9 pr\u00e9sent\u00e9 pour la premi\u00e8re fois au Festival Habanos 2012 et depuis, il jouit d&rsquo;une grande popularit\u00e9 aupr\u00e8s des aficionados du monde entier.<\/p>\n<p>Plongez dans le monde de <a href=\"https:\/\/smoke.ch\/fr\/categorie-produit\/cigares\/cohiba-fr\/\"><strong>Cohiba<\/strong> <\/a>et laissez-vous tenter par ce <a href=\"https:\/\/smoke.ch\/fr\/categorie-produit\/cigares\/\"><br \/>\n  <strong>cigare<\/strong><br \/>\n<\/a> avec son ar\u00f4me intense et son exp\u00e9rience de fumage incomparable ! Essayez le Cohiba Piramides Extra et d\u00e9couvrez les nuances de go\u00fbt raffin\u00e9es qui font de ce cigare un v\u00e9ritable chef-d&rsquo;\u0153uvre. Mais n&rsquo;attendez pas trop longtemps, car en raison de leur limitation, il pourrait encore \u00eatre difficile de les obtenir ! Commandez d\u00e8s maintenant ce cigare pour votre <a href=\"https:\/\/smoke.ch\/fr\/categorie-produit\/caves-a-cigares\/\"><br \/>\n  <strong>Humidor<\/strong><br \/>\n<\/a> et offrez-vous ce plaisir exclusif !<\/p>\n","protected":false},"excerpt":{"rendered":"<p>Savourez l&rsquo;exp\u00e9rience gustative exclusive de la Cohiba Piramides Extra Un cigare de qualit\u00e9 sup\u00e9rieure, fabriqu\u00e9 \u00e0 partir des meilleures mati\u00e8res premi\u00e8res. Ce cigare unique de Habanos S.A. est le premier Piramide de Cohiba qui n&rsquo;est pas produit en \u00e9dition sp\u00e9ciale et qui est enfin disponible \u2013 mais seulement en quantit\u00e9 limit\u00e9e. Il avait d\u00e9j\u00e0 \u00e9t\u00e9 [&hellip;]<\/p>\n","protected":false},"featured_media":12108,"comment_status":"open","ping_status":"closed","template":"","meta":{"_et_pb_use_builder":"","_et_pb_old_content":"","_et_gb_content_width":""},"product_brand":[],"product_cat":[219,220],"product_tag":[1014,1099,1119,1080,1124,1123,926,1120,924,1026,881,801,817,948,1126],"class_list":{"0":"post-12104","1":"product","2":"type-product","3":"status-publish","4":"has-post-thumbnail","6":"product_cat-cigares","7":"product_cat-cohiba-fr","8":"product_tag-cigare-premium","9":"product_tag-cigares","10":"product_tag-cigares-cohiba","11":"product_tag-cigares-cubains","12":"product_tag-cigares-cubains-exclusifs","13":"product_tag-cigares-cubains-vintage","14":"product_tag-cigares-en-edition-limitee","15":"product_tag-cigares-habanos","16":"product_tag-cigares-pour-collectionneurs","17":"product_tag-cigares-rares-fr","18":"product_tag-cigares-vintage","19":"product_tag-cohiba-fr","20":"product_tag-cohiba-piramides-fr","21":"product_tag-cohiba-piramides-extra-fr","22":"product_tag-habanos-fr","24":"first","25":"instock","26":"shipping-taxable","27":"purchasable","28":"product-type-variable"},"aioseo_notices":[],"_links":{"self":[{"href":"https:\/\/smoke.ch\/fr\/wp-json\/wp\/v2\/product\/12104","targetHints":{"allow":["GET"]}}],"collection":[{"href":"https:\/\/smoke.ch\/fr\/wp-json\/wp\/v2\/product"}],"about":[{"href":"https:\/\/smoke.ch\/fr\/wp-json\/wp\/v2\/types\/product"}],"replies":[{"embeddable":true,"href":"https:\/\/smoke.ch\/fr\/wp-json\/wp\/v2\/comments?post=12104"}],"wp:featuredmedia":[{"embeddable":true,"href":"https:\/\/smoke.ch\/fr\/wp-json\/wp\/v2\/media\/12108"}],"wp:attachment":[{"href":"https:\/\/smoke.ch\/fr\/wp-json\/wp\/v2\/media?parent=12104"}],"wp:term":[{"taxonomy":"product_brand","embeddable":true,"href":"https:\/\/smoke.ch\/fr\/wp-json\/wp\/v2\/product_brand?post=12104"},{"taxonomy":"product_cat","embeddable":true,"href":"https:\/\/smoke.ch\/fr\/wp-json\/wp\/v2\/product_cat?post=12104"},{"taxonomy":"product_tag","embeddable":true,"href":"https:\/\/smoke.ch\/fr\/wp-json\/wp\/v2\/product_tag?post=12104"}],"curies":[{"name":"wp","href":"https:\/\/api.w.org\/{rel}","templated":true}]}}