{"id":12129,"date":"2024-05-15T14:51:36","date_gmt":"2024-05-15T14:51:36","guid":{"rendered":"https:\/\/smoke.ch\/product\/partagas-linea-maestra-origen\/"},"modified":"2026-01-31T15:21:24","modified_gmt":"2026-01-31T15:21:24","slug":"partagas-linea-maestra-origen","status":"publish","type":"product","link":"https:\/\/smoke.ch\/fr\/produit\/partagas-linea-maestra-origen\/","title":{"rendered":"Partagas Linea Maestra \u2013 Origen"},"content":{"rendered":"<p>Lors du Festival Habanos 2023 de l&rsquo;ann\u00e9e derni\u00e8re, Habanos a pr\u00e9sent\u00e9 une nouvelle gamme de cigares. <a href=\"https:\/\/www.habanos.com\/en\/\"><br \/>\n  <strong>Habanos S.A.<\/strong><br \/>\n<\/a> a fi\u00e8rement pr\u00e9sent\u00e9 la nouvelle Partagas Linea Maestra. Cette ligne de ma\u00eetres exclusive, habill\u00e9e d&rsquo;un bleu inhabituel mais raffin\u00e9, viendra d\u00e9sormais enrichir la gamme Partagas d&rsquo;une s\u00e9rie haut de gamme.<\/p>\n<p>Les trois nouveaux formats de cette s\u00e9rie pr\u00e9sentent une forme de t\u00eate l\u00e9g\u00e8rement arrondie, une caract\u00e9ristique que l&rsquo;on ne retrouve actuellement dans aucune autre gamme de cigares Habanos. La premi\u00e8re impression de ces cigares est \u00e9tonnamment douce pour un <a href=\"https:\/\/smoke.ch\/product-category\/zigarren\/partagas\/\"><br \/>\n  <strong>Partagas-Blend<\/strong><br \/>\n<\/a> et offre un plaisir de fumer onctueux.<\/p>\n<p>Les tabacs de Partagas Linea Maestra subissent un processus de fermentation sp\u00e9cial, similaire \u00e0 celui des tabacs de <a href=\"https:\/\/smoke.ch\/product-category\/zigarren\/cohiba\/\"><br \/>\n  <strong>Cohiba<\/strong><br \/>\n<\/a>qui subissent plusieurs cycles de fermentation. La douceur de ces tabacs est largement influenc\u00e9e par leur position \u00e0 la fronti\u00e8re entre le seco et le ligero. En revanche, le tabac volado, qui pousse plus bas sur la plante, a plut\u00f4t tendance \u00e0 avoir un go\u00fbt amer.<\/p>\n<p>La Linea Maestra est lanc\u00e9e comme une premi\u00e8re pour le conglom\u00e9rat de cigares cubains, avec un diam\u00e8tre de 46 \u00e0 56 mesures de bague. Les trois variantes de cette s\u00e9rie semblent \u00eatre totalement nouvelles, caract\u00e9ris\u00e9es par les noms d&rsquo;usine Deleites, Bondadosos et Gustosos.<\/p>\n<p>Chaque bo\u00eete de la<a href=\"https:\/\/smoke.ch\/product-category\/zigarren\/\"><br \/>\n  <strong> Linea Maestra contient 20 cigares<\/strong><br \/>\n<\/a> et est qualifi\u00e9e d&rsquo;\u00e9dition sp\u00e9ciale par la manufacture Partagas. Habanos S.A. souligne que la Linea Maestra est un hommage aux origines uniques, aux connaissances acquises et \u00e0 la tradition du Habanos, qui en font un plaisir rituel, et aux ma\u00eetres qui permettent aux passionn\u00e9s de r\u00e9aliser de v\u00e9ritables chefs-d&rsquo;\u0153uvre.<\/p>\n<p>Actuellement, nous n&rsquo;avons que quelques caisses en stock, c&rsquo;est pourquoi nous ne pouvons les proposer \u00e0 la vente qu&rsquo;\u00e0 l&rsquo;unit\u00e9. Chacun de ces trois cigares nobles et exceptionnels doit figurer dans chaque<a href=\"https:\/\/smoke.ch\/product-category\/humidore\/\"><br \/>\n  <strong> Humidor<\/strong><br \/>\n<\/a>.<\/p>\n<div class=\"flex-1 overflow-hidden\">\n<div class=\"react-scroll-to-bottom--css-jwode-79elbk h-full\">\n<div class=\"react-scroll-to-bottom--css-jwode-1n7m0yu\">\n<div class=\"flex flex-col text-sm pb-9\">\n<div class=\"w-full text-token-text-primary\" dir=\"auto\" data-testid=\"conversation-turn-11\" data-scroll-anchor=\"true\">\n<div class=\"py-2 px-3 text-base md:px-4 m-auto md:px-5 lg:px-1 xl:px-5\">\n<div class=\"mx-auto flex flex-1 gap-3 text-base juice:gap-4 juice:md:gap-6 md:max-w-3xl\">\n<div class=\"relative flex w-full min-w-0 flex-col agent-turn\">\n<div class=\"absolute\">\n<div class=\"flex w-full gap-2 items-center justify-center\"><\/div>\n<\/div>\n<\/div>\n<\/div>\n<\/div>\n<\/div>\n<\/div>\n<\/div>\n<\/div>\n<\/div>\n","protected":false},"excerpt":{"rendered":"<p>Lors du Festival Habanos 2023 de l&rsquo;ann\u00e9e derni\u00e8re, Habanos a pr\u00e9sent\u00e9 une nouvelle gamme de cigares. Habanos S.A. a fi\u00e8rement pr\u00e9sent\u00e9 la nouvelle Partagas Linea Maestra. Cette ligne de ma\u00eetres exclusive, habill\u00e9e d&rsquo;un bleu inhabituel mais raffin\u00e9, viendra d\u00e9sormais enrichir la gamme Partagas d&rsquo;une s\u00e9rie haut de gamme. Les trois nouveaux formats de cette s\u00e9rie [&hellip;]<\/p>\n","protected":false},"featured_media":12137,"comment_status":"open","ping_status":"closed","template":"","meta":{"_et_pb_use_builder":"","_et_pb_old_content":"","_et_gb_content_width":""},"product_brand":[],"product_cat":[219,225],"product_tag":[1014,1099,1080,1124,1123,926,1120,1208,924,1026,881,1126,264,802,1043],"class_list":{"0":"post-12129","1":"product","2":"type-product","3":"status-publish","4":"has-post-thumbnail","6":"product_cat-cigares","7":"product_cat-partagas-fr","8":"product_tag-cigare-premium","9":"product_tag-cigares","10":"product_tag-cigares-cubains","11":"product_tag-cigares-cubains-exclusifs","12":"product_tag-cigares-cubains-vintage","13":"product_tag-cigares-en-edition-limitee","14":"product_tag-cigares-habanos","15":"product_tag-cigares-partagas","16":"product_tag-cigares-pour-collectionneurs","17":"product_tag-cigares-rares-fr","18":"product_tag-cigares-vintage","19":"product_tag-habanos-fr","20":"product_tag-linea-maestra-fr","21":"product_tag-partagas-fr","22":"product_tag-partagas-origen-fr","24":"first","25":"instock","26":"shipping-taxable","27":"purchasable","28":"product-type-variable"},"aioseo_notices":[],"_links":{"self":[{"href":"https:\/\/smoke.ch\/fr\/wp-json\/wp\/v2\/product\/12129","targetHints":{"allow":["GET"]}}],"collection":[{"href":"https:\/\/smoke.ch\/fr\/wp-json\/wp\/v2\/product"}],"about":[{"href":"https:\/\/smoke.ch\/fr\/wp-json\/wp\/v2\/types\/product"}],"replies":[{"embeddable":true,"href":"https:\/\/smoke.ch\/fr\/wp-json\/wp\/v2\/comments?post=12129"}],"wp:featuredmedia":[{"embeddable":true,"href":"https:\/\/smoke.ch\/fr\/wp-json\/wp\/v2\/media\/12137"}],"wp:attachment":[{"href":"https:\/\/smoke.ch\/fr\/wp-json\/wp\/v2\/media?parent=12129"}],"wp:term":[{"taxonomy":"product_brand","embeddable":true,"href":"https:\/\/smoke.ch\/fr\/wp-json\/wp\/v2\/product_brand?post=12129"},{"taxonomy":"product_cat","embeddable":true,"href":"https:\/\/smoke.ch\/fr\/wp-json\/wp\/v2\/product_cat?post=12129"},{"taxonomy":"product_tag","embeddable":true,"href":"https:\/\/smoke.ch\/fr\/wp-json\/wp\/v2\/product_tag?post=12129"}],"curies":[{"name":"wp","href":"https:\/\/api.w.org\/{rel}","templated":true}]}}