{"id":12151,"date":"2024-03-20T11:02:37","date_gmt":"2024-03-20T11:02:37","guid":{"rendered":"https:\/\/smoke.ch\/product\/trinidad-casilda-coleccion-habanos-2019\/"},"modified":"2025-04-14T14:34:08","modified_gmt":"2025-04-14T14:34:08","slug":"trinidad-casilda-coleccion-habanos-2019","status":"publish","type":"product","link":"https:\/\/smoke.ch\/fr\/produit\/trinidad-casilda-coleccion-habanos-2019\/","title":{"rendered":"Trinidad Casilda Colecci\u00f3n Habanos 2019"},"content":{"rendered":"<p>Lors du <a href=\"https:\/\/www.habanos.com\/en\/habano-festivals\/\"><br \/>\n  <strong>Festival del Habano<\/strong><br \/>\n<\/a> au printemps 2019, le cinquanti\u00e8me anniversaire de la marque <a href=\"https:\/\/smoke.ch\/fr\/categorie-produit\/cigares\/trinidad-fr\/\"><br \/>\n  <strong>Trinidad<\/strong><br \/>\n<\/a> de Cuba a \u00e9t\u00e9 c\u00e9l\u00e9br\u00e9. Pour c\u00e9l\u00e9brer ce jalon, Cuba a pr\u00e9sent\u00e9 trois nouveaux formats \u00e0 la marque : Media Luna, Topes et Esmeralda. Habanos a pr\u00e9sent\u00e9 une s\u00e9rie de nouveaut\u00e9s, dont le nouveau volume de la Colecci\u00f3n Habanos : Trinidad Casilda.<\/p>\n<p>Depuis 2002, Habanos S.A. lance chaque ann\u00e9e un format de cigare exceptionnel, d&rsquo;une taille impressionnante, dans une bo\u00eete en forme de livre. La s\u00e9rie porte le nom de \u00ab\u00a0<a href=\"https:\/\/smoke.ch\/fr\/categorie-produit\/caves-a-cigares\/\"><strong>Colecci\u00f3n Habanos<\/strong><\/a>\u00ab\u00a0qui s&rsquo;adresse aux collectionneurs de pr\u00e9cieux Habanos. <\/p>\n<p>Pour les amateurs de cigares cubains<a href=\"https:\/\/smoke.ch\/fr\/categorie-produit\/cigares\/\"> <strong>cigares<\/strong><\/a> chaque \u00e9dition de la <a href=\"https:\/\/smoke.ch\/fr\/categorie-produit\/caves-a-cigares\/\"><br \/>\n  <strong>Colecci\u00f3n Habanos<\/strong><br \/>\n<\/a> est un v\u00e9ritable objet de d\u00e9sir en raison de sa raret\u00e9 et du savoir-faire avec lequel il est fabriqu\u00e9. Bien que la marque soit l&rsquo;une des plus r\u00e9centes de Habanos S.A., Trinidad jouit d&rsquo;une grande popularit\u00e9 aupr\u00e8s des aficionados initi\u00e9s, ce qui rend ce nouveau livre tr\u00e8s recherch\u00e9 par les collectionneurs.<\/p>\n<p>Le livre Trinidad Casilda a \u00e9t\u00e9 tir\u00e9 \u00e0 seulement 3.000 exemplaires pour le monde entier. Chacun de ces objets de collection contient 24 \u00ab\u00a0Casilda\u00a0\u00bb (53 x 185 mm), une vitole aux dimensions g\u00e9n\u00e9reuses fabriqu\u00e9e par <a href=\"https:\/\/www.habanos.com\/en\/\"><strong>Habanos S.A<\/strong><\/a>. a \u00e9t\u00e9 cr\u00e9\u00e9e sp\u00e9cialement pour l&rsquo;occasion. Le nom a \u00e9t\u00e9 choisi pour rendre hommage au village de Casilda, le port maritime de la ville de Trinidad dans la province de Sancti Sp\u00edritus.<\/p>\n<p>Chaque Trinidad Casilda a \u00e9t\u00e9 enti\u00e8rement fabriqu\u00e9e \u00e0 la main, avec le plus grand soin, \u00e0 partir de feuilles provenant de Vuelta Abajo, o\u00f9 est r\u00e9colt\u00e9 le meilleur tabac du monde. Le livre \u00ab\u00a0Trinidad Casilda\u00a0\u00bb est un objet de collection extr\u00eamement exclusif pour tous les amateurs de la marque et de son go\u00fbt aromatique. C&rsquo;est un compl\u00e9ment pr\u00e9cieux pour chaque <a href=\"https:\/\/smoke.ch\/fr\/categorie-produit\/caves-a-cigares\/\"><br \/>\n  <strong>Humidor<\/strong><br \/>\n<\/a>.<\/p>\n<p>&nbsp;<\/p>\n","protected":false},"excerpt":{"rendered":"<p>Lors du Festival del Habano au printemps 2019, le cinquanti\u00e8me anniversaire de la marque Trinidad de Cuba a \u00e9t\u00e9 c\u00e9l\u00e9br\u00e9. Pour c\u00e9l\u00e9brer ce jalon, Cuba a pr\u00e9sent\u00e9 trois nouveaux formats \u00e0 la marque : Media Luna, Topes et Esmeralda. Habanos a pr\u00e9sent\u00e9 une s\u00e9rie de nouveaut\u00e9s, dont le nouveau volume de la Colecci\u00f3n Habanos : [&hellip;]<\/p>\n","protected":false},"featured_media":12153,"comment_status":"open","ping_status":"closed","template":"","meta":{"_et_pb_use_builder":"","_et_pb_old_content":"","_et_gb_content_width":""},"product_brand":[],"product_cat":[227,219,250,251],"product_tag":[1014,1099,1080,1124,1123,926,1120,924,1026,1222,881,1126,253,819],"class_list":{"0":"post-12151","1":"product","2":"type-product","3":"status-publish","4":"has-post-thumbnail","6":"product_cat-caves-a-cigares","7":"product_cat-cigares","8":"product_cat-trinidad-fr","9":"product_cat-trinidad-fr-2","10":"product_tag-cigare-premium","11":"product_tag-cigares","12":"product_tag-cigares-cubains","13":"product_tag-cigares-cubains-exclusifs","14":"product_tag-cigares-cubains-vintage","15":"product_tag-cigares-en-edition-limitee","16":"product_tag-cigares-habanos","17":"product_tag-cigares-pour-collectionneurs","18":"product_tag-cigares-rares-fr","19":"product_tag-cigares-trinidad","20":"product_tag-cigares-vintage","21":"product_tag-habanos-fr","22":"product_tag-trinidad-fr","23":"product_tag-trinidad-casilda-fr","25":"first","26":"instock","27":"featured","28":"shipping-taxable","29":"purchasable","30":"product-type-variable"},"aioseo_notices":[],"_links":{"self":[{"href":"https:\/\/smoke.ch\/fr\/wp-json\/wp\/v2\/product\/12151","targetHints":{"allow":["GET"]}}],"collection":[{"href":"https:\/\/smoke.ch\/fr\/wp-json\/wp\/v2\/product"}],"about":[{"href":"https:\/\/smoke.ch\/fr\/wp-json\/wp\/v2\/types\/product"}],"replies":[{"embeddable":true,"href":"https:\/\/smoke.ch\/fr\/wp-json\/wp\/v2\/comments?post=12151"}],"wp:featuredmedia":[{"embeddable":true,"href":"https:\/\/smoke.ch\/fr\/wp-json\/wp\/v2\/media\/12153"}],"wp:attachment":[{"href":"https:\/\/smoke.ch\/fr\/wp-json\/wp\/v2\/media?parent=12151"}],"wp:term":[{"taxonomy":"product_brand","embeddable":true,"href":"https:\/\/smoke.ch\/fr\/wp-json\/wp\/v2\/product_brand?post=12151"},{"taxonomy":"product_cat","embeddable":true,"href":"https:\/\/smoke.ch\/fr\/wp-json\/wp\/v2\/product_cat?post=12151"},{"taxonomy":"product_tag","embeddable":true,"href":"https:\/\/smoke.ch\/fr\/wp-json\/wp\/v2\/product_tag?post=12151"}],"curies":[{"name":"wp","href":"https:\/\/api.w.org\/{rel}","templated":true}]}}