{"id":12171,"date":"2024-02-03T13:37:34","date_gmt":"2024-02-03T13:37:34","guid":{"rendered":"https:\/\/smoke.ch\/product\/hoyo-de-monterrey-double-coronas-gran-reserva-2013\/"},"modified":"2025-04-14T14:47:01","modified_gmt":"2025-04-14T14:47:01","slug":"hoyo-de-monterrey-double-coronas-gran-reserva-2013","status":"publish","type":"product","link":"https:\/\/smoke.ch\/fr\/produit\/hoyo-de-monterrey-double-coronas-gran-reserva-2013\/","title":{"rendered":"Hoyo de Monterrey \u2013 Double Coronas Gran Reserva 2013"},"content":{"rendered":"<p><a href=\"https:\/\/smoke.ch\/fr\/categorie-produit\/cigares\/hoyo-de-monterrey-fr\/\"><br \/>\n  <strong>Hoyo de Monterrey<\/strong><br \/>\n<\/a> doit son origine \u00e0 la ville de San Juan y Martinez, qui se trouve au c\u0153ur de la zone de la Vuelta Abajo. La plantation Hoyo de Monterrey, l&rsquo;une des prestigieuses Vegas de Primera, est accessible par une porte situ\u00e9e sur la place principale de la ville, sur laquelle figure l&rsquo;inscription \u00ab\u00a0Hoyo de Monterrey. Jose Gener. 1960\u00a0\u00bb.<\/p>\n<p>Le mot \u00ab\u00a0Hoyo\u00a0\u00bb signifie litt\u00e9ralement \u00ab\u00a0trou\u00a0\u00bb et d\u00e9crit dans ce cas la situation profonde de la plantation le long des rives fertiles de la rivi\u00e8re San Juan y Martinez. C&rsquo;est en 1865 que l&rsquo;Espagnol Jose Gener a utilis\u00e9 pour la premi\u00e8re fois le nom de sa Vega pour cr\u00e9er une marque de cigare. <a href=\"https:\/\/www.habanos.com\/en\/\"><br \/>\n  <strong>marque de Habanos<\/strong><br \/>\n<\/a> pour cr\u00e9er la marque.<\/p>\n<p>Le go\u00fbt du m\u00e9lange Hoyo de Monterrey en fait un choix privil\u00e9gi\u00e9 pour ceux qui recherchent un habano d\u00e9licat mais aromatique. Il se caract\u00e9rise par un go\u00fbt plus l\u00e9ger, mais d&rsquo;une grande \u00e9l\u00e9gance et complexit\u00e9.<\/p>\n<p>Le Double Coronas-Vitola, v\u00e9ritable chef-d&rsquo;\u0153uvre de patience et de savoir-faire, introduit le concept de Gran Reserva chez Hoyo de Monterrey. Elle a \u00e9t\u00e9 pr\u00e9sent\u00e9e au <strong>festival Habanos<\/strong>, ce qui souligne avec force son importance dans le monde des cigares haut de gamme. <\/p>\n<p>Le cigare Hoyo de Monterrey Double Coronas Gran Reserva Cosecha 2013 est peut-\u00eatre l&rsquo;un des cigares Gran Reserva les plus attendus par les amateurs et les collectionneurs du monde entier. Le Hoyo Double Coronas mesure 194 mm et poss\u00e8de une bague de 49.<br \/>\nLes cigares utilis\u00e9s pour la production de ce cigare sont des cigares de qualit\u00e9 sup\u00e9rieure. <a href=\"https:\/\/smoke.ch\/fr\/categorie-produit\/cigares\/\"><strong>Cigare<\/strong> <\/a>utilis\u00e9es proviennent de la r\u00e9colte 2013 et ont donc m\u00fbri pendant au moins 5 ans avant d&rsquo;\u00eatre roul\u00e9es dans ces cigares Double Coronas.<br \/>\nLes cigares sont livr\u00e9s dans la bo\u00eete laqu\u00e9e typique de Gran Reserva, contenant 15 cigares chacun. Seules 5 000 caisses de <a href=\"https:\/\/www.habanos.com\/en\/\"><br \/>\n  <strong>Habanos S.A<\/strong><br \/>\n<\/a>. produit, quelque chose pour chacun <a href=\"https:\/\/smoke.ch\/fr\/categorie-produit\/caves-a-cigares\/\"><br \/>\n  <strong>Cave \u00e0 cigares<\/strong><br \/>\n<\/a>.<\/p>\n","protected":false},"excerpt":{"rendered":"<p>Hoyo de Monterrey doit son origine \u00e0 la ville de San Juan y Martinez, qui se trouve au c\u0153ur de la zone de la Vuelta Abajo. La plantation Hoyo de Monterrey, l&rsquo;une des prestigieuses Vegas de Primera, est accessible par une porte situ\u00e9e sur la place principale de la ville, sur laquelle figure l&rsquo;inscription \u00ab\u00a0Hoyo [&hellip;]<\/p>\n","protected":false},"featured_media":12180,"comment_status":"open","ping_status":"closed","template":"","meta":{"_et_pb_use_builder":"","_et_pb_old_content":"","_et_gb_content_width":""},"product_brand":[],"product_cat":[219,235],"product_tag":[1014,1099,1080,1124,1123,926,1120,1232,924,1026,881,1126,822,823],"class_list":{"0":"post-12171","1":"product","2":"type-product","3":"status-publish","4":"has-post-thumbnail","6":"product_cat-cigares","7":"product_cat-hoyo-de-monterrey-fr","8":"product_tag-cigare-premium","9":"product_tag-cigares","10":"product_tag-cigares-cubains","11":"product_tag-cigares-cubains-exclusifs","12":"product_tag-cigares-cubains-vintage","13":"product_tag-cigares-en-edition-limitee","14":"product_tag-cigares-habanos","15":"product_tag-cigares-hoyo-de-monterrey","16":"product_tag-cigares-pour-collectionneurs","17":"product_tag-cigares-rares-fr","18":"product_tag-cigares-vintage","19":"product_tag-habanos-fr","20":"product_tag-hoyo-de-monterrey-fr","21":"product_tag-hoyo-de-monterrey-gran-reserva-fr","23":"first","24":"instock","25":"shipping-taxable","26":"purchasable","27":"product-type-variable"},"aioseo_notices":[],"_links":{"self":[{"href":"https:\/\/smoke.ch\/fr\/wp-json\/wp\/v2\/product\/12171","targetHints":{"allow":["GET"]}}],"collection":[{"href":"https:\/\/smoke.ch\/fr\/wp-json\/wp\/v2\/product"}],"about":[{"href":"https:\/\/smoke.ch\/fr\/wp-json\/wp\/v2\/types\/product"}],"replies":[{"embeddable":true,"href":"https:\/\/smoke.ch\/fr\/wp-json\/wp\/v2\/comments?post=12171"}],"wp:featuredmedia":[{"embeddable":true,"href":"https:\/\/smoke.ch\/fr\/wp-json\/wp\/v2\/media\/12180"}],"wp:attachment":[{"href":"https:\/\/smoke.ch\/fr\/wp-json\/wp\/v2\/media?parent=12171"}],"wp:term":[{"taxonomy":"product_brand","embeddable":true,"href":"https:\/\/smoke.ch\/fr\/wp-json\/wp\/v2\/product_brand?post=12171"},{"taxonomy":"product_cat","embeddable":true,"href":"https:\/\/smoke.ch\/fr\/wp-json\/wp\/v2\/product_cat?post=12171"},{"taxonomy":"product_tag","embeddable":true,"href":"https:\/\/smoke.ch\/fr\/wp-json\/wp\/v2\/product_tag?post=12171"}],"curies":[{"name":"wp","href":"https:\/\/api.w.org\/{rel}","templated":true}]}}