{"id":12210,"date":"2023-10-28T10:55:06","date_gmt":"2023-10-28T10:55:06","guid":{"rendered":"https:\/\/smoke.ch\/product\/h-upmann-sir-winston-gran-reserva-cosecha-2011\/"},"modified":"2025-04-16T09:01:00","modified_gmt":"2025-04-16T09:01:00","slug":"h-upmann-sir-winston-gran-reserva-cosecha-2011","status":"publish","type":"product","link":"https:\/\/smoke.ch\/fr\/produit\/h-upmann-sir-winston-gran-reserva-cosecha-2011\/","title":{"rendered":"H. Upmann Sir Winston Gran Reserva Cosecha 2011"},"content":{"rendered":"<p>Consid\u00e9r\u00e9 comme l&rsquo;un des cigares les plus exclusifs <a href=\"https:\/\/smoke.ch\/fr\/categorie-produit\/cigares\/\"><strong>cigares<\/strong> <\/a>et le premier Gran Reserva de la <strong>maison <a href=\"\/?product_cat=h_upmann\">H. Upmann<\/a><\/strong>, ce cigare Habano au go\u00fbt rond et aux ar\u00f4mes sucr\u00e9s s\u00e9duira les amateurs exigeants de <a href=\"https:\/\/www.habanos.com\/en\/\"><strong>Habanos<\/strong> <\/a>seront enthousiasm\u00e9s. Le format reste inchang\u00e9 par rapport \u00e0 la production standard et il s&rsquo;agit donc d&rsquo;une \u00ab\u00a0Julieta No. 2\u00a0\u00bb d&rsquo;un diam\u00e8tre de 47 et d&rsquo;une longueur de 178 mm.<\/p>\n<p>Apr\u00e8s une s\u00e9lection rigoureuse de feuilles de tabac r\u00e9colt\u00e9es en 2011 dans la Vuelta Abajo, la meilleure r\u00e9gion de culture du tabac au monde, ces feuilles ont subi un long et doux processus de maturation qui a dur\u00e9 plus de cinq ans. Ensuite, les Habanos ont \u00e9t\u00e9 m\u00e9ticuleusement fabriqu\u00e9s \u00e0 la main par les torcedors les plus exp\u00e9riment\u00e9s.<\/p>\n<p>Le H. Upmann Sir Winston Gran Reserva Cosecha 2011 est disponible dans le monde entier dans une quantit\u00e9 limit\u00e9e de 5.000 bo\u00eetes num\u00e9rot\u00e9es, chaque bo\u00eete contenant 15 cigares pour sa <a href=\"https:\/\/smoke.ch\/fr\/categorie-produit\/caves-a-cigares\/\"><br \/>\n  <strong>Humidor<\/strong><br \/>\n<\/a> contient.<\/p>\n","protected":false},"excerpt":{"rendered":"<p>Consid\u00e9r\u00e9 comme l&rsquo;un des cigares les plus exclusifs cigares et le premier Gran Reserva de la maison H. Upmann, ce cigare Habano au go\u00fbt rond et aux ar\u00f4mes sucr\u00e9s s\u00e9duira les amateurs exigeants de Habanos seront enthousiasm\u00e9s. Le format reste inchang\u00e9 par rapport \u00e0 la production standard et il s&rsquo;agit donc d&rsquo;une \u00ab\u00a0Julieta No. 2\u00a0\u00bb [&hellip;]<\/p>\n","protected":false},"featured_media":12212,"comment_status":"open","ping_status":"closed","template":"","meta":{"_et_pb_use_builder":"","_et_pb_old_content":"","_et_gb_content_width":""},"product_brand":[],"product_cat":[219,238],"product_tag":[1014,1099,1080,1124,1123,926,1120,924,1026,881,1246,826,827,1126],"class_list":{"0":"post-12210","1":"product","2":"type-product","3":"status-publish","4":"has-post-thumbnail","6":"product_cat-cigares","7":"product_cat-h-upmann-fr","8":"product_tag-cigare-premium","9":"product_tag-cigares","10":"product_tag-cigares-cubains","11":"product_tag-cigares-cubains-exclusifs","12":"product_tag-cigares-cubains-vintage","13":"product_tag-cigares-en-edition-limitee","14":"product_tag-cigares-habanos","15":"product_tag-cigares-pour-collectionneurs","16":"product_tag-cigares-rares-fr","17":"product_tag-cigares-vintage","18":"product_tag-h-cigares-upmann","19":"product_tag-h-upmann-fr","20":"product_tag-h-upmann-sir-winston-fr","21":"product_tag-habanos-fr","23":"first","24":"instock","25":"shipping-taxable","26":"purchasable","27":"product-type-variable"},"aioseo_notices":[],"_links":{"self":[{"href":"https:\/\/smoke.ch\/fr\/wp-json\/wp\/v2\/product\/12210","targetHints":{"allow":["GET"]}}],"collection":[{"href":"https:\/\/smoke.ch\/fr\/wp-json\/wp\/v2\/product"}],"about":[{"href":"https:\/\/smoke.ch\/fr\/wp-json\/wp\/v2\/types\/product"}],"replies":[{"embeddable":true,"href":"https:\/\/smoke.ch\/fr\/wp-json\/wp\/v2\/comments?post=12210"}],"wp:featuredmedia":[{"embeddable":true,"href":"https:\/\/smoke.ch\/fr\/wp-json\/wp\/v2\/media\/12212"}],"wp:attachment":[{"href":"https:\/\/smoke.ch\/fr\/wp-json\/wp\/v2\/media?parent=12210"}],"wp:term":[{"taxonomy":"product_brand","embeddable":true,"href":"https:\/\/smoke.ch\/fr\/wp-json\/wp\/v2\/product_brand?post=12210"},{"taxonomy":"product_cat","embeddable":true,"href":"https:\/\/smoke.ch\/fr\/wp-json\/wp\/v2\/product_cat?post=12210"},{"taxonomy":"product_tag","embeddable":true,"href":"https:\/\/smoke.ch\/fr\/wp-json\/wp\/v2\/product_tag?post=12210"}],"curies":[{"name":"wp","href":"https:\/\/api.w.org\/{rel}","templated":true}]}}