{"id":12211,"date":"2024-02-03T15:10:37","date_gmt":"2024-02-03T15:10:37","guid":{"rendered":"https:\/\/smoke.ch\/product\/partagas-lusitanias-gran-reserva-cosecha-2007\/"},"modified":"2026-01-31T15:21:36","modified_gmt":"2026-01-31T15:21:36","slug":"partagas-lusitanias-gran-reserva-cosecha-2007","status":"publish","type":"product","link":"https:\/\/smoke.ch\/fr\/produit\/partagas-lusitanias-gran-reserva-cosecha-2007\/","title":{"rendered":"Partagas Lusitanias \u2013 Gran Reserva \u2013 Cosecha 2007"},"content":{"rendered":"<p>Le site <a href=\"https:\/\/smoke.ch\/product-category\/zigarren\/partagas\/\"><br \/>\n  <strong>Cigares Partagas<\/strong><br \/>\n<\/a> sont connus pour leur m\u00e9lange \u00e9quilibr\u00e9 de tabacs et leur go\u00fbt caract\u00e9ristique, obtenu gr\u00e2ce \u00e0 l&rsquo;utilisation de feuilles de tabac de la r\u00e9gion de Vuelta Abajo, dans la province de Pinar del Rio. Ces tabacs, consid\u00e9r\u00e9s comme les meilleurs au monde, sont soigneusement s\u00e9lectionn\u00e9s et transform\u00e9s en chefs-d&rsquo;\u0153uvre par des rouleurs de cigares exp\u00e9riment\u00e9s.<\/p>\n<p>La Partag\u00e1s Lusitania Gran Reserva n&rsquo;est que la troisi\u00e8me \u00e9dition d&rsquo;une Gran Reserva de Habanos. Ces <a href=\"https:\/\/smoke.ch\/product-category\/zigarren\/\"><br \/>\n  <strong>excellents cigares<\/strong><br \/>\n<\/a> sont compos\u00e9s de tabacs de la r\u00e9colte 2007, vieillis pendant au moins cinq ans, et font sans aucun doute partie des plus grands plaisirs du monde de la <a href=\"https:\/\/www.habanos.com\/en\/\"><br \/>\n  <strong>Habanos S.A<\/strong><br \/>\n<\/a>. Seuls les meilleurs et les plus exp\u00e9riment\u00e9s des rouleurs de l&rsquo;usine ont \u00e9t\u00e9 choisis pour rouler ces cigares exquis \u00e0 partir de feuilles de tabac soigneusement s\u00e9lectionn\u00e9es. Il n&rsquo;y aura que 5.000 caisses de 15 pi\u00e8ces de ce Gran Reserva dans le monde. Le m\u00e9lange du Lusitania Gran Reserva est l\u00e9g\u00e8rement plus l\u00e9ger que celui du format classique de la s\u00e9rie standard, tout en \u00e9tant nettement plus complexe et aromatique. De l&rsquo;avis de nombreux experts, ce cigare \u00e9poustouflant est consid\u00e9r\u00e9 comme le meilleur Gran Reserva jamais produit.<br \/>\nIl ne fait aucun doute qu&rsquo;il fera bient\u00f4t partie des raret\u00e9s les plus recherch\u00e9es par les amateurs de Habanos.<\/p>\n<p>Quiconque a la chance de poss\u00e9der un <a href=\"https:\/\/smoke.ch\/product-category\/zigarren\/partagas\/\"><strong>Partag\u00e1s Lusitanias<\/strong><\/a> Gran Reserva Cosecha 2007 peut s&rsquo;estimer extr\u00eamement chanceux. Plusieurs amateurs souhaitaient explorer plus en d\u00e9tail les qualit\u00e9s de ce cigare d\u00e9j\u00e0 l\u00e9gendaire. Pour le savoir, ils ont pr\u00e9lev\u00e9 des \u00e9chantillons du processus de vieillissement et les ont go\u00fbt\u00e9s \u2013 sachant pertinemment que les cigares de La Havane devraient id\u00e9alement \u00eatre conserv\u00e9s pendant au moins la m\u00eame dur\u00e9e que celle du vieillissement individuel de leurs tabacs au pr\u00e9alable.<\/p>\n<p>Le caract\u00e8re particulier de ce grand format appara\u00eet encore plus clairement dans le deuxi\u00e8me tiers. Des notes douces et gourmandes emplissent \u00e9l\u00e9gamment le palais. La finale est si bien construite que l&rsquo;aficionado savourera certainement le cigare jusqu&rsquo;au tout dernier centim\u00e8tre \u2013 un must absolu pour tout cigare. <a href=\"https:\/\/smoke.ch\/product-category\/humidore\/\"><br \/>\n  <strong>Humidor.<\/strong><br \/>\n<\/a><\/p>\n","protected":false},"excerpt":{"rendered":"<p>Le site Cigares Partagas sont connus pour leur m\u00e9lange \u00e9quilibr\u00e9 de tabacs et leur go\u00fbt caract\u00e9ristique, obtenu gr\u00e2ce \u00e0 l&rsquo;utilisation de feuilles de tabac de la r\u00e9gion de Vuelta Abajo, dans la province de Pinar del Rio. Ces tabacs, consid\u00e9r\u00e9s comme les meilleurs au monde, sont soigneusement s\u00e9lectionn\u00e9s et transform\u00e9s en chefs-d&rsquo;\u0153uvre par des rouleurs [&hellip;]<\/p>\n","protected":false},"featured_media":12221,"comment_status":"open","ping_status":"closed","template":"","meta":{"_et_pb_use_builder":"","_et_pb_old_content":"","_et_gb_content_width":""},"product_brand":[],"product_cat":[227,219,225,878],"product_tag":[1014,1099,1080,1124,1123,926,1120,1208,924,1026,881,1126,802,828,1227],"class_list":{"0":"post-12211","1":"product","2":"type-product","3":"status-publish","4":"has-post-thumbnail","6":"product_cat-caves-a-cigares","7":"product_cat-cigares","8":"product_cat-partagas-fr","9":"product_cat-partagas-fr-2","10":"product_tag-cigare-premium","11":"product_tag-cigares","12":"product_tag-cigares-cubains","13":"product_tag-cigares-cubains-exclusifs","14":"product_tag-cigares-cubains-vintage","15":"product_tag-cigares-en-edition-limitee","16":"product_tag-cigares-habanos","17":"product_tag-cigares-partagas","18":"product_tag-cigares-pour-collectionneurs","19":"product_tag-cigares-rares-fr","20":"product_tag-cigares-vintage","21":"product_tag-habanos-fr","22":"product_tag-partagas-fr","23":"product_tag-partagas-lusitanias-fr","24":"product_tag-partagas-lusitanias-gran-reserva-fr","26":"first","27":"instock","28":"shipping-taxable","29":"purchasable","30":"product-type-variable"},"aioseo_notices":[],"_links":{"self":[{"href":"https:\/\/smoke.ch\/fr\/wp-json\/wp\/v2\/product\/12211","targetHints":{"allow":["GET"]}}],"collection":[{"href":"https:\/\/smoke.ch\/fr\/wp-json\/wp\/v2\/product"}],"about":[{"href":"https:\/\/smoke.ch\/fr\/wp-json\/wp\/v2\/types\/product"}],"replies":[{"embeddable":true,"href":"https:\/\/smoke.ch\/fr\/wp-json\/wp\/v2\/comments?post=12211"}],"wp:featuredmedia":[{"embeddable":true,"href":"https:\/\/smoke.ch\/fr\/wp-json\/wp\/v2\/media\/12221"}],"wp:attachment":[{"href":"https:\/\/smoke.ch\/fr\/wp-json\/wp\/v2\/media?parent=12211"}],"wp:term":[{"taxonomy":"product_brand","embeddable":true,"href":"https:\/\/smoke.ch\/fr\/wp-json\/wp\/v2\/product_brand?post=12211"},{"taxonomy":"product_cat","embeddable":true,"href":"https:\/\/smoke.ch\/fr\/wp-json\/wp\/v2\/product_cat?post=12211"},{"taxonomy":"product_tag","embeddable":true,"href":"https:\/\/smoke.ch\/fr\/wp-json\/wp\/v2\/product_tag?post=12211"}],"curies":[{"name":"wp","href":"https:\/\/api.w.org\/{rel}","templated":true}]}}