{"id":12241,"date":"2023-10-28T10:38:37","date_gmt":"2023-10-28T10:38:37","guid":{"rendered":"https:\/\/smoke.ch\/product\/romeo-y-julieta-churchill-reserva-cosecha-2008\/"},"modified":"2025-04-16T09:08:39","modified_gmt":"2025-04-16T09:08:39","slug":"romeo-y-julieta-churchill-reserva-cosecha-2008","status":"publish","type":"product","link":"https:\/\/smoke.ch\/fr\/produit\/romeo-y-julieta-churchill-reserva-cosecha-2008\/","title":{"rendered":"Romeo y Julieta \u2013 Churchill Reserva Cosecha 2008"},"content":{"rendered":"<p>Le site<a href=\"https:\/\/smoke.ch\/fr\/categorie-produit\/cigares\/romeo-y-julieta-fr\/\"><br \/>\n  <strong> Romeo y Julieta<\/strong><br \/>\n<\/a> Churchill Reserva est une \u00e9dition exclusive <a href=\"https:\/\/www.habanos.com\/en\/\"><br \/>\n  <strong>\u00c9dition Habanos<\/strong><br \/>\n<\/a>Elle sera disponible dans une \u00e9dition limit\u00e9e \u00e0 seulement 5 000 caisses. Le format classique Churchill, dont le nom de production est Julieta No.2 (longueur : 178 mm ; mesure annulaire : 47), est un format embl\u00e9matique de la marque, fond\u00e9e en 1875.<\/p>\n<p>Le <strong><a href=\"https:\/\/smoke.ch\/fr\/categorie-produit\/cigares\/\"> cigare<\/a> Churchill Reserva<\/strong> est compos\u00e9 de tabacs soigneusement s\u00e9lectionn\u00e9s, vieillis pendant au moins trois ans et issus de la r\u00e9colte de 2008. Comme il est d&rsquo;usage pour cette s\u00e9rie, elle est propos\u00e9e dans des bo\u00eetes brillantes et laqu\u00e9es, num\u00e9rot\u00e9es individuellement et contenant chacune 20 cigares. Le Churchill Reserva porte, en plus de la bague dor\u00e9e classique, une deuxi\u00e8me bague de cigare qui le distingue comme Reserva, id\u00e9al pour chaque<a href=\"https:\/\/smoke.ch\/fr\/categorie-produit\/caves-a-cigares\/\"><br \/>\n  <strong> Humidor<\/strong><br \/>\n<\/a>.<\/p>\n","protected":false},"excerpt":{"rendered":"<p>Le site Romeo y Julieta Churchill Reserva est une \u00e9dition exclusive \u00c9dition Habanos Elle sera disponible dans une \u00e9dition limit\u00e9e \u00e0 seulement 5 000 caisses. Le format classique Churchill, dont le nom de production est Julieta No.2 (longueur : 178 mm ; mesure annulaire : 47), est un format embl\u00e9matique de la marque, fond\u00e9e en [&hellip;]<\/p>\n","protected":false},"featured_media":12243,"comment_status":"open","ping_status":"closed","template":"","meta":{"_et_pb_use_builder":"","_et_pb_old_content":"","_et_gb_content_width":""},"product_brand":[],"product_cat":[219,226],"product_tag":[243,1014,1099,1080,1124,1123,926,1120,924,1026,1255,881,1126,242,1252],"class_list":{"0":"post-12241","1":"product","2":"type-product","3":"status-publish","4":"has-post-thumbnail","6":"product_cat-cigares","7":"product_cat-romeo-y-julieta-fr","8":"product_tag-churchill-fr","9":"product_tag-cigare-premium","10":"product_tag-cigares","11":"product_tag-cigares-cubains","12":"product_tag-cigares-cubains-exclusifs","13":"product_tag-cigares-cubains-vintage","14":"product_tag-cigares-en-edition-limitee","15":"product_tag-cigares-habanos","16":"product_tag-cigares-pour-collectionneurs","17":"product_tag-cigares-rares-fr","18":"product_tag-cigares-romeo-y-julieta","19":"product_tag-cigares-vintage","20":"product_tag-habanos-fr","21":"product_tag-romeo-y-julieta-fr","22":"product_tag-romeo-y-julieta-churchill-fr","24":"first","25":"outofstock","26":"shipping-taxable","27":"purchasable","28":"product-type-variable"},"aioseo_notices":[],"_links":{"self":[{"href":"https:\/\/smoke.ch\/fr\/wp-json\/wp\/v2\/product\/12241","targetHints":{"allow":["GET"]}}],"collection":[{"href":"https:\/\/smoke.ch\/fr\/wp-json\/wp\/v2\/product"}],"about":[{"href":"https:\/\/smoke.ch\/fr\/wp-json\/wp\/v2\/types\/product"}],"replies":[{"embeddable":true,"href":"https:\/\/smoke.ch\/fr\/wp-json\/wp\/v2\/comments?post=12241"}],"wp:featuredmedia":[{"embeddable":true,"href":"https:\/\/smoke.ch\/fr\/wp-json\/wp\/v2\/media\/12243"}],"wp:attachment":[{"href":"https:\/\/smoke.ch\/fr\/wp-json\/wp\/v2\/media?parent=12241"}],"wp:term":[{"taxonomy":"product_brand","embeddable":true,"href":"https:\/\/smoke.ch\/fr\/wp-json\/wp\/v2\/product_brand?post=12241"},{"taxonomy":"product_cat","embeddable":true,"href":"https:\/\/smoke.ch\/fr\/wp-json\/wp\/v2\/product_cat?post=12241"},{"taxonomy":"product_tag","embeddable":true,"href":"https:\/\/smoke.ch\/fr\/wp-json\/wp\/v2\/product_tag?post=12241"}],"curies":[{"name":"wp","href":"https:\/\/api.w.org\/{rel}","templated":true}]}}