{"id":12261,"date":"2023-10-06T15:33:43","date_gmt":"2023-10-06T15:33:43","guid":{"rendered":"https:\/\/smoke.ch\/product\/h-upmann-super-magnum-coleccion-habanos-edicion-2020\/"},"modified":"2025-04-16T09:14:51","modified_gmt":"2025-04-16T09:14:51","slug":"h-upmann-super-magnum-coleccion-habanos-edicion-2020","status":"publish","type":"product","link":"https:\/\/smoke.ch\/fr\/produit\/h-upmann-super-magnum-coleccion-habanos-edicion-2020\/","title":{"rendered":"H. Upmann Super Magnum Colecci\u00f3n Habanos Edici\u00f3n 2020"},"content":{"rendered":"<p>Les coffrets raffin\u00e9s sont con\u00e7us en laque noire piano et \u00e9quip\u00e9s de mani\u00e8re luxueuse. <a href=\"\/?product_cat=h_upmann\"><strong>H. Upmann<\/strong><\/a>un banquier allemand, s&rsquo;installe \u00e0 La Havane en 1844, pouss\u00e9 par son amour des cigares.<a href=\"https:\/\/smoke.ch\/fr\/categorie-produit\/cigares\/\"><strong> cigares cubains<\/strong><\/a>. \u00c0 La Havane, il s&rsquo;est fait un nom non seulement comme banquier, mais aussi comme fabricant de cigares. Bien que sa banque ait ferm\u00e9 dans les ann\u00e9es 1920, ses cigares ont surv\u00e9cu et sont aujourd&rsquo;hui des exemples exceptionnels de cigares de qualit\u00e9. <a href=\"https:\/\/www.habanos.com\/en\/\"><strong>des habanos \u00e9l\u00e9gants<\/strong><\/a> au go\u00fbt doux \u00e0 moyennement cors\u00e9 \u2013 un plaisir pour toute cave \u00e0 cigares.<br \/>\nLe m\u00e9lange de tabac de H. Upmann est exclusivement compos\u00e9 de feuilles de la r\u00e9gion de Vuelta Abajo. Les bo\u00eetes distinctives sont d\u00e9cor\u00e9es de m\u00e9dailles d&rsquo;or,<br \/>\nque H. Upmann a re\u00e7ues lors de onze expositions internationales du 19e si\u00e8cle. Depuis plus de 150 ans, la marque est synonyme d&rsquo;\u00e9quilibre parfait et de go\u00fbt classique \u2013 et le Super Magnum reste fid\u00e8le \u00e0 cette tradition.<br \/>\nCette taille sp\u00e9ciale, connue sous le nom de \u00ab\u00a0Radiantes\u00a0\u00bb dans les usines cubaines, mesure 7 1\/8 pouces (180 mm) de long et a une taille de 56 anneaux. Elle offre aux connaisseurs environ une heure de plaisir de fumer incomparable et fait battre le c\u0153ur des collectionneurs du monde entier.<br \/>\nCette collection est la deuxi\u00e8me consacr\u00e9e \u00e0 la marque H. Upmann ; la premi\u00e8re est apparue en 2007, un must pour tout cubain. <a href=\"https:\/\/smoke.ch\/fr\/categorie-produit\/caves-a-cigares\/\"><strong>Humidor.<\/strong><\/a>     <\/p>\n<p>&nbsp;<\/p>\n","protected":false},"excerpt":{"rendered":"<p>Les coffrets raffin\u00e9s sont con\u00e7us en laque noire piano et \u00e9quip\u00e9s de mani\u00e8re luxueuse. H. Upmannun banquier allemand, s&rsquo;installe \u00e0 La Havane en 1844, pouss\u00e9 par son amour des cigares. cigares cubains. \u00c0 La Havane, il s&rsquo;est fait un nom non seulement comme banquier, mais aussi comme fabricant de cigares. Bien que sa banque ait [&hellip;]<\/p>\n","protected":false},"featured_media":12270,"comment_status":"open","ping_status":"closed","template":"","meta":{"_et_pb_use_builder":"","_et_pb_old_content":"","_et_gb_content_width":""},"product_brand":[],"product_cat":[227,219,238,1020],"product_tag":[1014,1099,1080,1123,926,1120,924,1026,881,1246,832,833,1126],"class_list":{"0":"post-12261","1":"product","2":"type-product","3":"status-publish","4":"has-post-thumbnail","6":"product_cat-caves-a-cigares","7":"product_cat-cigares","8":"product_cat-h-upmann-fr","9":"product_cat-h-upmann-fr-2","10":"product_tag-cigare-premium","11":"product_tag-cigares","12":"product_tag-cigares-cubains","13":"product_tag-cigares-cubains-vintage","14":"product_tag-cigares-en-edition-limitee","15":"product_tag-cigares-habanos","16":"product_tag-cigares-pour-collectionneurs","17":"product_tag-cigares-rares-fr","18":"product_tag-cigares-vintage","19":"product_tag-h-cigares-upmann","20":"product_tag-h-upmann-super-magnum-fr","21":"product_tag-h-upmann-super-magnum-colleccion-habanos","22":"product_tag-habanos-fr","24":"first","25":"instock","26":"shipping-taxable","27":"purchasable","28":"product-type-variable"},"aioseo_notices":[],"_links":{"self":[{"href":"https:\/\/smoke.ch\/fr\/wp-json\/wp\/v2\/product\/12261","targetHints":{"allow":["GET"]}}],"collection":[{"href":"https:\/\/smoke.ch\/fr\/wp-json\/wp\/v2\/product"}],"about":[{"href":"https:\/\/smoke.ch\/fr\/wp-json\/wp\/v2\/types\/product"}],"replies":[{"embeddable":true,"href":"https:\/\/smoke.ch\/fr\/wp-json\/wp\/v2\/comments?post=12261"}],"wp:featuredmedia":[{"embeddable":true,"href":"https:\/\/smoke.ch\/fr\/wp-json\/wp\/v2\/media\/12270"}],"wp:attachment":[{"href":"https:\/\/smoke.ch\/fr\/wp-json\/wp\/v2\/media?parent=12261"}],"wp:term":[{"taxonomy":"product_brand","embeddable":true,"href":"https:\/\/smoke.ch\/fr\/wp-json\/wp\/v2\/product_brand?post=12261"},{"taxonomy":"product_cat","embeddable":true,"href":"https:\/\/smoke.ch\/fr\/wp-json\/wp\/v2\/product_cat?post=12261"},{"taxonomy":"product_tag","embeddable":true,"href":"https:\/\/smoke.ch\/fr\/wp-json\/wp\/v2\/product_tag?post=12261"}],"curies":[{"name":"wp","href":"https:\/\/api.w.org\/{rel}","templated":true}]}}