{"id":12283,"date":"2023-10-14T10:50:37","date_gmt":"2023-10-14T10:50:37","guid":{"rendered":"https:\/\/smoke.ch\/product\/cohiba-maduro-5-genios\/"},"modified":"2025-03-19T11:03:43","modified_gmt":"2025-03-19T11:03:43","slug":"cohiba-maduro-5-genios","status":"publish","type":"product","link":"https:\/\/smoke.ch\/fr\/produit\/cohiba-maduro-5-genios\/","title":{"rendered":"Cohiba Maduro 5 Genios"},"content":{"rendered":"<p>Le site <a href=\"https:\/\/smoke.ch\/fr\/categorie-produit\/cigares\/cohiba-fr\/\"><strong>Cohiba Maduro 5 Genios<\/strong> <\/a>est sans aucun doute un chef-d&rsquo;\u0153uvre cubain qui \u00e9merveille les aficionados. D\u00e9j\u00e0 impeccable dans son aspect ext\u00e9rieur, il s\u00e9duit par une palette aromatique vari\u00e9e, une combustion r\u00e9guli\u00e8re et une fum\u00e9e dense. Ce cigare impressionnant au format estupendos, d&rsquo;une circonf\u00e9rence de 52 et d&rsquo;une longueur de 14 centim\u00e8tres, offre environ une heure de plaisir de fumer et est particuli\u00e8rement appr\u00e9ci\u00e9 des connaisseurs pour sa puissance.  <\/p>\n<p>L&rsquo;odeur froide s\u00e9duit d\u00e9j\u00e0 avec de fines notes de chocolat qui se prolongent dans la fum\u00e9e. Les ar\u00f4mes de torr\u00e9faction sont pr\u00e9sents d\u00e8s le d\u00e9but, accompagn\u00e9s de bois doux et du terroir cubain typique. Une agr\u00e9able saveur \u00e9pic\u00e9e se retrouve tout au long de la fum\u00e9e, tandis que de discr\u00e8tes notes de mousse compl\u00e8tent les ar\u00f4mes bois\u00e9s. La fum\u00e9e est toujours dense, cr\u00e9meuse et douce.   <\/p>\n<p>L&rsquo;apparence de la Genios laisse d\u00e9j\u00e0 pr\u00e9sager de son importance. Gr\u00e2ce \u00e0 sa cape maduro mature, elle se pr\u00e9sente dans une obscurit\u00e9 profonde. La finition est visuellement presque parfaite et exclusive de<a href=\"https:\/\/www.habanos.com\/en\/\"><strong> Habanos S.A.<\/strong><\/a> La banderole embl\u00e9matique fait battre le c\u0153ur des amateurs de cigares. La gamme Maduro est commercialis\u00e9e depuis 2007 et perp\u00e9tue la tradition originale de la cig\u00fce. <a href=\"https:\/\/smoke.ch\/fr\/categorie-produit\/cigares\/\"><strong>tradition cubaine du cigare<\/strong><\/a> dont le go\u00fbt puissant est d\u00fb aux \u00e9tapes sp\u00e9ciales de fermentation du tabac.   <\/p>\n<p>La derni\u00e8re cr\u00e9ation de la prestigieuse maison Cohiba s&rsquo;appelle Maduro 5. Cette s\u00e9rie haut de gamme comprend trois formats de cigares : Genios, Magicos et Secretos, parfaits pour les <a href=\"https:\/\/smoke.ch\/fr\/categorie-produit\/caves-a-cigares\/\"><strong>pour chaque cave \u00e0 cigares<\/strong><\/a> conviennent parfaitement. Chaque cigare se distingue par sa qualit\u00e9 sup\u00e9rieure et est envelopp\u00e9 d&rsquo;une cape qui a fi\u00e8rement m\u00fbri pendant cinq ans. Seules les meilleures vari\u00e9t\u00e9s de tabac de Cuba sont utilis\u00e9es pour la fabrication de ces cigares.  <\/p>\n","protected":false},"excerpt":{"rendered":"<p>Le site Cohiba Maduro 5 Genios est sans aucun doute un chef-d&rsquo;\u0153uvre cubain qui \u00e9merveille les aficionados. D\u00e9j\u00e0 impeccable dans son aspect ext\u00e9rieur, il s\u00e9duit par une palette aromatique vari\u00e9e, une combustion r\u00e9guli\u00e8re et une fum\u00e9e dense. Ce cigare impressionnant au format estupendos, d&rsquo;une circonf\u00e9rence de 52 et d&rsquo;une longueur de 14 centim\u00e8tres, offre environ [&hellip;]<\/p>\n","protected":false},"featured_media":12285,"comment_status":"open","ping_status":"closed","template":"","meta":{"_et_pb_use_builder":"","_et_pb_old_content":"","_et_gb_content_width":""},"product_brand":[],"product_cat":[219,220],"product_tag":[1014,1099,1119,1080,1124,1123,926,1120,924,1026,881,801,1154,834,1126],"class_list":{"0":"post-12283","1":"product","2":"type-product","3":"status-publish","4":"has-post-thumbnail","6":"product_cat-cigares","7":"product_cat-cohiba-fr","8":"product_tag-cigare-premium","9":"product_tag-cigares","10":"product_tag-cigares-cohiba","11":"product_tag-cigares-cubains","12":"product_tag-cigares-cubains-exclusifs","13":"product_tag-cigares-cubains-vintage","14":"product_tag-cigares-en-edition-limitee","15":"product_tag-cigares-habanos","16":"product_tag-cigares-pour-collectionneurs","17":"product_tag-cigares-rares-fr","18":"product_tag-cigares-vintage","19":"product_tag-cohiba-fr","20":"product_tag-cohiba-maduro-fr","21":"product_tag-cohiba-maduro-5-fr","22":"product_tag-habanos-fr","24":"first","25":"instock","26":"shipping-taxable","27":"purchasable","28":"product-type-variable"},"aioseo_notices":[],"_links":{"self":[{"href":"https:\/\/smoke.ch\/fr\/wp-json\/wp\/v2\/product\/12283","targetHints":{"allow":["GET"]}}],"collection":[{"href":"https:\/\/smoke.ch\/fr\/wp-json\/wp\/v2\/product"}],"about":[{"href":"https:\/\/smoke.ch\/fr\/wp-json\/wp\/v2\/types\/product"}],"replies":[{"embeddable":true,"href":"https:\/\/smoke.ch\/fr\/wp-json\/wp\/v2\/comments?post=12283"}],"wp:featuredmedia":[{"embeddable":true,"href":"https:\/\/smoke.ch\/fr\/wp-json\/wp\/v2\/media\/12285"}],"wp:attachment":[{"href":"https:\/\/smoke.ch\/fr\/wp-json\/wp\/v2\/media?parent=12283"}],"wp:term":[{"taxonomy":"product_brand","embeddable":true,"href":"https:\/\/smoke.ch\/fr\/wp-json\/wp\/v2\/product_brand?post=12283"},{"taxonomy":"product_cat","embeddable":true,"href":"https:\/\/smoke.ch\/fr\/wp-json\/wp\/v2\/product_cat?post=12283"},{"taxonomy":"product_tag","embeddable":true,"href":"https:\/\/smoke.ch\/fr\/wp-json\/wp\/v2\/product_tag?post=12283"}],"curies":[{"name":"wp","href":"https:\/\/api.w.org\/{rel}","templated":true}]}}