{"id":12309,"date":"2023-10-06T10:16:42","date_gmt":"2023-10-06T10:16:42","guid":{"rendered":"https:\/\/smoke.ch\/product\/h-upmann-no-2-reserva-cosecha-2010\/"},"modified":"2025-04-16T09:23:12","modified_gmt":"2025-04-16T09:23:12","slug":"h-upmann-no-2-reserva-cosecha-2010","status":"publish","type":"product","link":"https:\/\/smoke.ch\/fr\/produit\/h-upmann-no-2-reserva-cosecha-2010\/","title":{"rendered":"H.Upmann No. 2 Reserva Cosecha 2010"},"content":{"rendered":"<p>Annonc\u00e9 en 2014, le cigare tant attendu par les aficionados du monde entier est enfin disponible sur le march\u00e9.<br \/>\nLe <strong>H. Upmann No. 2 Reserva cosecha 2010<\/strong>. Ces remarquables <strong><a href=\"https:\/\/smoke.ch\/fr\/categorie-produit\/cigares\/\"> cigares<\/a> en \u00e9dition limit\u00e9e<\/strong> sont compos\u00e9s de tabacs de la r\u00e9colte 2010, vieillis pendant au moins trois ans, et comptent sans aucun doute parmi les plaisirs les plus exclusifs et les plus extraordinaires du monde de l ? <a href=\"https:\/\/www.habanos.com\/en\/\"><br \/>\n  <strong>Habanos<\/strong><br \/>\n<\/a>.  Il va sans dire que seuls les meilleurs rouleurs et les plus exp\u00e9riment\u00e9s sont s\u00e9lectionn\u00e9s dans les manufactures pour fabriquer ces chefs-d&rsquo;\u0153uvre \u00e0 partir de feuilles de tabac soigneusement s\u00e9lectionn\u00e9es. Seules 5 000 caisses de 20 pi\u00e8ces sont produites dans le monde pour chaque \u00e9dition de la Reserva, id\u00e9ale pour votre <a href=\"https:\/\/smoke.ch\/fr\/categorie-produit\/caves-a-cigares\/\"><br \/>\n  <strong>Humidor<\/strong><br \/>\n<\/a>. Pour cette \u00e9dition, le produit phare absolu de la marque de <a href=\"\/?product_cat=h_upmann\"><br \/>\n  <strong>H. Upmann<\/strong><br \/>\n<\/a> a \u00e9t\u00e9 choisie : le format classique Pir\u00e1mide \u00ab\u00a0No.2\u00a0\u00bb d&rsquo;une longueur de 156 mm et d&rsquo;une mesure annulaire de 52.<\/p>\n<p>L&rsquo;assemblage de cette r\u00e9serve est l\u00e9g\u00e8rement plus l\u00e9ger que celui du format classique de la s\u00e9rie standard, mais nettement plus complexe et aromatique. Il ne fait aucun doute qu&rsquo;elle deviendra bient\u00f4t l&rsquo;une des raret\u00e9s les plus recherch\u00e9es par les collectionneurs et les amateurs de Habanos.<\/p>\n","protected":false},"excerpt":{"rendered":"<p>Annonc\u00e9 en 2014, le cigare tant attendu par les aficionados du monde entier est enfin disponible sur le march\u00e9. Le H. Upmann No. 2 Reserva cosecha 2010. Ces remarquables cigares en \u00e9dition limit\u00e9e sont compos\u00e9s de tabacs de la r\u00e9colte 2010, vieillis pendant au moins trois ans, et comptent sans aucun doute parmi les plaisirs [&hellip;]<\/p>\n","protected":false},"featured_media":12315,"comment_status":"open","ping_status":"closed","template":"","meta":{"_et_pb_use_builder":"","_et_pb_old_content":"","_et_gb_content_width":""},"product_brand":[],"product_cat":[219,238],"product_tag":[1014,1099,1080,1124,1123,926,1120,924,1026,881,1246,826,838,1126],"class_list":{"0":"post-12309","1":"product","2":"type-product","3":"status-publish","4":"has-post-thumbnail","6":"product_cat-cigares","7":"product_cat-h-upmann-fr","8":"product_tag-cigare-premium","9":"product_tag-cigares","10":"product_tag-cigares-cubains","11":"product_tag-cigares-cubains-exclusifs","12":"product_tag-cigares-cubains-vintage","13":"product_tag-cigares-en-edition-limitee","14":"product_tag-cigares-habanos","15":"product_tag-cigares-pour-collectionneurs","16":"product_tag-cigares-rares-fr","17":"product_tag-cigares-vintage","18":"product_tag-h-cigares-upmann","19":"product_tag-h-upmann-fr","20":"product_tag-h-upmann-no-2-reserva-fr","21":"product_tag-habanos-fr","23":"first","24":"instock","25":"shipping-taxable","26":"purchasable","27":"product-type-variable"},"aioseo_notices":[],"_links":{"self":[{"href":"https:\/\/smoke.ch\/fr\/wp-json\/wp\/v2\/product\/12309","targetHints":{"allow":["GET"]}}],"collection":[{"href":"https:\/\/smoke.ch\/fr\/wp-json\/wp\/v2\/product"}],"about":[{"href":"https:\/\/smoke.ch\/fr\/wp-json\/wp\/v2\/types\/product"}],"replies":[{"embeddable":true,"href":"https:\/\/smoke.ch\/fr\/wp-json\/wp\/v2\/comments?post=12309"}],"wp:featuredmedia":[{"embeddable":true,"href":"https:\/\/smoke.ch\/fr\/wp-json\/wp\/v2\/media\/12315"}],"wp:attachment":[{"href":"https:\/\/smoke.ch\/fr\/wp-json\/wp\/v2\/media?parent=12309"}],"wp:term":[{"taxonomy":"product_brand","embeddable":true,"href":"https:\/\/smoke.ch\/fr\/wp-json\/wp\/v2\/product_brand?post=12309"},{"taxonomy":"product_cat","embeddable":true,"href":"https:\/\/smoke.ch\/fr\/wp-json\/wp\/v2\/product_cat?post=12309"},{"taxonomy":"product_tag","embeddable":true,"href":"https:\/\/smoke.ch\/fr\/wp-json\/wp\/v2\/product_tag?post=12309"}],"curies":[{"name":"wp","href":"https:\/\/api.w.org\/{rel}","templated":true}]}}