{"id":12324,"date":"2023-10-06T17:32:31","date_gmt":"2023-10-06T17:32:31","guid":{"rendered":"https:\/\/smoke.ch\/product\/hoyo-de-monterrey-epicure-no-2-reserva-cosecha-2012\/"},"modified":"2025-04-16T09:11:50","modified_gmt":"2025-04-16T09:11:50","slug":"hoyo-de-monterrey-epicure-no-2-reserva-cosecha-2012","status":"publish","type":"product","link":"https:\/\/smoke.ch\/fr\/produit\/hoyo-de-monterrey-epicure-no-2-reserva-cosecha-2012\/","title":{"rendered":"Hoyo de Monterrey Epicure No. 2 Reserva Cosecha 2012"},"content":{"rendered":"<p><a href=\"https:\/\/smoke.ch\/fr\/categorie-produit\/cigares\/hoyo-de-monterrey-fr\/\"><br \/>\n  <strong>Hoyo de Monterrey<\/strong><br \/>\n<\/a> doit son origine \u00e0 la ville de San Juan y Martinez, qui se trouve au c\u0153ur de la zone de la Vuelta Abajo. La plantation Hoyo de Monterrey, l&rsquo;une des prestigieuses Vegas de Primera, est accessible par une porte situ\u00e9e sur la place principale de la ville, sur laquelle figure l&rsquo;inscription \u00ab\u00a0Hoyo de Monterrey. Jose Gener. 1960\u00a0\u00bb s&rsquo;affiche.<\/p>\n<p>Le mot \u00ab\u00a0Hoyo\u00a0\u00bb signifie litt\u00e9ralement \u00ab\u00a0trou\u00a0\u00bb et d\u00e9crit dans ce cas la situation profonde de la plantation le long des rives fertiles de la rivi\u00e8re San Juan y Martinez. C&rsquo;est en 1865 que l&rsquo;Espagnol Jose Gener a utilis\u00e9 pour la premi\u00e8re fois le nom de sa Vega pour cr\u00e9er une marque de cigare. <a href=\"https:\/\/www.habanos.com\/en\/\"><br \/>\n  <strong>marque de Habanos<\/strong><br \/>\n<\/a> pour cr\u00e9er la marque.<\/p>\n<p>Le go\u00fbt du m\u00e9lange Hoyo de Monterrey en fait un choix privil\u00e9gi\u00e9 pour ceux qui recherchent un habano d\u00e9licat mais aromatique. Il se caract\u00e9rise par un go\u00fbt plus l\u00e9ger, mais d&rsquo;une grande \u00e9l\u00e9gance et complexit\u00e9.<\/p>\n<p>Ces excellents <a href=\"https:\/\/smoke.ch\/fr\/categorie-produit\/cigares\/\"><br \/>\n  <strong>cigares<\/strong><br \/>\n<\/a> sont compos\u00e9s de tabacs soigneusement m\u00fbris de la r\u00e9colte 2012, qui ont \u00e9t\u00e9 stock\u00e9s pendant au moins trois ans. Ils font sans aucun doute partie des plaisirs les plus exclusifs et les plus extraordinaires dans le monde des Habanos. Il va sans dire que seules les meilleures rouleurs de cigares exp\u00e9riment\u00e9s sont s\u00e9lectionn\u00e9s dans les manufactures pour cr\u00e9er de v\u00e9ritables chefs-d&rsquo;\u0153uvre \u00e0 partir de ces feuilles de tabac finement s\u00e9lectionn\u00e9es.<\/p>\n<p>Chaque \u00e9dition de la Reserva ne comprend que 5.000 bo\u00eetes de 20 cigares dans le monde. Pour cette \u00e9dition, nous avons choisi le format classique Robusto \u00ab\u00a0No.2\u00a0\u00bb de la prestigieuse marque Hoyo de Monterrey, id\u00e9al pour votre <a href=\"https:\/\/smoke.ch\/fr\/categorie-produit\/caves-a-cigares\/\"><br \/>\n  <strong>Humidor<\/strong><br \/>\n<\/a>.<\/p>\n<p>Pour la fabrication des Reservas, on utilise exclusivement des tabacs qui ont m\u00fbri pendant au moins trois ans, dont des feuilles de tripe, de couverture et d&rsquo;enveloppe qui proviennent des meilleurs Vegas Finas de Prima de la r\u00e9gion de Pinar del Rio. Ces cigares particuliers sont marqu\u00e9s \u00ab\u00a0Reserva\u00a0\u00bb par une deuxi\u00e8me bague de cigare noire et argent\u00e9e. Les caisses raffin\u00e9es sont laqu\u00e9es \u00e0 haute brillance et soulignent le caract\u00e8re \u00e9l\u00e9gant de ce format magistral.<\/p>\n<p>&nbsp;<\/p>\n","protected":false},"excerpt":{"rendered":"<p>Hoyo de Monterrey doit son origine \u00e0 la ville de San Juan y Martinez, qui se trouve au c\u0153ur de la zone de la Vuelta Abajo. La plantation Hoyo de Monterrey, l&rsquo;une des prestigieuses Vegas de Primera, est accessible par une porte situ\u00e9e sur la place principale de la ville, sur laquelle figure l&rsquo;inscription \u00ab\u00a0Hoyo [&hellip;]<\/p>\n","protected":false},"featured_media":12326,"comment_status":"open","ping_status":"closed","template":"","meta":{"_et_pb_use_builder":"","_et_pb_old_content":"","_et_gb_content_width":""},"product_brand":[],"product_cat":[219,235],"product_tag":[1014,1099,1080,1124,1123,926,1120,1232,924,1026,881,1126,822,839],"class_list":{"0":"post-12324","1":"product","2":"type-product","3":"status-publish","4":"has-post-thumbnail","6":"product_cat-cigares","7":"product_cat-hoyo-de-monterrey-fr","8":"product_tag-cigare-premium","9":"product_tag-cigares","10":"product_tag-cigares-cubains","11":"product_tag-cigares-cubains-exclusifs","12":"product_tag-cigares-cubains-vintage","13":"product_tag-cigares-en-edition-limitee","14":"product_tag-cigares-habanos","15":"product_tag-cigares-hoyo-de-monterrey","16":"product_tag-cigares-pour-collectionneurs","17":"product_tag-cigares-rares-fr","18":"product_tag-cigares-vintage","19":"product_tag-habanos-fr","20":"product_tag-hoyo-de-monterrey-fr","21":"product_tag-hoyo-de-monterrey-epicure-no-2-reserva-fr","23":"first","24":"instock","25":"shipping-taxable","26":"purchasable","27":"product-type-variable"},"aioseo_notices":[],"_links":{"self":[{"href":"https:\/\/smoke.ch\/fr\/wp-json\/wp\/v2\/product\/12324","targetHints":{"allow":["GET"]}}],"collection":[{"href":"https:\/\/smoke.ch\/fr\/wp-json\/wp\/v2\/product"}],"about":[{"href":"https:\/\/smoke.ch\/fr\/wp-json\/wp\/v2\/types\/product"}],"replies":[{"embeddable":true,"href":"https:\/\/smoke.ch\/fr\/wp-json\/wp\/v2\/comments?post=12324"}],"wp:featuredmedia":[{"embeddable":true,"href":"https:\/\/smoke.ch\/fr\/wp-json\/wp\/v2\/media\/12326"}],"wp:attachment":[{"href":"https:\/\/smoke.ch\/fr\/wp-json\/wp\/v2\/media?parent=12324"}],"wp:term":[{"taxonomy":"product_brand","embeddable":true,"href":"https:\/\/smoke.ch\/fr\/wp-json\/wp\/v2\/product_brand?post=12324"},{"taxonomy":"product_cat","embeddable":true,"href":"https:\/\/smoke.ch\/fr\/wp-json\/wp\/v2\/product_cat?post=12324"},{"taxonomy":"product_tag","embeddable":true,"href":"https:\/\/smoke.ch\/fr\/wp-json\/wp\/v2\/product_tag?post=12324"}],"curies":[{"name":"wp","href":"https:\/\/api.w.org\/{rel}","templated":true}]}}