{"id":12344,"date":"2023-08-02T12:40:00","date_gmt":"2023-08-02T12:40:00","guid":{"rendered":"https:\/\/smoke.ch\/product\/cohiba-55-aniversario-colleccion-habanos-edicion-2021-ideales\/"},"modified":"2025-10-05T09:38:35","modified_gmt":"2025-10-05T09:38:35","slug":"cohiba-55-aniversario-colleccion-habanos-edicion-2021-ideales","status":"publish","type":"product","link":"https:\/\/smoke.ch\/fr\/produit\/cohiba-55-aniversario-colleccion-habanos-edicion-2021-ideales\/","title":{"rendered":"Cohiba 55 Aniversario \u2013 Collecci\u00f3n Habanos Edici\u00f3n 2021 \u2013 Ideales"},"content":{"rendered":"<div class=\"flex-1 overflow-hidden\">\n<div class=\"react-scroll-to-bottom--css-pusiv-79elbk h-full dark:bg-gray-800\">\n<div class=\"react-scroll-to-bottom--css-pusiv-1n7m0yu\">\n<div class=\"flex flex-col text-sm dark:bg-gray-800\">\n<div class=\"group w-full text-gray-800 dark:text-gray-100 border-b border-black\/10 dark:border-gray-900\/50 bg-gray-50 dark:bg-[#444654]\">\n<div class=\"flex p-4 gap-4 text-base md:gap-6 md:max-w-2xl lg:max-w-[38rem] xl:max-w-3xl md:py-6 lg:px-0 m-auto\">\n<div class=\"relative flex w-[calc(100%-50px)] flex-col gap-1 md:gap-3 lg:w-[calc(100%-115px)]\">\n<div class=\"flex flex-grow flex-col gap-3\">\n<div class=\"min-h-[20px] flex items-start overflow-x-auto whitespace-pre-wrap break-words flex-col gap-4\">\n<div class=\"markdown prose w-full break-words dark:prose-invert light\">\n<p>L&rsquo;histoire de <a href=\"https:\/\/smoke.ch\/product-category\/zigarren\/cohiba\/\"><strong>Cohiba a commenc\u00e9 en 1966<\/strong><\/a>Les cigares Cohiba ont d&rsquo;abord \u00e9t\u00e9 offerts \u00e0 des membres haut plac\u00e9s du gouvernement. Le dirigeant cubain Fidel Castro a d\u00e9couvert leurs vitoles sp\u00e9ciales et a \u00e9t\u00e9 imm\u00e9diatement s\u00e9duit. Depuis lors, Cohiba est fabriqu\u00e9 dans la prestigieuse usine El Laguito de La Havane et est devenu un mythe vivant de l&rsquo;histoire du cigare.<\/p>\n<p>Dans les ann\u00e9es 1960, le garde du corps de Fidel Castro, Bienvenido \u00ab\u00a0Chicho\u00a0\u00bb P\u00e9rez, lui a offert un cigare unique \u2013 un format distinctif avec un ar\u00f4me exceptionnel. Castro est tomb\u00e9 sous le charme et a rapidement fait la connaissance d&rsquo;Eduardo Rivera, un torcedor talentueux et ami de son garde du corps. Rivera devint le rouleur de cigares personnel de Castro et fonda en 1964 une petite manufacture qui devint plus tard la l\u00e9gendaire usine El Laguito. Des rouleuses de cigares tri\u00e9es sur le volet y travaillaient, dont Norma Fern\u00e1ndez, qui a cr\u00e9\u00e9 la marque Cohiba en 1966, jetant ainsi les bases de l&rsquo;une des marques les plus exclusives de la soci\u00e9t\u00e9. <a href=\"https:\/\/www.habanos.com\/en\/\"><strong>Habanos S.A<\/strong><\/a>&#8230;<\/p>\n<p>\u00c0 partir de 1982, les<a href=\"https:\/\/smoke.ch\/product-category\/zigarren\/\"><strong> Les cigares Cohiba<\/strong><\/a> \u00e9taient \u00e9galement disponibles \u00e0 l&rsquo;international pour les amateurs exigeants. Pour c\u00e9l\u00e9brer le 55e anniversaire de la marque, Habanos S.A. pr\u00e9sentera en 2021 la Cohiba 55th Anniversary Limited Edition, une raret\u00e9 convoit\u00e9e par les collectionneurs et les amateurs de l&rsquo;art du tabac le plus raffin\u00e9.<\/p>\n<p>Depuis 2002, Habanos S.A. publie chaque ann\u00e9e un format de cigare exceptionnel sous la forme d&rsquo;un livre-humidor sous la s\u00e9rie <a href=\"https:\/\/smoke.ch\/product-category\/humidore\/\"><strong>\u00ab\u00a0Colecci\u00f3n Habanos\u00a0\u00bb<\/strong><\/a>. Cette s\u00e9rie s&rsquo;adresse aux collectionneurs de cigares pr\u00e9cieux et comprend de grands formats impressionnants.<\/p>\n<p>Le Cohiba Ideales<a href=\"https:\/\/smoke.ch\/product-category\/humidore\/\"><strong> Colecci\u00f3n Habanos 2021 Book cave \u00e0 cigares<\/strong><\/a> est le produit phare de cette ann\u00e9e. Avec une taille de bague remarquable de 56 et une longueur de 175 mm, ce format est qualifi\u00e9 de \u00ab\u00a0Modernas\u00a0\u00bb par l&rsquo;usine El Laguito. Le tirage est strictement limit\u00e9 \u00e0 3.000 caves \u00e0 cigares contenant chacune 20 cigares.<\/p>\n<p>D\u00e9couvrez le Cohiba 55th Anniversary exclusif et laissez-vous envo\u00fbter par la qualit\u00e9 exquise et le go\u00fbt raffin\u00e9 de ces cigares particuliers. C\u00e9l\u00e9brez avec nous les 55 ans de Cohiba \u2013 une exp\u00e9rience inoubliable pour les vrais connaisseurs.<\/p>\n<\/div>\n<\/div>\n<\/div>\n<div class=\"flex justify-between lg:block\">\n<div class=\"text-gray-400 flex self-end lg:self-center justify-center mt-2 gap-2 md:gap-3 lg:gap-1 lg:absolute lg:top-0 lg:translate-x-full lg:right-0 lg:mt-0 lg:pl-2 visible\">\n<p>&nbsp;<\/p>\n<div class=\"flex gap-1\"><\/div>\n<\/div>\n<\/div>\n<\/div>\n<\/div>\n<\/div>\n<div class=\"h-32 md:h-48 flex-shrink-0\"><\/div>\n<p>&nbsp;<\/p>\n<\/div>\n<\/div>\n<\/div>\n<\/div>\n<div class=\"absolute bottom-0 left-0 w-full border-t md:border-t-0 dark:border-white\/20 md:border-transparent md:dark:border-transparent md:bg-vert-light-gradient bg-white dark:bg-gray-800 md:!bg-transparent dark:md:bg-vert-dark-gradient pt-2 md:pl-2 md:w-[calc(100%-.5rem)]\">\n<form class=\"stretch mx-2 flex flex-row gap-3 last:mb-2 md:mx-4 md:last:mb-6 lg:mx-auto lg:max-w-2xl xl:max-w-3xl\">\n<div class=\"relative flex h-full flex-1 items-stretch md:flex-col\" role=\"presentation\">\n<div>\n<div class=\"h-full flex ml-1 md:w-full md:m-auto md:mb-4 gap-0 md:gap-2 justify-center\"><\/div>\n<\/div>\n<\/div>\n<\/form>\n<\/div>\n","protected":false},"excerpt":{"rendered":"<p>L&rsquo;histoire de Cohiba a commenc\u00e9 en 1966Les cigares Cohiba ont d&rsquo;abord \u00e9t\u00e9 offerts \u00e0 des membres haut plac\u00e9s du gouvernement. Le dirigeant cubain Fidel Castro a d\u00e9couvert leurs vitoles sp\u00e9ciales et a \u00e9t\u00e9 imm\u00e9diatement s\u00e9duit. Depuis lors, Cohiba est fabriqu\u00e9 dans la prestigieuse usine El Laguito de La Havane et est devenu un mythe vivant [&hellip;]<\/p>\n","protected":false},"featured_media":12350,"comment_status":"open","ping_status":"closed","template":"","meta":{"_et_pb_use_builder":"","_et_pb_old_content":"","_et_gb_content_width":""},"product_brand":[],"product_cat":[227,219,230,220],"product_tag":[1702,1080,1124,842,1721,812,1703],"class_list":{"0":"post-12344","1":"product","2":"type-product","3":"status-publish","4":"has-post-thumbnail","6":"product_cat-caves-a-cigares","7":"product_cat-cigares","8":"product_cat-cohiba-fr-2","9":"product_cat-cohiba-fr","10":"product_tag-acheter-cohiba-55-aniversario","11":"product_tag-cigares-cubains","12":"product_tag-cigares-cubains-exclusifs","13":"product_tag-cohiba-55-aniversario-coleccion-habanos-fr","14":"product_tag-cohiba-55-aniversario-coleccion-habanos-edition-2021","15":"product_tag-cohiba-aniversario-fr","16":"product_tag-prix-du-cohiba-55-aniversario","18":"first","19":"instock","20":"shipping-taxable","21":"purchasable","22":"product-type-variable"},"aioseo_notices":[],"_links":{"self":[{"href":"https:\/\/smoke.ch\/fr\/wp-json\/wp\/v2\/product\/12344","targetHints":{"allow":["GET"]}}],"collection":[{"href":"https:\/\/smoke.ch\/fr\/wp-json\/wp\/v2\/product"}],"about":[{"href":"https:\/\/smoke.ch\/fr\/wp-json\/wp\/v2\/types\/product"}],"replies":[{"embeddable":true,"href":"https:\/\/smoke.ch\/fr\/wp-json\/wp\/v2\/comments?post=12344"}],"wp:featuredmedia":[{"embeddable":true,"href":"https:\/\/smoke.ch\/fr\/wp-json\/wp\/v2\/media\/12350"}],"wp:attachment":[{"href":"https:\/\/smoke.ch\/fr\/wp-json\/wp\/v2\/media?parent=12344"}],"wp:term":[{"taxonomy":"product_brand","embeddable":true,"href":"https:\/\/smoke.ch\/fr\/wp-json\/wp\/v2\/product_brand?post=12344"},{"taxonomy":"product_cat","embeddable":true,"href":"https:\/\/smoke.ch\/fr\/wp-json\/wp\/v2\/product_cat?post=12344"},{"taxonomy":"product_tag","embeddable":true,"href":"https:\/\/smoke.ch\/fr\/wp-json\/wp\/v2\/product_tag?post=12344"}],"curies":[{"name":"wp","href":"https:\/\/api.w.org\/{rel}","templated":true}]}}