{"id":12383,"date":"2023-03-30T08:47:28","date_gmt":"2023-03-30T08:47:28","guid":{"rendered":"https:\/\/smoke.ch\/product\/cohiba-cave-a-cigares-double-coronas-edicion-especial\/"},"modified":"2026-01-13T15:37:08","modified_gmt":"2026-01-13T15:37:08","slug":"cohiba-cave-a-cigares-double-coronas-edicion-especial","status":"publish","type":"product","link":"https:\/\/smoke.ch\/fr\/produit\/cohiba-cave-a-cigares-double-coronas-edicion-especial\/","title":{"rendered":"Cohiba cave \u00e0 cigares Double Coronas \u2013 Edici\u00f3n Especial"},"content":{"rendered":"<h3><strong>Cohiba Double Coronas Edici\u00f3n Especial \u2013 Palm Leaf : une raret\u00e9 pour les collectionneurs<\/strong><\/h3>\n<p>Le <strong><a href=\"https:\/\/smoke.ch\/product-category\/zigarren\/cohiba\/\">Cohiba Double Coronas \u00c9dition Sp\u00e9ciale<\/a> \u2013 Feuille de Palmier<\/strong> est l&rsquo;un des cigares les plus exclusifs de Cuba. Les cigares portant l&rsquo; <strong>\u00e9tiquette rare en feuille de palmier<\/strong> , aussi connue sous <strong>le nom de Feuille de Palmier<\/strong> , \u00e9taient r\u00e9serv\u00e9s exclusivement \u00e0 <strong>Fidel Castro<\/strong> \u00e0 son \u00e9poque. Aujourd&rsquo;hui, ils sont presque exclusivement pr\u00e9sent\u00e9s dans <strong>des caves \u00e0 cigares en \u00e9dition limit\u00e9e<\/strong> pour les grandes occasions et sont fr\u00e9quemment offerts comme <strong>cadeaux d&rsquo;\u00c9tat ou diplomatiques<\/strong> . La commande provient souvent d&rsquo;une <strong>institution gouvernementale<\/strong> comme <strong>le \u00ab Consejo del Estado \u00bb.<\/strong>   <\/p>\n<h3><strong>\u00c9dition limit\u00e9e : Cohiba Double Coronas dans une cave \u00e0 cigares exclusive<\/strong><\/h3>\n<p>Les cigares utilis\u00e9s dans ces caves \u00e0 cigares uniques proviennent des meilleurs stocks de <strong>Cohiba<\/strong>, arriv\u00e9s \u00e0 maturit\u00e9. En <strong>2022<\/strong>, la c\u00e9l\u00e8bre <strong>manufacture El Laguito<\/strong> a fabriqu\u00e9 un<br \/>\n<a href=\"https:\/\/smoke.ch\/product-category\/humidore\/\"><strong>humidor en \u00e9dition strictement limit\u00e9e<\/strong><\/a> avec <strong>50 Cohiba Double Corona<\/strong>.<\/p>\n<p>Ces Double Coronas sont exceptionnellement <strong>bien roul\u00e9s<\/strong>, offrent une <strong>r\u00e9sistance parfaite au tirage<\/strong> et d\u00e9veloppent <strong>des ar\u00f4mes intenses<\/strong> qui sont imm\u00e9diatement reconnaissables comme \u00e9tant <strong>typiquement Cohiba<\/strong>. Fumer ce cigare particulier est une <strong>exp\u00e9rience inoubliable<\/strong> pour les vrais aficionados. <\/p>\n<h3><strong>Cohiba \u2013 L&rsquo;ic\u00f4ne des cigares haut de gamme<\/strong><\/h3>\n<p>En tant que l&rsquo;une des marques les plus prestigieuses de<a href=\"https:\/\/www.habanos.com\/en\/\"> <strong>Habanos S.A.<\/strong><\/a><strong>Cohiba<\/strong> est synonyme de <strong>qualit\u00e9 sup\u00e9rieure absolue<\/strong> depuis plus de cinq d\u00e9cennies. Les connaisseurs du monde entier appr\u00e9cient ces cigares raffin\u00e9s pour leur <strong>go\u00fbt exquis, leur finition parfaite<\/strong> et leurs <strong>caract\u00e9ristiques uniques<\/strong>. <\/p>\n<p>\ud83d\udd25 <strong>R\u00e9servez d\u00e8s maintenant \u2013 cette<a href=\"https:\/\/smoke.ch\/product-category\/zigarren\/cohiba\/\"> \u00e9dition strictement limit\u00e9e de Cohiba<\/a> n&rsquo;est disponible que pendant une courte p\u00e9riode !<\/strong><\/p>\n","protected":false},"excerpt":{"rendered":"<p>Cohiba Double Coronas Edici\u00f3n Especial \u2013 Palm Leaf : une raret\u00e9 pour les collectionneurs Le Cohiba Double Coronas \u00c9dition Sp\u00e9ciale \u2013 Feuille de Palmier est l&rsquo;un des cigares les plus exclusifs de Cuba. Les cigares portant l&rsquo; \u00e9tiquette rare en feuille de palmier , aussi connue sous le nom de Feuille de Palmier , \u00e9taient [&hellip;]<\/p>\n","protected":false},"featured_media":15983,"comment_status":"open","ping_status":"closed","template":"","meta":{"_et_pb_use_builder":"","_et_pb_old_content":"","_et_gb_content_width":""},"product_brand":[],"product_cat":[227,220,230],"product_tag":[1014,1099,1119,1080,1124,1123,926,1120,924,1026,881,801,844,1179,1187,1126],"class_list":{"0":"post-12383","1":"product","2":"type-product","3":"status-publish","4":"has-post-thumbnail","6":"product_cat-caves-a-cigares","7":"product_cat-cohiba-fr","8":"product_cat-cohiba-fr-2","9":"product_tag-cigare-premium","10":"product_tag-cigares","11":"product_tag-cigares-cohiba","12":"product_tag-cigares-cubains","13":"product_tag-cigares-cubains-exclusifs","14":"product_tag-cigares-cubains-vintage","15":"product_tag-cigares-en-edition-limitee","16":"product_tag-cigares-habanos","17":"product_tag-cigares-pour-collectionneurs","18":"product_tag-cigares-rares-fr","19":"product_tag-cigares-vintage","20":"product_tag-cohiba-fr","21":"product_tag-cohiba-double-coronas-fr","22":"product_tag-double-coronas-fr","23":"product_tag-feuille-de-palmier-cohiba","24":"product_tag-habanos-fr","26":"first","27":"instock","28":"shipping-taxable","29":"purchasable","30":"product-type-variable"},"aioseo_notices":[],"_links":{"self":[{"href":"https:\/\/smoke.ch\/fr\/wp-json\/wp\/v2\/product\/12383","targetHints":{"allow":["GET"]}}],"collection":[{"href":"https:\/\/smoke.ch\/fr\/wp-json\/wp\/v2\/product"}],"about":[{"href":"https:\/\/smoke.ch\/fr\/wp-json\/wp\/v2\/types\/product"}],"replies":[{"embeddable":true,"href":"https:\/\/smoke.ch\/fr\/wp-json\/wp\/v2\/comments?post=12383"}],"wp:featuredmedia":[{"embeddable":true,"href":"https:\/\/smoke.ch\/fr\/wp-json\/wp\/v2\/media\/15983"}],"wp:attachment":[{"href":"https:\/\/smoke.ch\/fr\/wp-json\/wp\/v2\/media?parent=12383"}],"wp:term":[{"taxonomy":"product_brand","embeddable":true,"href":"https:\/\/smoke.ch\/fr\/wp-json\/wp\/v2\/product_brand?post=12383"},{"taxonomy":"product_cat","embeddable":true,"href":"https:\/\/smoke.ch\/fr\/wp-json\/wp\/v2\/product_cat?post=12383"},{"taxonomy":"product_tag","embeddable":true,"href":"https:\/\/smoke.ch\/fr\/wp-json\/wp\/v2\/product_tag?post=12383"}],"curies":[{"name":"wp","href":"https:\/\/api.w.org\/{rel}","templated":true}]}}