{"id":12408,"date":"2023-07-17T12:28:13","date_gmt":"2023-07-17T12:28:13","guid":{"rendered":"https:\/\/smoke.ch\/product\/cohiba-talisman-edicion-limitada-2017\/"},"modified":"2025-10-06T07:33:51","modified_gmt":"2025-10-06T07:33:51","slug":"cohiba-talisman-edicion-limitada-2017","status":"publish","type":"product","link":"https:\/\/smoke.ch\/fr\/produit\/cohiba-talisman-edicion-limitada-2017\/","title":{"rendered":"Cohiba Talism\u00e1n \u2013 Edici\u00f3n Limitada 2017"},"content":{"rendered":"<p>Le nom de production de la <strong><a href=\"https:\/\/smoke.ch\/fr\/categorie-produit\/cigares\/cohiba-fr\/\">Cohiba<\/a> Talism\u00e1n<\/strong> est \u00ab\u00a0Sublime No.1\u00a0\u00bb. Ce <a href=\"https:\/\/smoke.ch\/fr\/categorie-produit\/cigares\/\"><strong>cigare<\/strong><\/a> a \u00e9t\u00e9 enti\u00e8rement renouvel\u00e9 par <a href=\"https:\/\/www.habanos.com\/en\/\"><strong>Habanos<\/strong><\/a> S.A. pour cette \u00e9dition limit\u00e9e.<br \/>\nLe m\u00e9lange de tabac se caract\u00e9rise par le blend moyennement fort \u00e0 fort de la L\u00ednea Cl\u00e1sica. Cependant, comme il est de coutume pour les cigares de l&rsquo;Edici\u00f3n Limitada, il est compos\u00e9 exclusivement de tabacs vieillis pendant au moins deux ans.<br \/>\nAvec son format majestueux, l&rsquo;extraordinaire <strong>Cohiba Talism\u00e1n<\/strong> offre aux connaisseurs le plus grand plaisir du cigare pour des moments tr\u00e8s sp\u00e9ciaux.<br \/>\nCette <strong>\u00e9dition limit\u00e9e<\/strong> n&rsquo;a \u00e9t\u00e9 produite que pour une courte dur\u00e9e. R\u00e9servez d\u00e8s maintenant une caisse pour votre <strong><a href=\"https:\/\/smoke.ch\/fr\/categorie-produit\/caves-a-cigares\/\">Humidor <\/a><\/strong><strong><a href=\"https:\/\/smoke.ch\/fr\/categorie-produit\/cigares\/cohiba-fr\/\">Cohiba <\/a><\/strong>est une marque l\u00e9gendaire dans le monde des cigares haut de gamme. Cette marque embl\u00e9matique est appr\u00e9ci\u00e9e par les amateurs de cigares du monde entier depuis plus de cinq d\u00e9cennies. En outre, les cigares Cohiba<a href=\"https:\/\/smoke.ch\/fr\/categorie-produit\/cigares\/\"><strong> cigares <\/strong><\/a>sont connus pour leur qualit\u00e9 in\u00e9gal\u00e9e, leur go\u00fbt exquis et leur exp\u00e9rience de fumer luxueuse.<\/p>\n<h2><\/h2>\n","protected":false},"excerpt":{"rendered":"<p>Le nom de production de la Cohiba Talism\u00e1n est \u00ab\u00a0Sublime No.1\u00a0\u00bb. Ce cigare a \u00e9t\u00e9 enti\u00e8rement renouvel\u00e9 par Habanos S.A. pour cette \u00e9dition limit\u00e9e. Le m\u00e9lange de tabac se caract\u00e9rise par le blend moyennement fort \u00e0 fort de la L\u00ednea Cl\u00e1sica. Cependant, comme il est de coutume pour les cigares de l&rsquo;Edici\u00f3n Limitada, il est [&hellip;]<\/p>\n","protected":false},"featured_media":12415,"comment_status":"open","ping_status":"closed","template":"","meta":{"_et_pb_use_builder":"","_et_pb_old_content":"","_et_gb_content_width":""},"product_brand":[],"product_cat":[227,219,230,220],"product_tag":[1014,1099,1119,1080,1124,1123,926,1120,924,1026,881,801,1159,848,1126],"class_list":{"0":"post-12408","1":"product","2":"type-product","3":"status-publish","4":"has-post-thumbnail","6":"product_cat-caves-a-cigares","7":"product_cat-cigares","8":"product_cat-cohiba-fr-2","9":"product_cat-cohiba-fr","10":"product_tag-cigare-premium","11":"product_tag-cigares","12":"product_tag-cigares-cohiba","13":"product_tag-cigares-cubains","14":"product_tag-cigares-cubains-exclusifs","15":"product_tag-cigares-cubains-vintage","16":"product_tag-cigares-en-edition-limitee","17":"product_tag-cigares-habanos","18":"product_tag-cigares-pour-collectionneurs","19":"product_tag-cigares-rares-fr","20":"product_tag-cigares-vintage","21":"product_tag-cohiba-fr","22":"product_tag-cohiba-talisman-fr","23":"product_tag-cohiba-talisman-edicion-limitada-2017-fr","24":"product_tag-habanos-fr","26":"first","27":"instock","28":"shipping-taxable","29":"purchasable","30":"product-type-variable"},"aioseo_notices":[],"_links":{"self":[{"href":"https:\/\/smoke.ch\/fr\/wp-json\/wp\/v2\/product\/12408","targetHints":{"allow":["GET"]}}],"collection":[{"href":"https:\/\/smoke.ch\/fr\/wp-json\/wp\/v2\/product"}],"about":[{"href":"https:\/\/smoke.ch\/fr\/wp-json\/wp\/v2\/types\/product"}],"replies":[{"embeddable":true,"href":"https:\/\/smoke.ch\/fr\/wp-json\/wp\/v2\/comments?post=12408"}],"wp:featuredmedia":[{"embeddable":true,"href":"https:\/\/smoke.ch\/fr\/wp-json\/wp\/v2\/media\/12415"}],"wp:attachment":[{"href":"https:\/\/smoke.ch\/fr\/wp-json\/wp\/v2\/media?parent=12408"}],"wp:term":[{"taxonomy":"product_brand","embeddable":true,"href":"https:\/\/smoke.ch\/fr\/wp-json\/wp\/v2\/product_brand?post=12408"},{"taxonomy":"product_cat","embeddable":true,"href":"https:\/\/smoke.ch\/fr\/wp-json\/wp\/v2\/product_cat?post=12408"},{"taxonomy":"product_tag","embeddable":true,"href":"https:\/\/smoke.ch\/fr\/wp-json\/wp\/v2\/product_tag?post=12408"}],"curies":[{"name":"wp","href":"https:\/\/api.w.org\/{rel}","templated":true}]}}