{"id":12423,"date":"2022-07-14T13:04:04","date_gmt":"2022-07-14T13:04:04","guid":{"rendered":"https:\/\/smoke.ch\/product\/cohiba-novedosos-la-casa-del-habano\/"},"modified":"2025-03-22T11:17:10","modified_gmt":"2025-03-22T11:17:10","slug":"cohiba-novedosos-la-casa-del-habano","status":"publish","type":"product","link":"https:\/\/smoke.ch\/fr\/produit\/cohiba-novedosos-la-casa-del-habano\/","title":{"rendered":"Cohiba Novedosos \u2013 La Casa del Habano"},"content":{"rendered":"<div class=\"flex-1 overflow-hidden\">\n<div class=\"react-scroll-to-bottom--css-pusiv-79elbk h-full dark:bg-gray-800\">\n<div class=\"react-scroll-to-bottom--css-pusiv-1n7m0yu\">\n<div class=\"flex flex-col text-sm dark:bg-gray-800\">\n<div class=\"group w-full text-gray-800 dark:text-gray-100 border-b border-black\/10 dark:border-gray-900\/50 bg-gray-50 dark:bg-[#444654]\">\n<div class=\"flex p-4 gap-4 text-base md:gap-6 md:max-w-2xl lg:max-w-[38rem] xl:max-w-3xl md:py-6 lg:px-0 m-auto\">\n<div class=\"relative flex w-[calc(100%-50px)] flex-col gap-1 md:gap-3 lg:w-[calc(100%-115px)]\">\n<div class=\"flex flex-grow flex-col gap-3\">\n<div class=\"min-h-[20px] flex items-start overflow-x-auto whitespace-pre-wrap break-words flex-col gap-4\">\n<div class=\"markdown prose w-full break-words dark:prose-invert light\">\n<p>Un nouveau format dans la famille Cohiba est le <strong><a href=\"https:\/\/smoke.ch\/fr\/categorie-produit\/cigares\/cohiba-fr\/\">Cohiba<\/a> Novedosos<\/strong>, un Robustos Extra d&rsquo;une longueur de 156 mm. Ce cigare impressionnant offre un go\u00fbt riche et terreux qui persiste du d\u00e9but \u00e0 la fin. Fabriqu\u00e9 \u00e0 partir des meilleures feuilles de tabac et fabriqu\u00e9 \u00e0 la main par des rouleurs exp\u00e9riment\u00e9s, le Cohiba Novedosos est un choix unique pour les amateurs de cigares qui recherchent une exp\u00e9rience de fumer de haute qualit\u00e9. Il convient toutefois de noter que cette exclusivit\u00e9 <a href=\"https:\/\/smoke.ch\/fr\/categorie-produit\/cigares\/\"><br \/>\n  <strong>variante de cigares<\/strong><br \/>\n<\/a> est difficile \u00e0 obtenir.<\/p>\n<p>Essayez d\u00e8s aujourd&rsquo;hui un Cohiba Novedosos et d\u00e9couvrez le go\u00fbt unique que seul un Cohiba peut offrir. Commandez d\u00e8s maintenant dans notre boutique, dans la limite des stocks disponibles. La bo\u00eete \u00e9l\u00e9gante contient 25 pi\u00e8ces, qui portent le label suppl\u00e9mentaire pour \u00ab\u00a0Casa del Habano\u00a0\u00bb.<\/p>\n<p><strong>Cohiba <\/strong>est une marque l\u00e9gendaire dans le monde des <strong>cigares haut de gamme <\/strong>de <strong><a href=\"https:\/\/www.habanos.com\/en\/\">Habanos<\/a> S.A<\/strong>. Cette marque embl\u00e9matique est appr\u00e9ci\u00e9e par les amateurs de cigares du monde entier depuis plus de cinq d\u00e9cennies. En outre, les cigares Cohiba sont connus pour leur qualit\u00e9 in\u00e9gal\u00e9e, leur go\u00fbt exquis et leur exp\u00e9rience de fumage luxueuse.<\/p>\n<\/div>\n<\/div>\n<\/div>\n<div class=\"flex justify-between lg:block\"><\/div>\n<\/div>\n<\/div>\n<\/div>\n<p>&nbsp;<\/p>\n<\/div>\n<\/div>\n<\/div>\n<\/div>\n<div class=\"group w-full text-gray-800 dark:text-gray-100 border-b border-black\/10 dark:border-gray-900\/50 bg-gray-50 dark:bg-[#444654]\">\n<div class=\"text-base gap-4 md:gap-6 md:max-w-2xl lg:max-w-xl xl:max-w-3xl p-4 md:py-6 flex lg:px-0 m-auto\">\n<div class=\"relative flex w-[calc(100%-50px)] flex-col gap-1 md:gap-3 lg:w-[calc(100%-115px)]\">\n<div class=\"flex flex-grow flex-col gap-3\">\n<div class=\"min-h-[20px] flex flex-col items-start gap-4 whitespace-pre-wrap\">\n<div class=\"markdown prose w-full break-words dark:prose-invert light\">\n<div class=\"group w-full text-gray-800 dark:text-gray-100 border-b border-black\/10 dark:border-gray-900\/50 bg-gray-50 dark:bg-[#444654]\">\n<div class=\"text-base gap-4 md:gap-6 md:max-w-2xl lg:max-w-xl xl:max-w-3xl p-4 md:py-6 flex lg:px-0 m-auto\">\n<div class=\"relative flex w-[calc(100%-50px)] flex-col gap-1 md:gap-3 lg:w-[calc(100%-115px)]\">\n<div class=\"flex justify-between lg:block\">\n<div class=\"text-gray-400 flex self-end lg:self-center justify-center mt-2 gap-2 md:gap-3 lg:gap-1 lg:absolute lg:top-0 lg:translate-x-full lg:right-0 lg:mt-0 lg:pl-2 visible\"><\/div>\n<\/div>\n<\/div>\n<\/div>\n<\/div>\n<\/div>\n<\/div>\n<\/div>\n<div class=\"flex justify-between lg:block\">\n<div class=\"text-gray-400 flex self-end lg:self-center justify-center mt-2 gap-2 md:gap-3 lg:gap-1 lg:absolute lg:top-0 lg:translate-x-full lg:right-0 lg:mt-0 lg:pl-2 visible\"><\/div>\n<\/div>\n<\/div>\n<\/div>\n<\/div>\n","protected":false},"excerpt":{"rendered":"<p>Un nouveau format dans la famille Cohiba est le Cohiba Novedosos, un Robustos Extra d&rsquo;une longueur de 156 mm. Ce cigare impressionnant offre un go\u00fbt riche et terreux qui persiste du d\u00e9but \u00e0 la fin. Fabriqu\u00e9 \u00e0 partir des meilleures feuilles de tabac et fabriqu\u00e9 \u00e0 la main par des rouleurs exp\u00e9riment\u00e9s, le Cohiba Novedosos [&hellip;]<\/p>\n","protected":false},"featured_media":12424,"comment_status":"open","ping_status":"closed","template":"","meta":{"_et_pb_use_builder":"","_et_pb_old_content":"","_et_gb_content_width":""},"product_brand":[],"product_cat":[219,220],"product_tag":[1014,1099,1119,1080,1124,1123,926,1120,924,1026,881,801,849,1126],"class_list":{"0":"post-12423","1":"product","2":"type-product","3":"status-publish","4":"has-post-thumbnail","6":"product_cat-cigares","7":"product_cat-cohiba-fr","8":"product_tag-cigare-premium","9":"product_tag-cigares","10":"product_tag-cigares-cohiba","11":"product_tag-cigares-cubains","12":"product_tag-cigares-cubains-exclusifs","13":"product_tag-cigares-cubains-vintage","14":"product_tag-cigares-en-edition-limitee","15":"product_tag-cigares-habanos","16":"product_tag-cigares-pour-collectionneurs","17":"product_tag-cigares-rares-fr","18":"product_tag-cigares-vintage","19":"product_tag-cohiba-fr","20":"product_tag-cohiba-novedosos-fr","21":"product_tag-habanos-fr","23":"first","24":"instock","25":"shipping-taxable","26":"purchasable","27":"product-type-variable"},"aioseo_notices":[],"_links":{"self":[{"href":"https:\/\/smoke.ch\/fr\/wp-json\/wp\/v2\/product\/12423","targetHints":{"allow":["GET"]}}],"collection":[{"href":"https:\/\/smoke.ch\/fr\/wp-json\/wp\/v2\/product"}],"about":[{"href":"https:\/\/smoke.ch\/fr\/wp-json\/wp\/v2\/types\/product"}],"replies":[{"embeddable":true,"href":"https:\/\/smoke.ch\/fr\/wp-json\/wp\/v2\/comments?post=12423"}],"wp:featuredmedia":[{"embeddable":true,"href":"https:\/\/smoke.ch\/fr\/wp-json\/wp\/v2\/media\/12424"}],"wp:attachment":[{"href":"https:\/\/smoke.ch\/fr\/wp-json\/wp\/v2\/media?parent=12423"}],"wp:term":[{"taxonomy":"product_brand","embeddable":true,"href":"https:\/\/smoke.ch\/fr\/wp-json\/wp\/v2\/product_brand?post=12423"},{"taxonomy":"product_cat","embeddable":true,"href":"https:\/\/smoke.ch\/fr\/wp-json\/wp\/v2\/product_cat?post=12423"},{"taxonomy":"product_tag","embeddable":true,"href":"https:\/\/smoke.ch\/fr\/wp-json\/wp\/v2\/product_tag?post=12423"}],"curies":[{"name":"wp","href":"https:\/\/api.w.org\/{rel}","templated":true}]}}