{"id":12444,"date":"2023-07-17T10:30:48","date_gmt":"2023-07-17T10:30:48","guid":{"rendered":"https:\/\/smoke.ch\/product\/cohiba-robusto-reserva-cosecha-2014\/"},"modified":"2026-01-31T15:21:36","modified_gmt":"2026-01-31T15:21:36","slug":"cohiba-robusto-reserva-cosecha-2014","status":"publish","type":"product","link":"https:\/\/smoke.ch\/fr\/produit\/cohiba-robusto-reserva-cosecha-2014\/","title":{"rendered":"Cohiba Robusto Reserva \u2013 Cosecha 2014"},"content":{"rendered":"<p>Le <strong><a href=\"https:\/\/smoke.ch\/product-category\/zigarren\/cohiba\/\">Cohiba<\/a> Robusto Reserva<\/strong> <strong>Cosecha 2014<\/strong>, est une cr\u00e9ation exclusive de la marque de cigares Cohiba de <a href=\"https:\/\/www.habanos.com\/en\/\"><strong>Habanos<\/strong><\/a> S.A. de seulement 5&rsquo;000 bo\u00eetes num\u00e9rot\u00e9es de 20 pi\u00e8ces.<br \/>\nLes bo\u00eetes sont laqu\u00e9es et imprim\u00e9es de mani\u00e8re tr\u00e8s \u00e9labor\u00e9e, refl\u00e9tant ainsi le luxe et l&rsquo;exclusivit\u00e9 de l&rsquo;un des cigares Reserva les plus chers de tous les temps.<br \/>\nPour les <a href=\"https:\/\/smoke.ch\/product-category\/zigarren\/\"><strong>cigares<\/strong><\/a> amateurs, c&rsquo;est probablement l&rsquo;un des formats les plus appr\u00e9ci\u00e9s. Chaque feuille et chaque insert a \u00e9t\u00e9 m\u00fbri pendant plus de trois ans. Les feuilles proviennent de la r\u00e9gion de Vuelta Abajo \u00e0 Pinar del Rio, l&rsquo;une des meilleures r\u00e9gions de culture du tabac au monde.<\/p>\n<p><strong><br \/>\n  <a href=\"https:\/\/smoke.ch\/product-category\/zigarren\/cohiba\/\">Cohiba<\/a><br \/>\n<\/strong> est une marque l\u00e9gendaire dans le monde des cigares haut de gamme. Cette marque embl\u00e9matique est appr\u00e9ci\u00e9e par les amateurs de cigares du monde entier depuis plus de cinq d\u00e9cennies. De plus, les cigares Cohiba sont r\u00e9put\u00e9s pour leur qualit\u00e9 in\u00e9gal\u00e9e, leur go\u00fbt exquis et <a href=\"https:\/\/www.reddit.com\/r\/cubancigars\/comments\/1nr0xfz\/review_cohiba_robusto_reserva_cosecha_2014\/\"><strong>l&rsquo;exp\u00e9rience de fumage luxueuse qu&rsquo;ils offrent<\/strong><\/a> .<\/p>\n","protected":false},"excerpt":{"rendered":"<p>Le Cohiba Robusto Reserva Cosecha 2014, est une cr\u00e9ation exclusive de la marque de cigares Cohiba de Habanos S.A. de seulement 5&rsquo;000 bo\u00eetes num\u00e9rot\u00e9es de 20 pi\u00e8ces. Les bo\u00eetes sont laqu\u00e9es et imprim\u00e9es de mani\u00e8re tr\u00e8s \u00e9labor\u00e9e, refl\u00e9tant ainsi le luxe et l&rsquo;exclusivit\u00e9 de l&rsquo;un des cigares Reserva les plus chers de tous les temps. [&hellip;]<\/p>\n","protected":false},"featured_media":12445,"comment_status":"open","ping_status":"closed","template":"","meta":{"_et_pb_use_builder":"","_et_pb_old_content":"","_et_gb_content_width":""},"product_brand":[],"product_cat":[219,220],"product_tag":[1731,1119,1124,1123,1742,1732],"class_list":{"0":"post-12444","1":"product","2":"type-product","3":"status-publish","4":"has-post-thumbnail","6":"product_cat-cigares","7":"product_cat-cohiba-fr","8":"product_tag-acheter-cohiba-robustos-reserva","9":"product_tag-cigares-cohiba","10":"product_tag-cigares-cubains-exclusifs","11":"product_tag-cigares-cubains-vintage","12":"product_tag-cohiba-robustos-reserva-cosecha-2014-fr","13":"product_tag-prix-du-cohiba-robustos-reserva","15":"first","16":"instock","17":"shipping-taxable","18":"purchasable","19":"product-type-variable"},"aioseo_notices":[],"_links":{"self":[{"href":"https:\/\/smoke.ch\/fr\/wp-json\/wp\/v2\/product\/12444","targetHints":{"allow":["GET"]}}],"collection":[{"href":"https:\/\/smoke.ch\/fr\/wp-json\/wp\/v2\/product"}],"about":[{"href":"https:\/\/smoke.ch\/fr\/wp-json\/wp\/v2\/types\/product"}],"replies":[{"embeddable":true,"href":"https:\/\/smoke.ch\/fr\/wp-json\/wp\/v2\/comments?post=12444"}],"wp:featuredmedia":[{"embeddable":true,"href":"https:\/\/smoke.ch\/fr\/wp-json\/wp\/v2\/media\/12445"}],"wp:attachment":[{"href":"https:\/\/smoke.ch\/fr\/wp-json\/wp\/v2\/media?parent=12444"}],"wp:term":[{"taxonomy":"product_brand","embeddable":true,"href":"https:\/\/smoke.ch\/fr\/wp-json\/wp\/v2\/product_brand?post=12444"},{"taxonomy":"product_cat","embeddable":true,"href":"https:\/\/smoke.ch\/fr\/wp-json\/wp\/v2\/product_cat?post=12444"},{"taxonomy":"product_tag","embeddable":true,"href":"https:\/\/smoke.ch\/fr\/wp-json\/wp\/v2\/product_tag?post=12444"}],"curies":[{"name":"wp","href":"https:\/\/api.w.org\/{rel}","templated":true}]}}