{"id":12468,"date":"2022-07-13T12:26:16","date_gmt":"2022-07-13T12:26:16","guid":{"rendered":"https:\/\/smoke.ch\/product\/bolivar-royal-coronas-vintage-2009-cigare-unique\/"},"modified":"2025-04-16T09:29:06","modified_gmt":"2025-04-16T09:29:06","slug":"bolivar-royal-coronas-vintage-2009-cigare-unique","status":"publish","type":"product","link":"https:\/\/smoke.ch\/fr\/produit\/bolivar-royal-coronas-vintage-2009-cigare-unique\/","title":{"rendered":"Bolivar Royal Coronas \u2013 Vintage 2009 \u2013 Cigare unique"},"content":{"rendered":"<div class=\"group w-full text-gray-800 dark:text-gray-100 border-b border-black\/10 dark:border-gray-900\/50 bg-gray-50 dark:bg-[#444654]\">\n<div class=\"text-base gap-4 md:gap-6 md:max-w-2xl lg:max-w-xl xl:max-w-3xl p-4 md:py-6 flex lg:px-0 m-auto\">\n<div class=\"relative flex w-[calc(100%-50px)] flex-col gap-1 md:gap-3 lg:w-[calc(100%-115px)]\">\n<div class=\"flex flex-grow flex-col gap-3\">\n<div class=\"min-h-[20px] flex flex-col items-start gap-4 whitespace-pre-wrap\">\n<div class=\"markdown prose w-full break-words dark:prose-invert light\">\n<p>Le <strong><a href=\"https:\/\/smoke.ch\/fr\/categorie-produit\/cigares\/\">cigare<\/a><\/strong> Royal Coronas <strong>de <a href=\"https:\/\/smoke.ch\/fr\/categorie-produit\/cigares\/bolivar-fr\/\">Bolivar<\/a><\/strong> \u00e9tait autrefois connu sous le nom de \u00ab\u00a0Prince Charles\u00a0\u00bb, mais il a \u00e9t\u00e9 rebaptis\u00e9 dans les ann\u00e9es 70. Ce robusto doux mais \u00e9quilibr\u00e9 offre des ar\u00f4mes de tabac doux qui se m\u00ealent \u00e0 des notes puissantes et terreuses. De plus, les Royal Coronas que nous proposons datent de 2009, ce qui apporte un \u00e9l\u00e9ment d&rsquo;exclusivit\u00e9 suppl\u00e9mentaire. Ils offrent ainsi une exp\u00e9rience de tabagisme unique.<\/p>\n<p>Go\u00fbtez d\u00e8s maintenant cette cr\u00e9ation exclusive de <a href=\"https:\/\/www.habanos.com\/en\/\"><br \/>\n  <strong>Habanos<\/strong><br \/>\n<\/a> S.A. et commandez en ligne pour vous assurer cette exp\u00e9rience de d\u00e9gustation exceptionnelle !<\/p>\n<\/div>\n<\/div>\n<\/div>\n<\/div>\n<\/div>\n<\/div>\n","protected":false},"excerpt":{"rendered":"<p>Le cigare Royal Coronas de Bolivar \u00e9tait autrefois connu sous le nom de \u00ab\u00a0Prince Charles\u00a0\u00bb, mais il a \u00e9t\u00e9 rebaptis\u00e9 dans les ann\u00e9es 70. Ce robusto doux mais \u00e9quilibr\u00e9 offre des ar\u00f4mes de tabac doux qui se m\u00ealent \u00e0 des notes puissantes et terreuses. De plus, les Royal Coronas que nous proposons datent de 2009, [&hellip;]<\/p>\n","protected":false},"featured_media":12469,"comment_status":"open","ping_status":"closed","template":"","meta":{"_et_pb_use_builder":"off","_et_pb_old_content":"Un rousto plut\u00f4t doux, aux ar\u00f4mes doux et \u00e9quilibr\u00e9s. La saveur douce du tabac se m\u00eale \u00e0 de fortes notes terreuses. Le cigare s'appelait auparavant \"Prince Charles\" et a \u00e9t\u00e9 rebaptis\u00e9 Royal Coronas au milieu des ann\u00e9es 70. Les Royal Coronas propos\u00e9es datent de 2009.","_et_gb_content_width":""},"product_brand":[],"product_cat":[222],"product_tag":[809,854,1014,1099,1213,1080,1124,1123,926,1120,924,1026,881,1126],"class_list":{"0":"post-12468","1":"product","2":"type-product","3":"status-publish","4":"has-post-thumbnail","6":"product_cat-non-classe","7":"product_tag-bolivar-fr","8":"product_tag-bolivar-royal-coronas-fr","9":"product_tag-cigare-premium","10":"product_tag-cigares","11":"product_tag-cigares-bolivar","12":"product_tag-cigares-cubains","13":"product_tag-cigares-cubains-exclusifs","14":"product_tag-cigares-cubains-vintage","15":"product_tag-cigares-en-edition-limitee","16":"product_tag-cigares-habanos","17":"product_tag-cigares-pour-collectionneurs","18":"product_tag-cigares-rares-fr","19":"product_tag-cigares-vintage","20":"product_tag-habanos-fr","22":"first","23":"instock","24":"shipping-taxable","25":"purchasable","26":"product-type-variable"},"aioseo_notices":[],"_links":{"self":[{"href":"https:\/\/smoke.ch\/fr\/wp-json\/wp\/v2\/product\/12468","targetHints":{"allow":["GET"]}}],"collection":[{"href":"https:\/\/smoke.ch\/fr\/wp-json\/wp\/v2\/product"}],"about":[{"href":"https:\/\/smoke.ch\/fr\/wp-json\/wp\/v2\/types\/product"}],"replies":[{"embeddable":true,"href":"https:\/\/smoke.ch\/fr\/wp-json\/wp\/v2\/comments?post=12468"}],"wp:featuredmedia":[{"embeddable":true,"href":"https:\/\/smoke.ch\/fr\/wp-json\/wp\/v2\/media\/12469"}],"wp:attachment":[{"href":"https:\/\/smoke.ch\/fr\/wp-json\/wp\/v2\/media?parent=12468"}],"wp:term":[{"taxonomy":"product_brand","embeddable":true,"href":"https:\/\/smoke.ch\/fr\/wp-json\/wp\/v2\/product_brand?post=12468"},{"taxonomy":"product_cat","embeddable":true,"href":"https:\/\/smoke.ch\/fr\/wp-json\/wp\/v2\/product_cat?post=12468"},{"taxonomy":"product_tag","embeddable":true,"href":"https:\/\/smoke.ch\/fr\/wp-json\/wp\/v2\/product_tag?post=12468"}],"curies":[{"name":"wp","href":"https:\/\/api.w.org\/{rel}","templated":true}]}}