{"id":12482,"date":"2022-06-30T12:24:00","date_gmt":"2022-06-30T12:24:00","guid":{"rendered":"https:\/\/smoke.ch\/product\/romeo-y-julieta-puritos\/"},"modified":"2025-04-16T12:31:02","modified_gmt":"2025-04-16T12:31:02","slug":"romeo-y-julieta-puritos","status":"publish","type":"product","link":"https:\/\/smoke.ch\/fr\/produit\/romeo-y-julieta-puritos\/","title":{"rendered":"Romeo y Julieta Puritos"},"content":{"rendered":"<div id=\"main-content\">\n<div id=\"et-boc\" class=\"et-boc\">\n<div class=\"et-l et-l--body\">\n<div class=\"et_builder_inner_content et_pb_gutters3 product\">\n<div class=\"et_pb_section et_pb_section_0_tb_body et_section_regular\">\n<div class=\"et_pb_row et_pb_row_2_tb_body\">\n<div class=\"et_pb_column et_pb_column_4_4 et_pb_column_3_tb_body et_pb_css_mix_blend_mode_passthrough et-last-child\">\n<div class=\"et_pb_module et_pb_wc_tabs et_pb_wc_tabs_0_tb_body et_pb_tabs \">\n<div class=\"et_pb_all_tabs\">\n<div class=\"et_pb_tab clearfix et_pb_active_content et-pb-active-slide\">\n<div class=\"et_pb_tab_content\">\n<p>Lorsqu&rsquo;il s&rsquo;agit de marques de cigares de qualit\u00e9 sup\u00e9rieure <a href=\"https:\/\/smoke.ch\/fr\/categorie-produit\/cigares\/romeo-y-julieta-fr\/\"><br \/>\n  <strong>Romeo y Julieta<\/strong><br \/>\n<\/a> est sans aucun doute l&rsquo;une des marques les plus connues et les plus r\u00e9put\u00e9es. En outre, les Romeo y Julieta Puritos sont un choix parfait pour les amateurs de cigares qui recherchent un cigare petit mais n\u00e9anmoins aromatique \u00e0 d\u00e9guster en d\u00e9placement.<\/p>\n<p>Fabriqu\u00e9s \u00e0 partir d&rsquo;un m\u00e9lange de tabac soigneusement s\u00e9lectionn\u00e9 dans la r\u00e9gion de Vuelta Abajo, r\u00e9put\u00e9e pour son ar\u00f4me unique et sa texture riche, ces cigares fabriqu\u00e9s \u00e0 la machine offrent <a href=\"https:\/\/smoke.ch\/fr\/categorie-produit\/cigares\/\"><br \/>\n  <strong>cigares<\/strong><br \/>\n<\/a> ont le m\u00eame go\u00fbt et le m\u00eame ar\u00f4me que leurs homologues plus grands, mais dans un format pratique et maniable.<\/p>\n<p>Les puritos Romeo y Julieta de <a href=\"https:\/\/www.habanos.com\/en\/\"><br \/>\n  <strong>Habanos<\/strong><br \/>\n<\/a> S.A. sont parfaits pour fumer entre les repas, lorsque vous n&rsquo;avez pas beaucoup de temps ou que vous souhaitez simplement faire une petite pause. Id\u00e9ales pour les d\u00e9butants comme pour les fumeurs exp\u00e9riment\u00e9s, elles offrent un go\u00fbt \u00e9quilibr\u00e9 et une exp\u00e9rience de tabagisme agr\u00e9able.<\/p>\n<p>Si vous \u00eates \u00e0 la recherche d&rsquo;un cigare unique \u00e0 d\u00e9guster sur le pouce, les <strong>Romeo y Julieta Puritos<\/strong> sont le choix id\u00e9al. Chaque bo\u00eete contient cinq Puritos de 2012, parfaitement m\u00fbrs et offrant une exp\u00e9rience de tabagisme inoubliable. Osez go\u00fbter ces cigares d\u00e8s aujourd&rsquo;hui et d\u00e9couvrez le go\u00fbt et l&rsquo;ar\u00f4me uniques de Romeo y Julieta !<\/p>\n<\/div>\n<\/div>\n<\/div>\n<\/div>\n<\/div>\n<\/div>\n<\/div>\n<\/div>\n<\/div>\n<\/div>\n<\/div>\n","protected":false},"excerpt":{"rendered":"<p>Lorsqu&rsquo;il s&rsquo;agit de marques de cigares de qualit\u00e9 sup\u00e9rieure Romeo y Julieta est sans aucun doute l&rsquo;une des marques les plus connues et les plus r\u00e9put\u00e9es. En outre, les Romeo y Julieta Puritos sont un choix parfait pour les amateurs de cigares qui recherchent un cigare petit mais n\u00e9anmoins aromatique \u00e0 d\u00e9guster en d\u00e9placement. Fabriqu\u00e9s [&hellip;]<\/p>\n","protected":false},"featured_media":12486,"comment_status":"open","ping_status":"closed","template":"","meta":{"_et_pb_use_builder":"","_et_pb_old_content":"","_et_gb_content_width":""},"product_brand":[],"product_cat":[219,226],"product_tag":[1014,1099,1080,1120,1326,1325,1126,1318,242,856],"class_list":{"0":"post-12482","1":"product","2":"type-product","3":"status-publish","4":"has-post-thumbnail","6":"product_cat-cigares","7":"product_cat-romeo-y-julieta-fr","8":"product_tag-cigare-premium","9":"product_tag-cigares","10":"product_tag-cigares-cubains","11":"product_tag-cigares-habanos","12":"product_tag-cigarillos","13":"product_tag-cigarillos-cubains","14":"product_tag-habanos-fr","15":"product_tag-puritos-fr","16":"product_tag-romeo-y-julieta-fr","17":"product_tag-romeo-y-julieta-puritos-fr","19":"first","20":"instock","21":"shipping-taxable","22":"purchasable","23":"product-type-simple"},"aioseo_notices":[],"_links":{"self":[{"href":"https:\/\/smoke.ch\/fr\/wp-json\/wp\/v2\/product\/12482","targetHints":{"allow":["GET"]}}],"collection":[{"href":"https:\/\/smoke.ch\/fr\/wp-json\/wp\/v2\/product"}],"about":[{"href":"https:\/\/smoke.ch\/fr\/wp-json\/wp\/v2\/types\/product"}],"replies":[{"embeddable":true,"href":"https:\/\/smoke.ch\/fr\/wp-json\/wp\/v2\/comments?post=12482"}],"wp:featuredmedia":[{"embeddable":true,"href":"https:\/\/smoke.ch\/fr\/wp-json\/wp\/v2\/media\/12486"}],"wp:attachment":[{"href":"https:\/\/smoke.ch\/fr\/wp-json\/wp\/v2\/media?parent=12482"}],"wp:term":[{"taxonomy":"product_brand","embeddable":true,"href":"https:\/\/smoke.ch\/fr\/wp-json\/wp\/v2\/product_brand?post=12482"},{"taxonomy":"product_cat","embeddable":true,"href":"https:\/\/smoke.ch\/fr\/wp-json\/wp\/v2\/product_cat?post=12482"},{"taxonomy":"product_tag","embeddable":true,"href":"https:\/\/smoke.ch\/fr\/wp-json\/wp\/v2\/product_tag?post=12482"}],"curies":[{"name":"wp","href":"https:\/\/api.w.org\/{rel}","templated":true}]}}