{"id":12494,"date":"2022-07-09T14:19:13","date_gmt":"2022-07-09T14:19:13","guid":{"rendered":"https:\/\/smoke.ch\/product\/burberrys-gin\/"},"modified":"2025-04-16T09:43:44","modified_gmt":"2025-04-16T09:43:44","slug":"burberrys-gin","status":"publish","type":"product","link":"https:\/\/smoke.ch\/fr\/produit\/burberrys-gin\/","title":{"rendered":"Burberrys Gin"},"content":{"rendered":"<p><a href=\"https:\/\/smoke.ch\/fr\/categorie-produit\/spiritueux\/burberrys-fr\/\"><strong>Burberrys<\/strong><\/a> Gin \u2013 Le caract\u00e8re britannique dans sa forme la plus noble<br \/>\nLe gin Burberrys est synonyme d&rsquo;\u00e9l\u00e9gance intemporelle, de savoir-faire traditionnel et d&rsquo;ar\u00f4mes finement \u00e9quilibr\u00e9s \u2013 une v\u00e9ritable d\u00e9claration de l&rsquo;art de la distillation britannique. Inspir\u00e9 par la tradition classique du gin en Angleterre, Burberrys Gin associe des botaniques de qualit\u00e9 \u00e0 une interpr\u00e9tation moderne du style London Dry Gin.<br \/>\nLa composition claire et \u00e9quilibr\u00e9e de geni\u00e8vre, d&rsquo;agrumes, de coriandre, de racine d&rsquo;ang\u00e9lique et d&rsquo;un soup\u00e7on de lavande conf\u00e8re \u00e0 ce gin sa note unique \u2013 fra\u00eeche, aromatique et avec une finale agr\u00e9ablement s\u00e8che. Que ce soit pur sur glace, dans un gin &amp; tonic classique ou comme base pour des cocktails raffin\u00e9s : <a href=\"https:\/\/smoke.ch\/fr\/categorie-produit\/spiritueux\/burberrys-fr\/\"><strong>Le gin Burberrys convainc par sa qualit\u00e9.<\/strong><\/a><br \/>\nConditionn\u00e9 dans une bouteille au design \u00e9l\u00e9gant, Burberrys Gin ne refl\u00e8te pas seulement le go\u00fbt, mais aussi le style britannique inimitable \u2013 subtil, de haute qualit\u00e9 et de fort caract\u00e8re.<br \/>\nUn gin pour les connaisseurs \u2013 et pour tous ceux qui veulent le devenir.  <\/p>\n","protected":false},"excerpt":{"rendered":"<p>Burberrys Gin \u2013 Le caract\u00e8re britannique dans sa forme la plus noble Le gin Burberrys est synonyme d&rsquo;\u00e9l\u00e9gance intemporelle, de savoir-faire traditionnel et d&rsquo;ar\u00f4mes finement \u00e9quilibr\u00e9s \u2013 une v\u00e9ritable d\u00e9claration de l&rsquo;art de la distillation britannique. Inspir\u00e9 par la tradition classique du gin en Angleterre, Burberrys Gin associe des botaniques de qualit\u00e9 \u00e0 une interpr\u00e9tation [&hellip;]<\/p>\n","protected":false},"featured_media":12497,"comment_status":"open","ping_status":"closed","template":"","meta":{"_et_pb_use_builder":"off","_et_pb_old_content":"<div class=\"group w-full text-gray-800 dark:text-gray-100 border-b border-black\/10 dark:border-gray-900\/50 bg-gray-50 dark:bg-[#444654]\">\n<div class=\"text-base gap-4 md:gap-6 md:max-w-2xl lg:max-w-xl xl:max-w-3xl p-4 md:py-6 flex lg:px-0 m-auto\">\n<div class=\"relative flex w-[calc(100%-50px)] flex-col gap-1 md:gap-3 lg:w-[calc(100%-115px)]\">\n<div class=\"flex flex-grow flex-col gap-3\">\n<div class=\"min-h-[20px] flex flex-col items-start gap-4 whitespace-pre-wrap\">\n<div class=\"markdown prose w-full break-words dark:prose-invert light\">\n\nD\u00e9couvrez la raret\u00e9 du <a href=\"https:\/\/smoke.ch\/product-category\/spirituosen\/burberrys\/\">\n  <strong>Burberrys<\/strong>\n<\/a> gin, fabriqu\u00e9 \u00e0 la main et bas\u00e9 sur une longue exp\u00e9rience et un savoir-faire artisanal. Bien qu'il ne soit plus produit, nous proposons cette raret\u00e9 unique en quantit\u00e9 limit\u00e9e.\nN'h\u00e9sitez plus et commandez d\u00e8s maintenant pour d\u00e9couvrir un gin d'exception !\n\n<\/div>\n<\/div>\n<\/div>\n<\/div>\n<\/div>\n<\/div>","_et_gb_content_width":""},"product_brand":[],"product_cat":[233,229],"product_tag":[859,860,1274,1290,1292,1291,1289,1293,1294,1269,1264],"class_list":{"0":"post-12494","1":"product","2":"type-product","3":"status-publish","4":"has-post-thumbnail","6":"product_cat-burberrys-fr","7":"product_cat-spiritueux","8":"product_tag-burberrys-fr","9":"product_tag-burberrys-gin-fr","10":"product_tag-gin-fr","11":"product_tag-gin-exclusif","12":"product_tag-gin-premium","13":"product_tag-gin-rare","14":"product_tag-gin-sec","15":"product_tag-le-gin-pour-les-collectionneurs","16":"product_tag-le-gin-pour-les-connaisseurs","17":"product_tag-les-produits-burberrys","18":"product_tag-whisky-burberrys","20":"first","21":"instock","22":"shipping-taxable","23":"purchasable","24":"product-type-simple"},"aioseo_notices":[],"_links":{"self":[{"href":"https:\/\/smoke.ch\/fr\/wp-json\/wp\/v2\/product\/12494","targetHints":{"allow":["GET"]}}],"collection":[{"href":"https:\/\/smoke.ch\/fr\/wp-json\/wp\/v2\/product"}],"about":[{"href":"https:\/\/smoke.ch\/fr\/wp-json\/wp\/v2\/types\/product"}],"replies":[{"embeddable":true,"href":"https:\/\/smoke.ch\/fr\/wp-json\/wp\/v2\/comments?post=12494"}],"wp:featuredmedia":[{"embeddable":true,"href":"https:\/\/smoke.ch\/fr\/wp-json\/wp\/v2\/media\/12497"}],"wp:attachment":[{"href":"https:\/\/smoke.ch\/fr\/wp-json\/wp\/v2\/media?parent=12494"}],"wp:term":[{"taxonomy":"product_brand","embeddable":true,"href":"https:\/\/smoke.ch\/fr\/wp-json\/wp\/v2\/product_brand?post=12494"},{"taxonomy":"product_cat","embeddable":true,"href":"https:\/\/smoke.ch\/fr\/wp-json\/wp\/v2\/product_cat?post=12494"},{"taxonomy":"product_tag","embeddable":true,"href":"https:\/\/smoke.ch\/fr\/wp-json\/wp\/v2\/product_tag?post=12494"}],"curies":[{"name":"wp","href":"https:\/\/api.w.org\/{rel}","templated":true}]}}