{"id":12499,"date":"2022-06-30T09:41:35","date_gmt":"2022-06-30T09:41:35","guid":{"rendered":"https:\/\/smoke.ch\/product\/montecristo-millennium-jar-2000\/"},"modified":"2025-04-16T12:35:10","modified_gmt":"2025-04-16T12:35:10","slug":"montecristo-millennium-jar-2000","status":"publish","type":"product","link":"https:\/\/smoke.ch\/fr\/produit\/montecristo-millennium-jar-2000\/","title":{"rendered":"Montecristo Millennium Jar \u2013 2000"},"content":{"rendered":"<div class=\"flex-1 overflow-hidden\">\n<div class=\"react-scroll-to-bottom--css-pusiv-79elbk h-full dark:bg-gray-800\">\n<div class=\"react-scroll-to-bottom--css-pusiv-1n7m0yu\">\n<div class=\"flex flex-col text-sm dark:bg-gray-800\">\n<div class=\"group w-full text-gray-800 dark:text-gray-100 border-b border-black\/10 dark:border-gray-900\/50 bg-gray-50 dark:bg-[#444654]\">\n<div class=\"flex p-4 gap-4 text-base md:gap-6 md:max-w-2xl lg:max-w-[38rem] xl:max-w-3xl md:py-6 lg:px-0 m-auto\">\n<div class=\"relative flex w-[calc(100%-50px)] flex-col gap-1 md:gap-3 lg:w-[calc(100%-115px)]\">\n<div class=\"flex flex-grow flex-col gap-3\">\n<div class=\"min-h-[20px] flex items-start overflow-x-auto whitespace-pre-wrap break-words flex-col gap-4\">\n<div class=\"markdown prose w-full break-words dark:prose-invert light\">\n<p>Le <strong><a href=\"https:\/\/smoke.ch\/fr\/categorie-produit\/cigares\/montecristo-fr\/\">Montecristo<\/a> Millennium Jar<\/strong> est une cr\u00e9ation exclusive de <a href=\"https:\/\/www.habanos.com\/en\/\"><br \/>\n  <strong>Habanos<\/strong><br \/>\n<\/a> S.A. un objet de collection unique pour tout amateur de cigares. A l&rsquo;occasion du mill\u00e9naire en l&rsquo;an 2000, Habanos a produit trois diff\u00e9rents bocaux en c\u00e9ramique. Parmi ces jarres sp\u00e9ciales, celle-ci contient 25 <strong>Montecristo Robustos<\/strong> faits \u00e0 la main, produits en 1999 et soigneusement conserv\u00e9s.<\/p>\n<p>Le Montecristo Millennium Jar n&rsquo;est pas seulement un objet de collection exquis, mais aussi une exp\u00e9rience de cigare inoubliable. Les robustos Montecristo sont connus pour leur go\u00fbt riche et leur complexit\u00e9, ce qui leur permet d&rsquo;offrir une exp\u00e9rience tabagique incomparable. Chaque bouff\u00e9e de ce <a href=\"https:\/\/smoke.ch\/fr\/categorie-produit\/cigares\/\"><br \/>\n  <strong>de cigare<\/strong><br \/>\n<\/a> est un plaisir pour les sens.<\/p>\n<p>En outre, ce pot Montecristo est parfait pour les amateurs de cigares qui souhaitent \u00e9largir leur collection ou qui cherchent un cadeau unique pour quelqu&rsquo;un qui appr\u00e9cie les plaisirs raffin\u00e9s. N&rsquo;h\u00e9sitez plus et commandez d\u00e8s aujourd&rsquo;hui le Montecristo Millennium Jar pour profiter de l&rsquo;un des meilleurs cigares du monde dans un objet de collection \u00e0 couper le souffle !<\/p>\n<\/div>\n<\/div>\n<\/div>\n<div class=\"flex justify-between lg:block\">\n<div class=\"text-gray-400 flex self-end lg:self-center justify-center mt-2 gap-2 md:gap-3 lg:gap-1 lg:absolute lg:top-0 lg:translate-x-full lg:right-0 lg:mt-0 lg:pl-2 visible\">\n<p>&nbsp;<\/p>\n<div class=\"flex gap-1\"><\/div>\n<\/div>\n<\/div>\n<\/div>\n<\/div>\n<\/div>\n<div class=\"h-32 md:h-48 flex-shrink-0\"><\/div>\n<p>&nbsp;<\/p>\n<\/div>\n<\/div>\n<\/div>\n<\/div>\n<div class=\"absolute bottom-0 left-0 w-full border-t md:border-t-0 dark:border-white\/20 md:border-transparent md:dark:border-transparent md:bg-vert-light-gradient bg-white dark:bg-gray-800 md:!bg-transparent dark:md:bg-vert-dark-gradient pt-2 md:pl-2 md:w-[calc(100%-.5rem)]\">\n<form class=\"stretch mx-2 flex flex-row gap-3 last:mb-2 md:mx-4 md:last:mb-6 lg:mx-auto lg:max-w-2xl xl:max-w-3xl\">\n<div class=\"relative flex h-full flex-1 items-stretch md:flex-col\" role=\"presentation\">\n<div>\n<div class=\"h-full flex ml-1 md:w-full md:m-auto md:mb-4 gap-0 md:gap-2 justify-center\"><\/div>\n<\/div>\n<\/div>\n<\/form>\n<\/div>\n","protected":false},"excerpt":{"rendered":"<p>Le Montecristo Millennium Jar est une cr\u00e9ation exclusive de Habanos S.A. un objet de collection unique pour tout amateur de cigares. A l&rsquo;occasion du mill\u00e9naire en l&rsquo;an 2000, Habanos a produit trois diff\u00e9rents bocaux en c\u00e9ramique. Parmi ces jarres sp\u00e9ciales, celle-ci contient 25 Montecristo Robustos faits \u00e0 la main, produits en 1999 et soigneusement conserv\u00e9s. [&hellip;]<\/p>\n","protected":false},"featured_media":12501,"comment_status":"open","ping_status":"closed","template":"","meta":{"_et_pb_use_builder":"","_et_pb_old_content":"","_et_gb_content_width":""},"product_brand":[],"product_cat":[219,224],"product_tag":[1014,1099,1080,1124,1123,926,1120,924,1026,881,1126,861,862],"class_list":{"0":"post-12499","1":"product","2":"type-product","3":"status-publish","4":"has-post-thumbnail","6":"product_cat-cigares","7":"product_cat-montecristo-fr","8":"product_tag-cigare-premium","9":"product_tag-cigares","10":"product_tag-cigares-cubains","11":"product_tag-cigares-cubains-exclusifs","12":"product_tag-cigares-cubains-vintage","13":"product_tag-cigares-en-edition-limitee","14":"product_tag-cigares-habanos","15":"product_tag-cigares-pour-collectionneurs","16":"product_tag-cigares-rares-fr","17":"product_tag-cigares-vintage","18":"product_tag-habanos-fr","19":"product_tag-montecristo-fr","20":"product_tag-montecristo-millennium-jar-fr","22":"first","23":"instock","24":"shipping-taxable","25":"purchasable","26":"product-type-variable"},"aioseo_notices":[],"_links":{"self":[{"href":"https:\/\/smoke.ch\/fr\/wp-json\/wp\/v2\/product\/12499","targetHints":{"allow":["GET"]}}],"collection":[{"href":"https:\/\/smoke.ch\/fr\/wp-json\/wp\/v2\/product"}],"about":[{"href":"https:\/\/smoke.ch\/fr\/wp-json\/wp\/v2\/types\/product"}],"replies":[{"embeddable":true,"href":"https:\/\/smoke.ch\/fr\/wp-json\/wp\/v2\/comments?post=12499"}],"wp:featuredmedia":[{"embeddable":true,"href":"https:\/\/smoke.ch\/fr\/wp-json\/wp\/v2\/media\/12501"}],"wp:attachment":[{"href":"https:\/\/smoke.ch\/fr\/wp-json\/wp\/v2\/media?parent=12499"}],"wp:term":[{"taxonomy":"product_brand","embeddable":true,"href":"https:\/\/smoke.ch\/fr\/wp-json\/wp\/v2\/product_brand?post=12499"},{"taxonomy":"product_cat","embeddable":true,"href":"https:\/\/smoke.ch\/fr\/wp-json\/wp\/v2\/product_cat?post=12499"},{"taxonomy":"product_tag","embeddable":true,"href":"https:\/\/smoke.ch\/fr\/wp-json\/wp\/v2\/product_tag?post=12499"}],"curies":[{"name":"wp","href":"https:\/\/api.w.org\/{rel}","templated":true}]}}