{"id":12510,"date":"2022-06-30T12:27:08","date_gmt":"2022-06-30T12:27:08","guid":{"rendered":"https:\/\/smoke.ch\/product\/rhum-el-conde-de-santiago-25-ans-dage\/"},"modified":"2025-04-16T12:44:40","modified_gmt":"2025-04-16T12:44:40","slug":"rhum-el-conde-de-santiago-25-ans-dage","status":"publish","type":"product","link":"https:\/\/smoke.ch\/fr\/produit\/rhum-el-conde-de-santiago-25-ans-dage\/","title":{"rendered":"Rhum El Conde de Santiago \u2013 25 ans d&rsquo;\u00e2ge"},"content":{"rendered":"<p><a href=\"https:\/\/smoke.ch\/fr\/categorie-produit\/spiritueux\/el-conde-de-santiago-fr-2\/\"><strong>El Conde de Santiago<\/strong><\/a> a \u00e9t\u00e9 distill\u00e9 dans les ann\u00e9es 1970 et a ensuite vieilli pendant 25 ans dans des f\u00fbts de ch\u00eane nobles \u2013 un long vieillissement qui lui conf\u00e8re un ar\u00f4me carib\u00e9en incomparable. Sa chaude teinte ambr\u00e9e et son parfum envo\u00fbtant de caramel, de vanille et de fleurs tropicales t\u00e9moignent d&rsquo;une qualit\u00e9 et d&rsquo;un savoir-faire exceptionnels.<br \/>\nCe rhum rare, l&rsquo;un des plus anciens et des plus <a href=\"https:\/\/smoke.ch\/fr\/categorie-produit\/spiritueux\/\"><strong>spiritueux les plus pr\u00e9cieux<\/strong><\/a> compte parmi les meilleurs, attire les amateurs et les collectionneurs. Il n&rsquo;inspire pas seulement le palais, mais vous emm\u00e8ne dans un voyage aventureux dans le pass\u00e9 des Cara\u00efbes \u2013 dans un lieu qui enchantait autrefois les pirates, les commer\u00e7ants et les aventuriers.<br \/>\n<a href=\"https:\/\/smoke.ch\/fr\/categorie-produit\/cigares\/el-conde-de-santiago-fr\/\"><strong>El Conde de Santiago<\/strong><\/a> est consid\u00e9r\u00e9 dans le monde entier comme un rhum haut de gamme et une v\u00e9ritable raret\u00e9. Il a \u00e9t\u00e9 produit \u00e0 l&rsquo;origine pour c\u00e9l\u00e9brer le 500e anniversaire de la d\u00e9couverte de l&rsquo;Am\u00e9rique. Le dernier stock de ce pr\u00e9cieux spiritueux est aujourd&rsquo;hui disponible en exclusivit\u00e9 dans notre entreprise.  <\/p>\n","protected":false},"excerpt":{"rendered":"<p>El Conde de Santiago a \u00e9t\u00e9 distill\u00e9 dans les ann\u00e9es 1970 et a ensuite vieilli pendant 25 ans dans des f\u00fbts de ch\u00eane nobles \u2013 un long vieillissement qui lui conf\u00e8re un ar\u00f4me carib\u00e9en incomparable. Sa chaude teinte ambr\u00e9e et son parfum envo\u00fbtant de caramel, de vanille et de fleurs tropicales t\u00e9moignent d&rsquo;une qualit\u00e9 et [&hellip;]<\/p>\n","protected":false},"featured_media":12515,"comment_status":"open","ping_status":"closed","template":"","meta":{"_et_pb_use_builder":"","_et_pb_old_content":"","_et_gb_content_width":""},"product_brand":[],"product_cat":[231,229],"product_tag":[867,1341,1310,1348,868,1340,1311],"class_list":{"0":"post-12510","1":"product","2":"type-product","3":"status-publish","4":"has-post-thumbnail","6":"product_cat-el-conde-de-santiago-fr-2","7":"product_cat-spiritueux","8":"product_tag-rhum","9":"product_tag-rhum-anejo","10":"product_tag-rhum-cubain","11":"product_tag-rhum-de-25-ans-dage","12":"product_tag-rhum-el-conde-de-santiago","13":"product_tag-un-rhum-rare","14":"product_tag-vieux-rhum","16":"first","17":"instock","18":"shipping-taxable","19":"purchasable","20":"product-type-simple"},"aioseo_notices":[],"_links":{"self":[{"href":"https:\/\/smoke.ch\/fr\/wp-json\/wp\/v2\/product\/12510","targetHints":{"allow":["GET"]}}],"collection":[{"href":"https:\/\/smoke.ch\/fr\/wp-json\/wp\/v2\/product"}],"about":[{"href":"https:\/\/smoke.ch\/fr\/wp-json\/wp\/v2\/types\/product"}],"replies":[{"embeddable":true,"href":"https:\/\/smoke.ch\/fr\/wp-json\/wp\/v2\/comments?post=12510"}],"wp:featuredmedia":[{"embeddable":true,"href":"https:\/\/smoke.ch\/fr\/wp-json\/wp\/v2\/media\/12515"}],"wp:attachment":[{"href":"https:\/\/smoke.ch\/fr\/wp-json\/wp\/v2\/media?parent=12510"}],"wp:term":[{"taxonomy":"product_brand","embeddable":true,"href":"https:\/\/smoke.ch\/fr\/wp-json\/wp\/v2\/product_brand?post=12510"},{"taxonomy":"product_cat","embeddable":true,"href":"https:\/\/smoke.ch\/fr\/wp-json\/wp\/v2\/product_cat?post=12510"},{"taxonomy":"product_tag","embeddable":true,"href":"https:\/\/smoke.ch\/fr\/wp-json\/wp\/v2\/product_tag?post=12510"}],"curies":[{"name":"wp","href":"https:\/\/api.w.org\/{rel}","templated":true}]}}