{"id":12544,"date":"2022-03-30T19:56:58","date_gmt":"2022-03-30T19:56:58","guid":{"rendered":"https:\/\/smoke.ch\/product\/cohiba-55-aniversario-edicion-limitada-2021-victoria\/"},"modified":"2025-03-19T11:22:57","modified_gmt":"2025-03-19T11:22:57","slug":"cohiba-55-aniversario-edicion-limitada-2021-victoria","status":"publish","type":"product","link":"https:\/\/smoke.ch\/fr\/produit\/cohiba-55-aniversario-edicion-limitada-2021-victoria\/","title":{"rendered":"Cohiba 55 Aniversario Edici\u00f3n Limitada 2021 \u2013 Victoria"},"content":{"rendered":"<p>Le <strong><a href=\"https:\/\/smoke.ch\/fr\/categorie-produit\/cigares\/cohiba-fr\/\">Cohiba<\/a> 55 Aniversario Edici\u00f3n Limitada 2021<\/strong> est une cr\u00e9ation exclusive pour le 55e anniversaire de la marque de cigares Cohiba par <a href=\"https:\/\/www.habanos.com\/en\/\"><br \/>\n  <strong>Habanos<\/strong><br \/>\n<\/a> S.A. Avec une mesure annulaire de 57 et une longueur de 150 mm, il fait partie des formats les plus \u00e9pais. En outre, le cigare est pr\u00e9sent\u00e9 dans un nouveau format appel\u00e9 \u00ab\u00a0Victoria\u00a0\u00bb. Ce cigare n&rsquo;est disponible qu&rsquo;en quantit\u00e9 limit\u00e9e et est livr\u00e9 dans une bo\u00eete en bois exclusive de 10 pi\u00e8ces. Bien entendu, nous vous proposons ce noble<strong> <a href=\"https:\/\/smoke.ch\/fr\/categorie-produit\/cigares\/\">cigares<\/a><\/strong> \u00e9galement disponibles \u00e0 l&rsquo;unit\u00e9.<\/p>\n<p>Comme pour tous les Cohiba, les esp\u00e8ces de feuilles utilis\u00e9es dans la fabrication du Cohiba 55 Aniversario Edici\u00f3n Limitada 2021 subissent une troisi\u00e8me fermentation suppl\u00e9mentaire dans des f\u00fbts en bois. Gr\u00e2ce \u00e0 ce traitement sp\u00e9cial, les cigares de la marque Cohiba ont un ar\u00f4me incomparable. Ce cigare a un go\u00fbt que l&rsquo;on ne retrouve dans aucune autre marque de cigare. En plus de l&rsquo;estampage classique \u00ab\u00a0Edici\u00f3n Limitada 2021\u00a0\u00bb et du bracelet de la marque Cohiba, le 55 Aniversario appara\u00eet d\u00e9sormais avec un bracelet de pied qui porte le logo du 55e anniversaire de la marque Cohiba.<\/p>\n<p>Cette <strong>\u00e9dition limit\u00e9e<\/strong> n&rsquo;est plus produite que pour une courte dur\u00e9e. R\u00e9servez d\u00e8s maintenant une caisse pour votre <strong><br \/>\n  <a href=\"https:\/\/smoke.ch\/fr\/categorie-produit\/caves-a-cigares\/\">Humidor<\/a><br \/>\n<\/strong>.<\/p>\n","protected":false},"excerpt":{"rendered":"<p>Le Cohiba 55 Aniversario Edici\u00f3n Limitada 2021 est une cr\u00e9ation exclusive pour le 55e anniversaire de la marque de cigares Cohiba par Habanos S.A. Avec une mesure annulaire de 57 et une longueur de 150 mm, il fait partie des formats les plus \u00e9pais. En outre, le cigare est pr\u00e9sent\u00e9 dans un nouveau format appel\u00e9 [&hellip;]<\/p>\n","protected":false},"featured_media":12546,"comment_status":"open","ping_status":"closed","template":"","meta":{"_et_pb_use_builder":"","_et_pb_old_content":"","_et_gb_content_width":""},"product_brand":[],"product_cat":[219,220],"product_tag":[1014,1099,1119,1080,1124,1123,926,1120,924,1026,881,801,1056,1057,874,843,1126],"class_list":{"0":"post-12544","1":"product","2":"type-product","3":"status-publish","4":"has-post-thumbnail","6":"product_cat-cigares","7":"product_cat-cohiba-fr","8":"product_tag-cigare-premium","9":"product_tag-cigares","10":"product_tag-cigares-cohiba","11":"product_tag-cigares-cubains","12":"product_tag-cigares-cubains-exclusifs","13":"product_tag-cigares-cubains-vintage","14":"product_tag-cigares-en-edition-limitee","15":"product_tag-cigares-habanos","16":"product_tag-cigares-pour-collectionneurs","17":"product_tag-cigares-rares-fr","18":"product_tag-cigares-vintage","19":"product_tag-cohiba-fr","20":"product_tag-cohiba-55-fr","21":"product_tag-cohiba-55-aniversario-fr","22":"product_tag-cohiba-55-aniversario-edicion-limitada-fr","23":"product_tag-cohiba-55-anniversary-fr","24":"product_tag-habanos-fr","26":"first","27":"instock","28":"shipping-taxable","29":"purchasable","30":"product-type-variable"},"aioseo_notices":[],"_links":{"self":[{"href":"https:\/\/smoke.ch\/fr\/wp-json\/wp\/v2\/product\/12544","targetHints":{"allow":["GET"]}}],"collection":[{"href":"https:\/\/smoke.ch\/fr\/wp-json\/wp\/v2\/product"}],"about":[{"href":"https:\/\/smoke.ch\/fr\/wp-json\/wp\/v2\/types\/product"}],"replies":[{"embeddable":true,"href":"https:\/\/smoke.ch\/fr\/wp-json\/wp\/v2\/comments?post=12544"}],"wp:featuredmedia":[{"embeddable":true,"href":"https:\/\/smoke.ch\/fr\/wp-json\/wp\/v2\/media\/12546"}],"wp:attachment":[{"href":"https:\/\/smoke.ch\/fr\/wp-json\/wp\/v2\/media?parent=12544"}],"wp:term":[{"taxonomy":"product_brand","embeddable":true,"href":"https:\/\/smoke.ch\/fr\/wp-json\/wp\/v2\/product_brand?post=12544"},{"taxonomy":"product_cat","embeddable":true,"href":"https:\/\/smoke.ch\/fr\/wp-json\/wp\/v2\/product_cat?post=12544"},{"taxonomy":"product_tag","embeddable":true,"href":"https:\/\/smoke.ch\/fr\/wp-json\/wp\/v2\/product_tag?post=12544"}],"curies":[{"name":"wp","href":"https:\/\/api.w.org\/{rel}","templated":true}]}}