{"id":12567,"date":"2022-06-30T08:52:48","date_gmt":"2022-06-30T08:52:48","guid":{"rendered":"https:\/\/smoke.ch\/product\/cohiba-bhk-behike-54-2020\/"},"modified":"2025-10-22T14:14:22","modified_gmt":"2025-10-22T14:14:22","slug":"cohiba-bhk-behike-54-2020","status":"publish","type":"product","link":"https:\/\/smoke.ch\/fr\/produit\/cohiba-bhk-behike-54-2020\/","title":{"rendered":"Cohiba BHK Behike 54 \u2013 2020\/21"},"content":{"rendered":"<p>Le site <a href=\"https:\/\/smoke.ch\/fr\/categorie-produit\/cigares\/cohiba-fr\/\"><strong>Cohiba Behike<\/strong><\/a> est l&rsquo;un des cigares les plus exclusifs que Cuba ait \u00e0 offrir. Sa qualit\u00e9 exceptionnelle saute tout d&rsquo;abord aux yeux, car il est fabriqu\u00e9 exclusivement \u00e0 partir des meilleures vari\u00e9t\u00e9s de tabac de la r\u00e9gion de Vuelta Abajo. Il convient de souligner l&rsquo;utilisation des rares feuilles de Medio Tiempo. Celles-ci conf\u00e8rent au cigare non seulement un go\u00fbt intense, mais aussi une force unique, sans \u00e9quivalent.<\/p>\n<p>La fum\u00e9e r\u00e9v\u00e8le un profil aromatique harmonieux. Au d\u00e9but, on remarque des nuances cr\u00e9meuses et l\u00e9g\u00e8rement sucr\u00e9es. Ensuite, des notes de caf\u00e9, de bois et d&rsquo;\u00e9pices fines se d\u00e9veloppent progressivement et compl\u00e8tent merveilleusement l&rsquo;image gustative. Enfin, la douceur de la fin de bouche assure un final savoureux.<\/p>\n<p>En outre, Cohiba Behike impressionne par la diversit\u00e9 de ses formats. La s\u00e9rie propose trois tailles : <strong>BHK 52, <a href=\"https:\/\/smoke.ch\/fr\/produit\/cohiba-bhk-behike-52-2020\/\">BHK 54<\/a> et BHK 56<\/strong>. Bien qu&rsquo;ils se distinguent par leur longueur et leur dur\u00e9e de fum\u00e9e, tous les formats garantissent la m\u00eame qualit\u00e9 exceptionnelle. De plus, la finition convainc par sa perfection. La feuille de couverture est impeccable, le tirage agr\u00e9able et la combustion toujours r\u00e9guli\u00e8re.<\/p>\n<p>Enfin, l&#8217;emballage luxueux souligne le caract\u00e8re exclusif de Cohiba Behike. <a href=\"https:\/\/smoke.ch\/fr\/categorie-produit\/cigares\/\"><strong>Chaque cigare<\/strong><\/a> est pr\u00e9sent\u00e9 dans de superbes bo\u00eetes en bois qui compl\u00e8tent l&rsquo;exp\u00e9rience premium. Comme la production est strictement limit\u00e9e, ces cigares ne sont pas seulement un plaisir, mais aussi une pi\u00e8ce de collection tr\u00e8s recherch\u00e9e.<\/p>\n<p>En r\u00e9sum\u00e9, le Cohiba Behike est le choix parfait pour les aficionados exigeants. Gr\u00e2ce \u00e0 sa qualit\u00e9 exceptionnelle, \u00e0 son go\u00fbt incomparable et \u00e0 sa pr\u00e9sentation raffin\u00e9e, il repr\u00e9sente l&rsquo;art du cigare cubain de la marque.<a href=\"https:\/\/www.habanos.com\/en\/\"><strong> Habanos S.A.<\/strong><\/a> au plus haut niveau. Essayez le Cohiba Behike et plongez dans le monde du luxe \u00e0 l&rsquo;\u00e9tat pur !<\/p>\n<p>&nbsp;<\/p>\n","protected":false},"excerpt":{"rendered":"<p>Le site Cohiba Behike est l&rsquo;un des cigares les plus exclusifs que Cuba ait \u00e0 offrir. Sa qualit\u00e9 exceptionnelle saute tout d&rsquo;abord aux yeux, car il est fabriqu\u00e9 exclusivement \u00e0 partir des meilleures vari\u00e9t\u00e9s de tabac de la r\u00e9gion de Vuelta Abajo. Il convient de souligner l&rsquo;utilisation des rares feuilles de Medio Tiempo. Celles-ci conf\u00e8rent [&hellip;]<\/p>\n","protected":false},"featured_media":12573,"comment_status":"open","ping_status":"closed","template":"","meta":{"_et_pb_use_builder":"","_et_pb_old_content":"","_et_gb_content_width":""},"product_brand":[],"product_cat":[219,220],"product_tag":[1014,1099,1119,1080,1124,1123,926,1120,924,1025,1026,1071,801,239,871,876,1169,1126],"class_list":{"0":"post-12567","1":"product","2":"type-product","3":"status-publish","4":"has-post-thumbnail","6":"product_cat-cigares","7":"product_cat-cohiba-fr","8":"product_tag-cigare-premium","9":"product_tag-cigares","10":"product_tag-cigares-cohiba","11":"product_tag-cigares-cubains","12":"product_tag-cigares-cubains-exclusifs","13":"product_tag-cigares-cubains-vintage","14":"product_tag-cigares-en-edition-limitee","15":"product_tag-cigares-habanos","16":"product_tag-cigares-pour-collectionneurs","17":"product_tag-cigares-rares","18":"product_tag-cigares-rares-fr","19":"product_tag-cigares-vintage-fr","20":"product_tag-cohiba-fr","21":"product_tag-cohiba-behike-fr","22":"product_tag-cohiba-bhk-fr","23":"product_tag-cohiba-bhk-54-fr","24":"product_tag-cohiba-bhk54-fr","25":"product_tag-habanos-fr","27":"first","28":"instock","29":"shipping-taxable","30":"purchasable","31":"product-type-variable"},"aioseo_notices":[],"_links":{"self":[{"href":"https:\/\/smoke.ch\/fr\/wp-json\/wp\/v2\/product\/12567","targetHints":{"allow":["GET"]}}],"collection":[{"href":"https:\/\/smoke.ch\/fr\/wp-json\/wp\/v2\/product"}],"about":[{"href":"https:\/\/smoke.ch\/fr\/wp-json\/wp\/v2\/types\/product"}],"replies":[{"embeddable":true,"href":"https:\/\/smoke.ch\/fr\/wp-json\/wp\/v2\/comments?post=12567"}],"wp:featuredmedia":[{"embeddable":true,"href":"https:\/\/smoke.ch\/fr\/wp-json\/wp\/v2\/media\/12573"}],"wp:attachment":[{"href":"https:\/\/smoke.ch\/fr\/wp-json\/wp\/v2\/media?parent=12567"}],"wp:term":[{"taxonomy":"product_brand","embeddable":true,"href":"https:\/\/smoke.ch\/fr\/wp-json\/wp\/v2\/product_brand?post=12567"},{"taxonomy":"product_cat","embeddable":true,"href":"https:\/\/smoke.ch\/fr\/wp-json\/wp\/v2\/product_cat?post=12567"},{"taxonomy":"product_tag","embeddable":true,"href":"https:\/\/smoke.ch\/fr\/wp-json\/wp\/v2\/product_tag?post=12567"}],"curies":[{"name":"wp","href":"https:\/\/api.w.org\/{rel}","templated":true}]}}