{"id":12587,"date":"2022-03-30T19:56:58","date_gmt":"2022-03-30T19:56:58","guid":{"rendered":"https:\/\/smoke.ch\/product\/partagas-155-aniversario-humidor-salomones-cigare-unique\/"},"modified":"2026-01-31T15:21:57","modified_gmt":"2026-01-31T15:21:57","slug":"partagas-155-aniversario-humidor-salomones-cigare-unique","status":"publish","type":"product","link":"https:\/\/smoke.ch\/fr\/produit\/partagas-155-aniversario-humidor-salomones-cigare-unique\/","title":{"rendered":"Partagas 155 Aniversario Humidor \u2013 Salomones \u2013 Cigare unique"},"content":{"rendered":"<div class=\"flex-1 overflow-hidden\">\n<div class=\"react-scroll-to-bottom--css-pusiv-79elbk h-full dark:bg-gray-800\">\n<div class=\"react-scroll-to-bottom--css-pusiv-1n7m0yu\">\n<div class=\"flex flex-col text-sm dark:bg-gray-800\">\n<div class=\"group w-full text-gray-800 dark:text-gray-100 border-b border-black\/10 dark:border-gray-900\/50 bg-gray-50 dark:bg-[#444654]\">\n<div class=\"flex p-4 gap-4 text-base md:gap-6 md:max-w-2xl lg:max-w-[38rem] xl:max-w-3xl md:py-6 lg:px-0 m-auto\">\n<div class=\"relative flex w-[calc(100%-50px)] flex-col gap-1 md:gap-3 lg:w-[calc(100%-115px)]\">\n<div class=\"flex flex-grow flex-col gap-3\">\n<div class=\"min-h-[20px] flex items-start overflow-x-auto whitespace-pre-wrap break-words flex-col gap-4\">\n<div class=\"markdown prose w-full break-words dark:prose-invert light\">\n<p>Le <strong><a href=\"https:\/\/smoke.ch\/product-category\/zigarren\/partagas\/\">Partagas<\/a> 155 Aniversario<\/strong> \u2013 Salomones est un cigare qui a \u00e9t\u00e9 lanc\u00e9 pour la 155e fois. anniversaire de la marque Partagas en novembre 2000 par <a href=\"https:\/\/www.habanos.com\/en\/\"><br \/>\n  <strong>Habanos<\/strong><br \/>\n<\/a> S.A.. Cette \u00e9dition limit\u00e9e est un v\u00e9ritable chef-d&rsquo;\u0153uvre en termes d&rsquo;artisanat et de qualit\u00e9 du tabac.<\/p>\n<p>Chaque cigare est unique et offre un profil gustatif complexe. Les formats Salomones sont connus pour leur longue dur\u00e9e de fumage et offrent ainsi une exp\u00e9rience de plaisir particuli\u00e8re aux <a href=\"https:\/\/smoke.ch\/product-category\/zigarren\/\"><br \/>\n  <strong>amateurs de cigares<\/strong><br \/>\n<\/a>.<\/p>\n<p>Le <a href=\"https:\/\/smoke.ch\/product-category\/humidore\/\"><br \/>\n  <strong>Humidor<\/strong><br \/>\n<\/a>La <strong>Partagas 155 Aniversario<\/strong> est un magnifique chef-d&rsquo;\u0153uvre qui contient 155 cigares. Cette cave \u00e0 cigares se compose d&rsquo;une partie inf\u00e9rieure et de quatre tiroirs d\u00e9pliables qui assurent un stockage optimal. Nous avons \u00e0 vendre des salomones individuelles de cette magnifique cave \u00e0 cigares.<\/p>\n<p>D\u00e9couvrez le<strong> Partagas 155 Aniversario<\/strong> \u2013 Salomones et profitez d&rsquo;un cigare parfaitement adapt\u00e9 aux occasions sp\u00e9ciales. Avec son profil gustatif unique et sa disponibilit\u00e9 limit\u00e9e, ce cigare est un must absolu pour tous les amateurs de cigares. Alors n&rsquo;h\u00e9sitez plus et procurez-vous d\u00e8s maintenant ce cigare particulier !<\/p>\n<\/div>\n<\/div>\n<\/div>\n<div class=\"flex justify-between lg:block\">\n<div class=\"text-gray-400 flex self-end lg:self-center justify-center mt-2 gap-2 md:gap-3 lg:gap-1 lg:absolute lg:top-0 lg:translate-x-full lg:right-0 lg:mt-0 lg:pl-2 visible\">\n<p>&nbsp;<\/p>\n<div class=\"flex gap-1\"><\/div>\n<\/div>\n<\/div>\n<\/div>\n<\/div>\n<\/div>\n<div class=\"h-32 md:h-48 flex-shrink-0\"><\/div>\n<p>&nbsp;<\/p>\n<\/div>\n<\/div>\n<\/div>\n<\/div>\n<div class=\"absolute bottom-0 left-0 w-full border-t md:border-t-0 dark:border-white\/20 md:border-transparent md:dark:border-transparent md:bg-vert-light-gradient bg-white dark:bg-gray-800 md:!bg-transparent dark:md:bg-vert-dark-gradient pt-2 md:pl-2 md:w-[calc(100%-.5rem)]\">\n<form class=\"stretch mx-2 flex flex-row gap-3 last:mb-2 md:mx-4 md:last:mb-6 lg:mx-auto lg:max-w-2xl xl:max-w-3xl\">\n<div class=\"relative flex h-full flex-1 items-stretch md:flex-col\" role=\"presentation\">\n<div>\n<div class=\"h-full flex ml-1 md:w-full md:m-auto md:mb-4 gap-0 md:gap-2 justify-center\"><\/div>\n<\/div>\n<\/div>\n<\/form>\n<\/div>\n","protected":false},"excerpt":{"rendered":"<p>Le Partagas 155 Aniversario \u2013 Salomones est un cigare qui a \u00e9t\u00e9 lanc\u00e9 pour la 155e fois. anniversaire de la marque Partagas en novembre 2000 par Habanos S.A.. Cette \u00e9dition limit\u00e9e est un v\u00e9ritable chef-d&rsquo;\u0153uvre en termes d&rsquo;artisanat et de qualit\u00e9 du tabac. Chaque cigare est unique et offre un profil gustatif complexe. Les formats [&hellip;]<\/p>\n","protected":false},"featured_media":12593,"comment_status":"open","ping_status":"closed","template":"","meta":{"_et_pb_use_builder":"","_et_pb_old_content":"","_et_gb_content_width":""},"product_brand":[],"product_cat":[227,219,225,878],"product_tag":[1014,1099,1080,1124,1123,1120,1208,924,1026,881,1126,802,880,879],"class_list":{"0":"post-12587","1":"product","2":"type-product","3":"status-publish","4":"has-post-thumbnail","6":"product_cat-caves-a-cigares","7":"product_cat-cigares","8":"product_cat-partagas-fr","9":"product_cat-partagas-fr-2","10":"product_tag-cigare-premium","11":"product_tag-cigares","12":"product_tag-cigares-cubains","13":"product_tag-cigares-cubains-exclusifs","14":"product_tag-cigares-cubains-vintage","15":"product_tag-cigares-habanos","16":"product_tag-cigares-partagas","17":"product_tag-cigares-pour-collectionneurs","18":"product_tag-cigares-rares-fr","19":"product_tag-cigares-vintage","20":"product_tag-habanos-fr","21":"product_tag-partagas-fr","22":"product_tag-partagas-155-aniversario-cave-a-cigares","23":"product_tag-partagas-salomones-fr","25":"first","26":"instock","27":"shipping-taxable","28":"purchasable","29":"product-type-simple"},"aioseo_notices":[],"_links":{"self":[{"href":"https:\/\/smoke.ch\/fr\/wp-json\/wp\/v2\/product\/12587","targetHints":{"allow":["GET"]}}],"collection":[{"href":"https:\/\/smoke.ch\/fr\/wp-json\/wp\/v2\/product"}],"about":[{"href":"https:\/\/smoke.ch\/fr\/wp-json\/wp\/v2\/types\/product"}],"replies":[{"embeddable":true,"href":"https:\/\/smoke.ch\/fr\/wp-json\/wp\/v2\/comments?post=12587"}],"wp:featuredmedia":[{"embeddable":true,"href":"https:\/\/smoke.ch\/fr\/wp-json\/wp\/v2\/media\/12593"}],"wp:attachment":[{"href":"https:\/\/smoke.ch\/fr\/wp-json\/wp\/v2\/media?parent=12587"}],"wp:term":[{"taxonomy":"product_brand","embeddable":true,"href":"https:\/\/smoke.ch\/fr\/wp-json\/wp\/v2\/product_brand?post=12587"},{"taxonomy":"product_cat","embeddable":true,"href":"https:\/\/smoke.ch\/fr\/wp-json\/wp\/v2\/product_cat?post=12587"},{"taxonomy":"product_tag","embeddable":true,"href":"https:\/\/smoke.ch\/fr\/wp-json\/wp\/v2\/product_tag?post=12587"}],"curies":[{"name":"wp","href":"https:\/\/api.w.org\/{rel}","templated":true}]}}