{"id":12620,"date":"2022-03-30T19:56:58","date_gmt":"2022-03-30T19:56:58","guid":{"rendered":"https:\/\/smoke.ch\/product\/vegas-robaina-unicos-5-aniversario-cigare-simple\/"},"modified":"2025-04-25T12:28:25","modified_gmt":"2025-04-25T12:28:25","slug":"vegas-robaina-unicos-5-aniversario-cigare-simple","status":"publish","type":"product","link":"https:\/\/smoke.ch\/fr\/produit\/vegas-robaina-unicos-5-aniversario-cigare-simple\/","title":{"rendered":"Vegas Robaina Unicos \u2013 5 Aniversario \u2013 Cigare simple"},"content":{"rendered":"<p>Les <strong>cigares<a href=\"https:\/\/smoke.ch\/fr\/categorie-produit\/cigares\/vegas-robaina-fr\/\">Vegas Robaina<\/a> Unicos<\/strong> sont un v\u00e9ritable joyau parmi les cigares cubains. Ils ont \u00e9t\u00e9 \u00e9dit\u00e9s pour le cinqui\u00e8me anniversaire de la marque Vegas Robaina lors du 4e <strong><a href=\"https:\/\/www.habanos.com\/en\/\">Festival<\/a><\/strong> international <strong>de La Havane<\/strong> en 2002 et sign\u00e9s par Alejandro Robaina lui-m\u00eame.<\/p>\n<p>En outre, nous avons encore quelques-uns de ces cigares extraordinaires. <a href=\"https:\/\/smoke.ch\/fr\/categorie-produit\/cigares\/\"><br \/>\n  <strong>cigares<\/strong><br \/>\n<\/a> en stock, synonymes d&rsquo;un go\u00fbt unique et d&rsquo;une exp\u00e9rience inoubliable. Les cigares Vegas Robaina Unicos sont fabriqu\u00e9s \u00e0 la main et sont compos\u00e9s des tabacs les plus fins, soigneusement s\u00e9lectionn\u00e9s pour obtenir un \u00e9quilibre parfait entre go\u00fbt et ar\u00f4me.<\/p>\n<p>Chaque cigare offre un profil gustatif complexe avec des notes de cuir, de bois et d&rsquo;\u00e9pices qui s&rsquo;harmonisent parfaitement entre elles. Si vous souhaitez d\u00e9couvrir le go\u00fbt exclusif des cigares Vegas Robaina Unicos, sign\u00e9s par Alejandro Robaina et synonymes d&rsquo;une histoire unique, ne tardez pas \u00e0 vous procurer ce cigare particulier, jusqu&rsquo;\u00e0 \u00e9puisement des stocks. Laissez-vous s\u00e9duire par ce plaisir exceptionnel !<\/p>\n","protected":false},"excerpt":{"rendered":"<p>Les cigaresVegas Robaina Unicos sont un v\u00e9ritable joyau parmi les cigares cubains. Ils ont \u00e9t\u00e9 \u00e9dit\u00e9s pour le cinqui\u00e8me anniversaire de la marque Vegas Robaina lors du 4e Festival international de La Havane en 2002 et sign\u00e9s par Alejandro Robaina lui-m\u00eame. En outre, nous avons encore quelques-uns de ces cigares extraordinaires. cigares en stock, synonymes [&hellip;]<\/p>\n","protected":false},"featured_media":12624,"comment_status":"open","ping_status":"closed","template":"","meta":{"_et_pb_use_builder":"","_et_pb_old_content":"","_et_gb_content_width":""},"product_brand":[],"product_cat":[219,237],"product_tag":[1014,1099,1080,1124,1123,926,1120,924,1026,1365,881,1126,888,889],"class_list":{"0":"post-12620","1":"product","2":"type-product","3":"status-publish","4":"has-post-thumbnail","6":"product_cat-cigares","7":"product_cat-vegas-robaina-fr","8":"product_tag-cigare-premium","9":"product_tag-cigares","10":"product_tag-cigares-cubains","11":"product_tag-cigares-cubains-exclusifs","12":"product_tag-cigares-cubains-vintage","13":"product_tag-cigares-en-edition-limitee","14":"product_tag-cigares-habanos","15":"product_tag-cigares-pour-collectionneurs","16":"product_tag-cigares-rares-fr","17":"product_tag-cigares-vegas-robaina","18":"product_tag-cigares-vintage","19":"product_tag-habanos-fr","20":"product_tag-vegas-robaina-fr","21":"product_tag-vegas-robaina-don-alejandro-fr","23":"first","24":"instock","25":"shipping-taxable","26":"purchasable","27":"product-type-simple"},"aioseo_notices":[],"_links":{"self":[{"href":"https:\/\/smoke.ch\/fr\/wp-json\/wp\/v2\/product\/12620","targetHints":{"allow":["GET"]}}],"collection":[{"href":"https:\/\/smoke.ch\/fr\/wp-json\/wp\/v2\/product"}],"about":[{"href":"https:\/\/smoke.ch\/fr\/wp-json\/wp\/v2\/types\/product"}],"replies":[{"embeddable":true,"href":"https:\/\/smoke.ch\/fr\/wp-json\/wp\/v2\/comments?post=12620"}],"wp:featuredmedia":[{"embeddable":true,"href":"https:\/\/smoke.ch\/fr\/wp-json\/wp\/v2\/media\/12624"}],"wp:attachment":[{"href":"https:\/\/smoke.ch\/fr\/wp-json\/wp\/v2\/media?parent=12620"}],"wp:term":[{"taxonomy":"product_brand","embeddable":true,"href":"https:\/\/smoke.ch\/fr\/wp-json\/wp\/v2\/product_brand?post=12620"},{"taxonomy":"product_cat","embeddable":true,"href":"https:\/\/smoke.ch\/fr\/wp-json\/wp\/v2\/product_cat?post=12620"},{"taxonomy":"product_tag","embeddable":true,"href":"https:\/\/smoke.ch\/fr\/wp-json\/wp\/v2\/product_tag?post=12620"}],"curies":[{"name":"wp","href":"https:\/\/api.w.org\/{rel}","templated":true}]}}