{"id":12637,"date":"2022-03-30T19:56:58","date_gmt":"2022-03-30T19:56:58","guid":{"rendered":"https:\/\/smoke.ch\/product\/vegas-robaina-don-alejandro-cigare-unique-5-aniversario\/"},"modified":"2025-04-25T12:25:22","modified_gmt":"2025-04-25T12:25:22","slug":"vegas-robaina-don-alejandro-cigare-unique-5-aniversario","status":"publish","type":"product","link":"https:\/\/smoke.ch\/fr\/produit\/vegas-robaina-don-alejandro-cigare-unique-5-aniversario\/","title":{"rendered":"Vegas Robaina Don Alejandro \u2013 Cigare unique \u2013 5 Aniversario"},"content":{"rendered":"<div class=\"flex-1 overflow-hidden\">\n<div class=\"react-scroll-to-bottom--css-pusiv-79elbk h-full dark:bg-gray-800\">\n<div class=\"react-scroll-to-bottom--css-pusiv-1n7m0yu\">\n<div class=\"flex flex-col text-sm dark:bg-gray-800\">\n<div class=\"group w-full text-gray-800 dark:text-gray-100 border-b border-black\/10 dark:border-gray-900\/50 bg-gray-50 dark:bg-[#444654]\">\n<div class=\"flex p-4 gap-4 text-base md:gap-6 md:max-w-2xl lg:max-w-[38rem] xl:max-w-3xl md:py-6 lg:px-0 m-auto\">\n<div class=\"relative flex w-[calc(100%-50px)] flex-col gap-1 md:gap-3 lg:w-[calc(100%-115px)]\">\n<div class=\"flex flex-grow flex-col gap-3\">\n<div class=\"min-h-[20px] flex items-start overflow-x-auto whitespace-pre-wrap break-words flex-col gap-4\">\n<div class=\"markdown prose w-full break-words dark:prose-invert light\">\n<p>Le <strong>cigare<a href=\"https:\/\/smoke.ch\/fr\/categorie-produit\/cigares\/vegas-robaina-fr\/\">Vegas Robaina<\/a> Don Alejandro<\/strong> est une cr\u00e9ation sp\u00e9ciale de <a href=\"https:\/\/www.habanos.com\/en\/\"><br \/>\n  <strong>Habanos<\/strong><br \/>\n<\/a> S.A. qui a \u00e9t\u00e9 lanc\u00e9e \u00e0 l&rsquo;occasion du <strong>cinqui\u00e8me anniversaire de la marque<\/strong> <strong>Vegas Robaina<\/strong>. Lors du 4e Festival international de La Havane en 2002, Alejandro Robaina, une l\u00e9gende dans le monde des planteurs et des producteurs de tabac, a personnellement sign\u00e9 quelques bo\u00eetes de cigares.<\/p>\n<p>De plus, nous avons encore quelques-uns de ces <a href=\"https:\/\/smoke.ch\/fr\/categorie-produit\/cigares\/\"><br \/>\n  <strong>cigares<\/strong><br \/>\n<\/a> en stock, qui refl\u00e8tent le go\u00fbt exclusif et la qualit\u00e9 de la marque Vegas Robaina. Cette \u00e9dition limit\u00e9e de 2002 est une v\u00e9ritable raret\u00e9 et offre une exp\u00e9rience gustative unique, que l&rsquo;on ne trouve nulle part ailleurs.<\/p>\n<p>Chaque cigare a \u00e9t\u00e9 roul\u00e9 \u00e0 la main et rempli de tabacs provenant des meilleures r\u00e9gions de culture de Cuba, afin de cr\u00e9er un profil de go\u00fbt exceptionnel. Si vous souhaitez d\u00e9couvrir le go\u00fbt exclusif du cigare Vegas Robaina Don Alejandro \u2013 une \u00e9dition limit\u00e9e de 2002 sign\u00e9e par Alejandro Robaina \u2013 ne tardez pas \u00e0 l&rsquo;acheter, jusqu&rsquo;\u00e0 \u00e9puisement des stocks !<\/p>\n<\/div>\n<\/div>\n<\/div>\n<div class=\"flex justify-between lg:block\">\n<div class=\"text-gray-400 flex self-end lg:self-center justify-center mt-2 gap-2 md:gap-3 lg:gap-1 lg:absolute lg:top-0 lg:translate-x-full lg:right-0 lg:mt-0 lg:pl-2 visible\">\n<p>&nbsp;<\/p>\n<div class=\"flex gap-1\"><\/div>\n<\/div>\n<\/div>\n<\/div>\n<\/div>\n<\/div>\n<div class=\"h-32 md:h-48 flex-shrink-0\"><\/div>\n<p>&nbsp;<\/p>\n<\/div>\n<\/div>\n<\/div>\n<\/div>\n<div class=\"absolute bottom-0 left-0 w-full border-t md:border-t-0 dark:border-white\/20 md:border-transparent md:dark:border-transparent md:bg-vert-light-gradient bg-white dark:bg-gray-800 md:!bg-transparent dark:md:bg-vert-dark-gradient pt-2 md:pl-2 md:w-[calc(100%-.5rem)]\">\n<form class=\"stretch mx-2 flex flex-row gap-3 last:mb-2 md:mx-4 md:last:mb-6 lg:mx-auto lg:max-w-2xl xl:max-w-3xl\">\n<div class=\"relative flex h-full flex-1 items-stretch md:flex-col\" role=\"presentation\">\n<div>\n<div class=\"h-full flex ml-1 md:w-full md:m-auto md:mb-4 gap-0 md:gap-2 justify-center\"><\/div>\n<\/div>\n<\/div>\n<\/form>\n<\/div>\n","protected":false},"excerpt":{"rendered":"<p>Le cigareVegas Robaina Don Alejandro est une cr\u00e9ation sp\u00e9ciale de Habanos S.A. qui a \u00e9t\u00e9 lanc\u00e9e \u00e0 l&rsquo;occasion du cinqui\u00e8me anniversaire de la marque Vegas Robaina. Lors du 4e Festival international de La Havane en 2002, Alejandro Robaina, une l\u00e9gende dans le monde des planteurs et des producteurs de tabac, a personnellement sign\u00e9 quelques bo\u00eetes [&hellip;]<\/p>\n","protected":false},"featured_media":15318,"comment_status":"open","ping_status":"closed","template":"","meta":{"_et_pb_use_builder":"","_et_pb_old_content":"","_et_gb_content_width":""},"product_brand":[],"product_cat":[219,237],"product_tag":[1014,1099,1080,1124,1123,926,1120,924,1026,1365,1126,888,889],"class_list":{"0":"post-12637","1":"product","2":"type-product","3":"status-publish","4":"has-post-thumbnail","6":"product_cat-cigares","7":"product_cat-vegas-robaina-fr","8":"product_tag-cigare-premium","9":"product_tag-cigares","10":"product_tag-cigares-cubains","11":"product_tag-cigares-cubains-exclusifs","12":"product_tag-cigares-cubains-vintage","13":"product_tag-cigares-en-edition-limitee","14":"product_tag-cigares-habanos","15":"product_tag-cigares-pour-collectionneurs","16":"product_tag-cigares-rares-fr","17":"product_tag-cigares-vegas-robaina","18":"product_tag-habanos-fr","19":"product_tag-vegas-robaina-fr","20":"product_tag-vegas-robaina-don-alejandro-fr","22":"first","23":"instock","24":"shipping-taxable","25":"purchasable","26":"product-type-simple"},"aioseo_notices":[],"_links":{"self":[{"href":"https:\/\/smoke.ch\/fr\/wp-json\/wp\/v2\/product\/12637","targetHints":{"allow":["GET"]}}],"collection":[{"href":"https:\/\/smoke.ch\/fr\/wp-json\/wp\/v2\/product"}],"about":[{"href":"https:\/\/smoke.ch\/fr\/wp-json\/wp\/v2\/types\/product"}],"replies":[{"embeddable":true,"href":"https:\/\/smoke.ch\/fr\/wp-json\/wp\/v2\/comments?post=12637"}],"wp:featuredmedia":[{"embeddable":true,"href":"https:\/\/smoke.ch\/fr\/wp-json\/wp\/v2\/media\/15318"}],"wp:attachment":[{"href":"https:\/\/smoke.ch\/fr\/wp-json\/wp\/v2\/media?parent=12637"}],"wp:term":[{"taxonomy":"product_brand","embeddable":true,"href":"https:\/\/smoke.ch\/fr\/wp-json\/wp\/v2\/product_brand?post=12637"},{"taxonomy":"product_cat","embeddable":true,"href":"https:\/\/smoke.ch\/fr\/wp-json\/wp\/v2\/product_cat?post=12637"},{"taxonomy":"product_tag","embeddable":true,"href":"https:\/\/smoke.ch\/fr\/wp-json\/wp\/v2\/product_tag?post=12637"}],"curies":[{"name":"wp","href":"https:\/\/api.w.org\/{rel}","templated":true}]}}