{"id":12643,"date":"2022-03-30T19:56:58","date_gmt":"2022-03-30T19:56:58","guid":{"rendered":"https:\/\/smoke.ch\/product\/cuaba-distinguidos-vintage-2008-cigare-unique\/"},"modified":"2025-04-25T12:18:29","modified_gmt":"2025-04-25T12:18:29","slug":"cuaba-distinguidos-vintage-2008-cigare-unique","status":"publish","type":"product","link":"https:\/\/smoke.ch\/fr\/produit\/cuaba-distinguidos-vintage-2008-cigare-unique\/","title":{"rendered":"Cuaba Distinguidos \u2013 Vintage 2008 \u2013 Cigare unique"},"content":{"rendered":"<p>Savourez l&rsquo;exp\u00e9rience de fumer incomparable des <strong>cigares<a href=\"https:\/\/smoke.ch\/fr\/categorie-produit\/cigares\/cuaba-fr\/\">Cuaba<\/a> Distinguidos<\/strong> de 2008 de <a href=\"https:\/\/www.habanos.com\/en\/\"><br \/>\n  <strong>Habanos<\/strong><br \/>\n<\/a> S.A. Ces cigares de qualit\u00e9 sup\u00e9rieure se distinguent par un \u00e9quilibre parfait entre force et saveur et sont donc un must absolu pour tout amateur de cigares. <a href=\"https:\/\/smoke.ch\/fr\/categorie-produit\/cigares\/\"><br \/>\n  <strong>amateur de cigares<\/strong><br \/>\n<\/a>. N&rsquo;h\u00e9sitez plus et commandez maintenant confortablement en ligne pour d\u00e9couvrir le go\u00fbt incomparable et l&rsquo;ar\u00f4me unique de ces cigares particuliers. Laissez-vous impressionner par la qualit\u00e9 et le plaisir de ces cigares de l&rsquo;ann\u00e9e 2008 !<\/p>\n","protected":false},"excerpt":{"rendered":"<p>Savourez l&rsquo;exp\u00e9rience de fumer incomparable des cigaresCuaba Distinguidos de 2008 de Habanos S.A. Ces cigares de qualit\u00e9 sup\u00e9rieure se distinguent par un \u00e9quilibre parfait entre force et saveur et sont donc un must absolu pour tout amateur de cigares. amateur de cigares . N&rsquo;h\u00e9sitez plus et commandez maintenant confortablement en ligne pour d\u00e9couvrir le go\u00fbt [&hellip;]<\/p>\n","protected":false},"featured_media":12645,"comment_status":"open","ping_status":"closed","template":"","meta":{"_et_pb_use_builder":"","_et_pb_old_content":"","_et_gb_content_width":""},"product_brand":[],"product_cat":[219,236],"product_tag":[1014,1099,1357,1080,1124,1123,926,1120,924,1026,881,892,893,1126],"class_list":{"0":"post-12643","1":"product","2":"type-product","3":"status-publish","4":"has-post-thumbnail","6":"product_cat-cigares","7":"product_cat-cuaba-fr","8":"product_tag-cigare-premium","9":"product_tag-cigares","10":"product_tag-cigares-cuaba","11":"product_tag-cigares-cubains","12":"product_tag-cigares-cubains-exclusifs","13":"product_tag-cigares-cubains-vintage","14":"product_tag-cigares-en-edition-limitee","15":"product_tag-cigares-habanos","16":"product_tag-cigares-pour-collectionneurs","17":"product_tag-cigares-rares-fr","18":"product_tag-cigares-vintage","19":"product_tag-cuaba-fr","20":"product_tag-cuaba-distinguidos-fr","21":"product_tag-habanos-fr","23":"first","24":"instock","25":"shipping-taxable","26":"purchasable","27":"product-type-variable"},"aioseo_notices":[],"_links":{"self":[{"href":"https:\/\/smoke.ch\/fr\/wp-json\/wp\/v2\/product\/12643","targetHints":{"allow":["GET"]}}],"collection":[{"href":"https:\/\/smoke.ch\/fr\/wp-json\/wp\/v2\/product"}],"about":[{"href":"https:\/\/smoke.ch\/fr\/wp-json\/wp\/v2\/types\/product"}],"replies":[{"embeddable":true,"href":"https:\/\/smoke.ch\/fr\/wp-json\/wp\/v2\/comments?post=12643"}],"wp:featuredmedia":[{"embeddable":true,"href":"https:\/\/smoke.ch\/fr\/wp-json\/wp\/v2\/media\/12645"}],"wp:attachment":[{"href":"https:\/\/smoke.ch\/fr\/wp-json\/wp\/v2\/media?parent=12643"}],"wp:term":[{"taxonomy":"product_brand","embeddable":true,"href":"https:\/\/smoke.ch\/fr\/wp-json\/wp\/v2\/product_brand?post=12643"},{"taxonomy":"product_cat","embeddable":true,"href":"https:\/\/smoke.ch\/fr\/wp-json\/wp\/v2\/product_cat?post=12643"},{"taxonomy":"product_tag","embeddable":true,"href":"https:\/\/smoke.ch\/fr\/wp-json\/wp\/v2\/product_tag?post=12643"}],"curies":[{"name":"wp","href":"https:\/\/api.w.org\/{rel}","templated":true}]}}