{"id":12685,"date":"2022-03-30T19:56:58","date_gmt":"2022-03-30T19:56:58","guid":{"rendered":"https:\/\/smoke.ch\/product\/montecristo-no-2-vintage-2011-cigare-unique\/"},"modified":"2025-04-16T12:49:32","modified_gmt":"2025-04-16T12:49:32","slug":"montecristo-no-2-vintage-2011-cigare-unique","status":"publish","type":"product","link":"https:\/\/smoke.ch\/fr\/produit\/montecristo-no-2-vintage-2011-cigare-unique\/","title":{"rendered":"Montecristo No. 2 \u2013 Vintage 2011 \u2013 Cigare unique"},"content":{"rendered":"<p>Le <strong><a href=\"https:\/\/smoke.ch\/fr\/categorie-produit\/cigares\/montecristo-fr\/\">Montecristo<\/a> No. 2 Piramides<\/strong> est l&rsquo;un des cigares <strong>Piramide <\/strong>les plus connus et les plus appr\u00e9ci\u00e9s de la marque. <strong><br \/>\n  <a href=\"https:\/\/www.habanos.com\/en\/\">Habanos<\/a><br \/>\n  <a href=\"https:\/\/smoke.ch\/fr\/categorie-produit\/cigares\/\"> S.A.<\/a><br \/>\n<\/strong> Avec le H. Upmann No. 2, il compte parmi les meilleurs formats de torpedo. De plus, ces cigares propos\u00e9s datent de 2011 et offrent donc une exp\u00e9rience de consommation exclusive.<\/p>\n<p>Le Montecristo No. 2 Piramides est plut\u00f4t fort et offre de riches ar\u00f4mes de torr\u00e9faction qui raviront les amateurs de cigares intenses. <a href=\"https:\/\/smoke.ch\/fr\/categorie-produit\/cigares\/\"><br \/>\n  <strong>cigares<\/strong><br \/>\n<\/a> appr\u00e9cieront particuli\u00e8rement. N&rsquo;h\u00e9sitez plus et commandez d\u00e8s maintenant pour profiter de ce cigare sp\u00e9cial issu d&rsquo;un mill\u00e9sime particulier. Soyez pr\u00eat pour une exp\u00e9rience de tabagisme inoubliable !<\/p>\n","protected":false},"excerpt":{"rendered":"<p>Le Montecristo No. 2 Piramides est l&rsquo;un des cigares Piramide les plus connus et les plus appr\u00e9ci\u00e9s de la marque. Habanos S.A. Avec le H. Upmann No. 2, il compte parmi les meilleurs formats de torpedo. De plus, ces cigares propos\u00e9s datent de 2011 et offrent donc une exp\u00e9rience de consommation exclusive. Le Montecristo No. [&hellip;]<\/p>\n","protected":false},"featured_media":12687,"comment_status":"open","ping_status":"closed","template":"","meta":{"_et_pb_use_builder":"","_et_pb_old_content":"","_et_gb_content_width":""},"product_brand":[],"product_cat":[219,224],"product_tag":[1014,1099,1080,1124,1123,926,1120,1353,924,1026,881,1126,861,898],"class_list":{"0":"post-12685","1":"product","2":"type-product","3":"status-publish","4":"has-post-thumbnail","6":"product_cat-cigares","7":"product_cat-montecristo-fr","8":"product_tag-cigare-premium","9":"product_tag-cigares","10":"product_tag-cigares-cubains","11":"product_tag-cigares-cubains-exclusifs","12":"product_tag-cigares-cubains-vintage","13":"product_tag-cigares-en-edition-limitee","14":"product_tag-cigares-habanos","15":"product_tag-cigares-montecristo","16":"product_tag-cigares-pour-collectionneurs","17":"product_tag-cigares-rares-fr","18":"product_tag-cigares-vintage","19":"product_tag-habanos-fr","20":"product_tag-montecristo-fr","21":"product_tag-montecristo-no-2-fr","23":"first","24":"instock","25":"shipping-taxable","26":"purchasable","27":"product-type-variable"},"aioseo_notices":[],"_links":{"self":[{"href":"https:\/\/smoke.ch\/fr\/wp-json\/wp\/v2\/product\/12685","targetHints":{"allow":["GET"]}}],"collection":[{"href":"https:\/\/smoke.ch\/fr\/wp-json\/wp\/v2\/product"}],"about":[{"href":"https:\/\/smoke.ch\/fr\/wp-json\/wp\/v2\/types\/product"}],"replies":[{"embeddable":true,"href":"https:\/\/smoke.ch\/fr\/wp-json\/wp\/v2\/comments?post=12685"}],"wp:featuredmedia":[{"embeddable":true,"href":"https:\/\/smoke.ch\/fr\/wp-json\/wp\/v2\/media\/12687"}],"wp:attachment":[{"href":"https:\/\/smoke.ch\/fr\/wp-json\/wp\/v2\/media?parent=12685"}],"wp:term":[{"taxonomy":"product_brand","embeddable":true,"href":"https:\/\/smoke.ch\/fr\/wp-json\/wp\/v2\/product_brand?post=12685"},{"taxonomy":"product_cat","embeddable":true,"href":"https:\/\/smoke.ch\/fr\/wp-json\/wp\/v2\/product_cat?post=12685"},{"taxonomy":"product_tag","embeddable":true,"href":"https:\/\/smoke.ch\/fr\/wp-json\/wp\/v2\/product_tag?post=12685"}],"curies":[{"name":"wp","href":"https:\/\/api.w.org\/{rel}","templated":true}]}}