{"id":12693,"date":"2022-03-30T19:56:54","date_gmt":"2022-03-30T19:56:54","guid":{"rendered":"https:\/\/smoke.ch\/product\/marquis-de-montdidier-armagnac-1926\/"},"modified":"2025-04-25T13:56:35","modified_gmt":"2025-04-25T13:56:35","slug":"marquis-de-montdidier-armagnac-1926","status":"publish","type":"product","link":"https:\/\/smoke.ch\/fr\/produit\/marquis-de-montdidier-armagnac-1926\/","title":{"rendered":"Marquis de Montdidier Armagnac 1926"},"content":{"rendered":"<div class=\"flex-1 overflow-hidden\">\n<div class=\"react-scroll-to-bottom--css-pusiv-79elbk h-full dark:bg-gray-800\">\n<div class=\"react-scroll-to-bottom--css-pusiv-1n7m0yu\">\n<div class=\"flex flex-col text-sm dark:bg-gray-800\">\n<div class=\"group w-full text-gray-800 dark:text-gray-100 border-b border-black\/10 dark:border-gray-900\/50 bg-gray-50 dark:bg-[#444654]\">\n<div class=\"flex p-4 gap-4 text-base md:gap-6 md:max-w-2xl lg:max-w-[38rem] xl:max-w-3xl md:py-6 lg:px-0 m-auto\">\n<div class=\"relative flex w-[calc(100%-50px)] flex-col gap-1 md:gap-3 lg:w-[calc(100%-115px)]\">\n<div class=\"flex flex-grow flex-col gap-3\">\n<div class=\"min-h-[20px] flex items-start overflow-x-auto whitespace-pre-wrap break-words flex-col gap-4\">\n<div class=\"markdown prose w-full break-words dark:prose-invert light\">\n<p>On dit souvent, \u00e0 tort, que l&rsquo;<strong>armagnac<\/strong> est le petit fr\u00e8re du cognac. L&rsquo;histoire du cognac remonte au 17e si\u00e8cle, tandis que l&rsquo;armagnac est mentionn\u00e9 dans des documents d\u00e8s 1461. D\u00e9j\u00e0 \u00e0 l&rsquo;\u00e9poque, le distillat \u00e9tait utilis\u00e9 comme m\u00e9dicament.<\/p>\n<p>Gr\u00e2ce au savoir-faire des Romains, des Gaulois et des Maures, l&rsquo;Armagnac a \u00e9t\u00e9 distill\u00e9 et affin\u00e9 pendant des si\u00e8cles. Aujourd&rsquo;hui, cette plus ancienne boisson fran\u00e7aise <a href=\"https:\/\/smoke.ch\/fr\/categorie-produit\/spiritueux\/marquis-de-montdidier-fr\/\"><br \/>\n  <strong>spiritueux<\/strong><br \/>\n<\/a> jouit d&rsquo;une grande renomm\u00e9e. L&rsquo;armagnac est originaire de Gascogne, dans le sud-ouest de la France, o\u00f9 poussent et m\u00fbrissent les c\u00e9pages correspondants. Lors de la distillation, cette eau-de-vie n&rsquo;est distill\u00e9e qu&rsquo;une seule fois et est ensuite \u00e9lev\u00e9e dans des f\u00fbts de ch\u00eane neufs. Ces f\u00fbts sont construits avec du bois de ch\u00eane vert vieilli pendant six ans et conf\u00e8rent \u00e0 l&rsquo;armagnac sa brillante couleur ambr\u00e9e et son bouquet inimitable. Plus l&rsquo;Armagnac est conserv\u00e9 longtemps dans les f\u00fbts, plus le niveau de qualit\u00e9 est \u00e9lev\u00e9.<\/p>\n<p>Les vieux mill\u00e9simes d&rsquo;armagnac <a href=\"https:\/\/smoke.ch\/fr\/categorie-produit\/spiritueux\/marquis-de-montdidier-fr\/\"><br \/>\n  <strong>Marquis de Montdidier<\/strong><br \/>\n<\/a> sont de v\u00e9ritables raret\u00e9s. Nous ne proposons plus que cette bouteille de ce mill\u00e9sime. N&rsquo;h\u00e9sitez pas \u00e0 vous procurer cette raret\u00e9 sp\u00e9ciale avant qu&rsquo;elle ne soit \u00e9puis\u00e9e !<\/p>\n<\/div>\n<\/div>\n<\/div>\n<\/div>\n<\/div>\n<\/div>\n<\/div>\n<\/div>\n<\/div>\n<\/div>\n","protected":false},"excerpt":{"rendered":"<p>On dit souvent, \u00e0 tort, que l&rsquo;armagnac est le petit fr\u00e8re du cognac. L&rsquo;histoire du cognac remonte au 17e si\u00e8cle, tandis que l&rsquo;armagnac est mentionn\u00e9 dans des documents d\u00e8s 1461. D\u00e9j\u00e0 \u00e0 l&rsquo;\u00e9poque, le distillat \u00e9tait utilis\u00e9 comme m\u00e9dicament. Gr\u00e2ce au savoir-faire des Romains, des Gaulois et des Maures, l&rsquo;Armagnac a \u00e9t\u00e9 distill\u00e9 et affin\u00e9 [&hellip;]<\/p>\n","protected":false},"featured_media":12695,"comment_status":"open","ping_status":"closed","template":"","meta":{"_et_pb_use_builder":"","_et_pb_old_content":"","_et_gb_content_width":""},"product_brand":[],"product_cat":[234,229],"product_tag":[899,1398,1369,900,1373,1386,1390],"class_list":{"0":"post-12693","1":"product","2":"type-product","3":"status-publish","4":"has-post-thumbnail","6":"product_cat-marquis-de-montdidier-fr","7":"product_cat-spiritueux","8":"product_tag-armagnac-fr","9":"product_tag-armagnac-1926-fr","10":"product_tag-armagnac-millesime","11":"product_tag-marquis-de-montdidier-armagnac-fr","12":"product_tag-spiritueux-rares","13":"product_tag-vin-a-bruler","14":"product_tag-vin-a-leau-de-vie-millesime","16":"first","17":"instock","18":"shipping-taxable","19":"purchasable","20":"product-type-simple"},"aioseo_notices":[],"_links":{"self":[{"href":"https:\/\/smoke.ch\/fr\/wp-json\/wp\/v2\/product\/12693","targetHints":{"allow":["GET"]}}],"collection":[{"href":"https:\/\/smoke.ch\/fr\/wp-json\/wp\/v2\/product"}],"about":[{"href":"https:\/\/smoke.ch\/fr\/wp-json\/wp\/v2\/types\/product"}],"replies":[{"embeddable":true,"href":"https:\/\/smoke.ch\/fr\/wp-json\/wp\/v2\/comments?post=12693"}],"wp:featuredmedia":[{"embeddable":true,"href":"https:\/\/smoke.ch\/fr\/wp-json\/wp\/v2\/media\/12695"}],"wp:attachment":[{"href":"https:\/\/smoke.ch\/fr\/wp-json\/wp\/v2\/media?parent=12693"}],"wp:term":[{"taxonomy":"product_brand","embeddable":true,"href":"https:\/\/smoke.ch\/fr\/wp-json\/wp\/v2\/product_brand?post=12693"},{"taxonomy":"product_cat","embeddable":true,"href":"https:\/\/smoke.ch\/fr\/wp-json\/wp\/v2\/product_cat?post=12693"},{"taxonomy":"product_tag","embeddable":true,"href":"https:\/\/smoke.ch\/fr\/wp-json\/wp\/v2\/product_tag?post=12693"}],"curies":[{"name":"wp","href":"https:\/\/api.w.org\/{rel}","templated":true}]}}