{"id":12702,"date":"2022-03-30T19:56:54","date_gmt":"2022-03-30T19:56:54","guid":{"rendered":"https:\/\/smoke.ch\/product\/dunhill-seleccion-fabrique-par-hoyo-de-monterrrey\/"},"modified":"2025-04-25T14:10:55","modified_gmt":"2025-04-25T14:10:55","slug":"dunhill-seleccion-fabrique-par-hoyo-de-monterrrey","status":"publish","type":"product","link":"https:\/\/smoke.ch\/fr\/produit\/dunhill-seleccion-fabrique-par-hoyo-de-monterrrey\/","title":{"rendered":"Dunhill Seleccion \u2013 Fabriqu\u00e9 par Hoyo de Monterrrey"},"content":{"rendered":"<p>Ce <a href=\"https:\/\/smoke.ch\/fr\/categorie-produit\/cigares\/\"><strong>cigare<\/strong><\/a> a \u00e9t\u00e9 <strong>produit<\/strong> \u00e0 l&rsquo;origine par <strong><a href=\"https:\/\/smoke.ch\/fr\/categorie-produit\/cigares\/hoyo-de-monterrey-fr\/\">Hoyo de Monterrey<\/a><\/strong> pour un seul client asiatique. Il s&rsquo;agissait d&rsquo;une petite production de peut-\u00eatre 1000 pi\u00e8ces. Notre soci\u00e9t\u00e9 a eu la chance d&rsquo;acqu\u00e9rir au milieu des ann\u00e9es 90 un petit lot de ce cigare exceptionnel de <a href=\"https:\/\/www.cubancigarwebsite.com\/brand\/cubatabaco\"><strong>Cubatabaco<\/strong><\/a><br \/>\n Ce cigare se caract\u00e9rise par une mati\u00e8re premi\u00e8re tr\u00e8s fine et de premi\u00e8re qualit\u00e9 et des feuilles de couverture claires. Le tirage est tr\u00e8s bon et les ar\u00f4mes sont doux mais persistants. Savourez le go\u00fbt unique de ce cigare particulier.<\/p>\n","protected":false},"excerpt":{"rendered":"<p>Ce cigare a \u00e9t\u00e9 produit \u00e0 l&rsquo;origine par Hoyo de Monterrey pour un seul client asiatique. Il s&rsquo;agissait d&rsquo;une petite production de peut-\u00eatre 1000 pi\u00e8ces. Notre soci\u00e9t\u00e9 a eu la chance d&rsquo;acqu\u00e9rir au milieu des ann\u00e9es 90 un petit lot de ce cigare exceptionnel de Cubatabaco Ce cigare se caract\u00e9rise par une mati\u00e8re premi\u00e8re tr\u00e8s [&hellip;]<\/p>\n","protected":false},"featured_media":12704,"comment_status":"open","ping_status":"closed","template":"","meta":{"_et_pb_use_builder":"","_et_pb_old_content":"","_et_gb_content_width":""},"product_brand":[],"product_cat":[219,235],"product_tag":[1014,1099,1080,1124,1123,1434,926,1120,1232,924,1026,881,904,1126,822],"class_list":{"0":"post-12702","1":"product","2":"type-product","3":"status-publish","4":"has-post-thumbnail","6":"product_cat-cigares","7":"product_cat-hoyo-de-monterrey-fr","8":"product_tag-cigare-premium","9":"product_tag-cigares","10":"product_tag-cigares-cubains","11":"product_tag-cigares-cubains-exclusifs","12":"product_tag-cigares-cubains-vintage","13":"product_tag-cigares-dunhill","14":"product_tag-cigares-en-edition-limitee","15":"product_tag-cigares-habanos","16":"product_tag-cigares-hoyo-de-monterrey","17":"product_tag-cigares-pour-collectionneurs","18":"product_tag-cigares-rares-fr","19":"product_tag-cigares-vintage","20":"product_tag-dunhill-seleccion-fabrique-par-hoyo-de-monterrrey","21":"product_tag-habanos-fr","22":"product_tag-hoyo-de-monterrey-fr","24":"first","25":"instock","26":"shipping-taxable","27":"purchasable","28":"product-type-simple"},"aioseo_notices":[],"_links":{"self":[{"href":"https:\/\/smoke.ch\/fr\/wp-json\/wp\/v2\/product\/12702","targetHints":{"allow":["GET"]}}],"collection":[{"href":"https:\/\/smoke.ch\/fr\/wp-json\/wp\/v2\/product"}],"about":[{"href":"https:\/\/smoke.ch\/fr\/wp-json\/wp\/v2\/types\/product"}],"replies":[{"embeddable":true,"href":"https:\/\/smoke.ch\/fr\/wp-json\/wp\/v2\/comments?post=12702"}],"wp:featuredmedia":[{"embeddable":true,"href":"https:\/\/smoke.ch\/fr\/wp-json\/wp\/v2\/media\/12704"}],"wp:attachment":[{"href":"https:\/\/smoke.ch\/fr\/wp-json\/wp\/v2\/media?parent=12702"}],"wp:term":[{"taxonomy":"product_brand","embeddable":true,"href":"https:\/\/smoke.ch\/fr\/wp-json\/wp\/v2\/product_brand?post=12702"},{"taxonomy":"product_cat","embeddable":true,"href":"https:\/\/smoke.ch\/fr\/wp-json\/wp\/v2\/product_cat?post=12702"},{"taxonomy":"product_tag","embeddable":true,"href":"https:\/\/smoke.ch\/fr\/wp-json\/wp\/v2\/product_tag?post=12702"}],"curies":[{"name":"wp","href":"https:\/\/api.w.org\/{rel}","templated":true}]}}