{"id":12710,"date":"2022-03-30T19:56:54","date_gmt":"2022-03-30T19:56:54","guid":{"rendered":"https:\/\/smoke.ch\/product\/burberrys-whisky-25-ans-dage\/"},"modified":"2025-04-25T14:06:01","modified_gmt":"2025-04-25T14:06:01","slug":"burberrys-whisky-25-ans-dage","status":"publish","type":"product","link":"https:\/\/smoke.ch\/fr\/produit\/burberrys-whisky-25-ans-dage\/","title":{"rendered":"Burberrys Whisky 25 ans d&rsquo;\u00e2ge"},"content":{"rendered":"<div class=\"flex-1 overflow-hidden\">\n<div class=\"react-scroll-to-bottom--css-pusiv-79elbk h-full dark:bg-gray-800\">\n<div class=\"react-scroll-to-bottom--css-pusiv-1n7m0yu\">\n<div class=\"flex flex-col text-sm dark:bg-gray-800\">\n<div class=\"group w-full text-gray-800 dark:text-gray-100 border-b border-black\/10 dark:border-gray-900\/50 bg-gray-50 dark:bg-[#444654]\">\n<div class=\"flex p-4 gap-4 text-base md:gap-6 md:max-w-2xl lg:max-w-[38rem] xl:max-w-3xl md:py-6 lg:px-0 m-auto\">\n<div class=\"relative flex w-[calc(100%-50px)] flex-col gap-1 md:gap-3 lg:w-[calc(100%-115px)]\">\n<div class=\"flex flex-grow flex-col gap-3\">\n<div class=\"min-h-[20px] flex items-start overflow-x-auto whitespace-pre-wrap break-words flex-col gap-4\">\n<div class=\"markdown prose w-full break-words dark:prose-invert light\">\n<p>Plongez-vous dans le caract\u00e8re fin et \u00e9l\u00e9gant du <a href=\"https:\/\/smoke.ch\/fr\/categorie-produit\/spiritueux\/burberrys-fr\/\"><br \/>\n  <strong>Burberrys Whisky<\/strong><br \/>\n<\/a>qui fait partie des raret\u00e9s depuis de nombreuses ann\u00e9es. Ce whisky \u00e9quilibr\u00e9 a \u00e9t\u00e9 \u00e9labor\u00e9 avec soin et est extr\u00eamement doux et durable. Avec ses notes douces et tourb\u00e9es, c&rsquo;est un plaisir inoubliable.<\/p>\n<p>Le whisky de 25 ans d&rsquo;\u00e2ge est livr\u00e9 dans un emballage raffin\u00e9 avec deux tumblers et est disponible dans l&rsquo;\u00e9l\u00e9gante carafe en verre ou dans la version limit\u00e9e en c\u00e9ramique. V\u00e9ritable raret\u00e9, ce whisky n&rsquo;est plus produit et constitue donc un cadeau noble et de grand prestige.<\/p>\n<p>D\u00e9couvrez le luxe et le caract\u00e8re unique de ce whisky particulier et offrez-vous, ou \u00e0 un connaisseur de whisky dans votre vie, cette exp\u00e9rience exclusive. N&rsquo;attendez pas trop longtemps, car en raison de la disponibilit\u00e9 limit\u00e9e, cette opportunit\u00e9 pourrait bient\u00f4t dispara\u00eetre. Commandez d\u00e8s aujourd&rsquo;hui et obtenez cette boisson exceptionnelle et hautement r\u00e9put\u00e9e. <a href=\"https:\/\/smoke.ch\/fr\/categorie-produit\/spiritueux\/\"><br \/>\n  <strong>spiritueux<\/strong><br \/>\n<\/a>!<\/p>\n<\/div>\n<\/div>\n<\/div>\n<div class=\"flex justify-between lg:block\">\n<div class=\"text-gray-400 flex self-end lg:self-center justify-center mt-2 gap-2 md:gap-3 lg:gap-1 lg:absolute lg:top-0 lg:translate-x-full lg:right-0 lg:mt-0 lg:pl-2 visible\">\n<p>&nbsp;<\/p>\n<div class=\"flex gap-1\"><\/div>\n<\/div>\n<\/div>\n<\/div>\n<\/div>\n<\/div>\n<div class=\"h-32 md:h-48 flex-shrink-0\"><\/div>\n<p>&nbsp;<\/p>\n<\/div>\n<\/div>\n<\/div>\n<\/div>\n<div class=\"absolute bottom-0 left-0 w-full border-t md:border-t-0 dark:border-white\/20 md:border-transparent md:dark:border-transparent md:bg-vert-light-gradient bg-white dark:bg-gray-800 md:!bg-transparent dark:md:bg-vert-dark-gradient pt-2 md:pl-2 md:w-[calc(100%-.5rem)]\">\n<form class=\"stretch mx-2 flex flex-row gap-3 last:mb-2 md:mx-4 md:last:mb-6 lg:mx-auto lg:max-w-2xl xl:max-w-3xl\">\n<div class=\"relative flex h-full flex-1 items-stretch md:flex-col\" role=\"presentation\">\n<div>\n<div class=\"h-full flex ml-1 md:w-full md:m-auto md:mb-4 gap-0 md:gap-2 justify-center\"><\/div>\n<\/div>\n<\/div>\n<\/form>\n<\/div>\n","protected":false},"excerpt":{"rendered":"<p>Plongez-vous dans le caract\u00e8re fin et \u00e9l\u00e9gant du Burberrys Whisky qui fait partie des raret\u00e9s depuis de nombreuses ann\u00e9es. Ce whisky \u00e9quilibr\u00e9 a \u00e9t\u00e9 \u00e9labor\u00e9 avec soin et est extr\u00eamement doux et durable. Avec ses notes douces et tourb\u00e9es, c&rsquo;est un plaisir inoubliable. Le whisky de 25 ans d&rsquo;\u00e2ge est livr\u00e9 dans un emballage raffin\u00e9 [&hellip;]<\/p>\n","protected":false},"featured_media":12713,"comment_status":"open","ping_status":"closed","template":"","meta":{"_et_pb_use_builder":"","_et_pb_old_content":"","_et_gb_content_width":""},"product_brand":[],"product_cat":[233,229],"product_tag":[859,907,1424,1402,1264,1429,1403,1416,1417],"class_list":{"0":"post-12710","1":"product","2":"type-product","3":"status-publish","4":"has-post-thumbnail","6":"product_cat-burberrys-fr","7":"product_cat-spiritueux","8":"product_tag-burberrys-fr","9":"product_tag-burberrys-whisky-25-ans-dage","10":"product_tag-whiskey-fr","11":"product_tag-whisky-fr","12":"product_tag-whisky-burberrys","13":"product_tag-whisky-de-25-ans-dage","14":"product_tag-whisky-ecossais","15":"product_tag-whisky-exclusif","16":"product_tag-whisky-vintage","18":"first","19":"instock","20":"shipping-taxable","21":"purchasable","22":"product-type-variable","23":"has-default-attributes"},"aioseo_notices":[],"_links":{"self":[{"href":"https:\/\/smoke.ch\/fr\/wp-json\/wp\/v2\/product\/12710","targetHints":{"allow":["GET"]}}],"collection":[{"href":"https:\/\/smoke.ch\/fr\/wp-json\/wp\/v2\/product"}],"about":[{"href":"https:\/\/smoke.ch\/fr\/wp-json\/wp\/v2\/types\/product"}],"replies":[{"embeddable":true,"href":"https:\/\/smoke.ch\/fr\/wp-json\/wp\/v2\/comments?post=12710"}],"wp:featuredmedia":[{"embeddable":true,"href":"https:\/\/smoke.ch\/fr\/wp-json\/wp\/v2\/media\/12713"}],"wp:attachment":[{"href":"https:\/\/smoke.ch\/fr\/wp-json\/wp\/v2\/media?parent=12710"}],"wp:term":[{"taxonomy":"product_brand","embeddable":true,"href":"https:\/\/smoke.ch\/fr\/wp-json\/wp\/v2\/product_brand?post=12710"},{"taxonomy":"product_cat","embeddable":true,"href":"https:\/\/smoke.ch\/fr\/wp-json\/wp\/v2\/product_cat?post=12710"},{"taxonomy":"product_tag","embeddable":true,"href":"https:\/\/smoke.ch\/fr\/wp-json\/wp\/v2\/product_tag?post=12710"}],"curies":[{"name":"wp","href":"https:\/\/api.w.org\/{rel}","templated":true}]}}