{"id":12720,"date":"2022-03-30T19:56:54","date_gmt":"2022-03-30T19:56:54","guid":{"rendered":"https:\/\/smoke.ch\/product\/rhum-el-conde-de-santiago-25-ans-dage-2\/"},"modified":"2025-04-25T14:19:49","modified_gmt":"2025-04-25T14:19:49","slug":"rhum-el-conde-de-santiago-25-ans-dage-2","status":"publish","type":"product","link":"https:\/\/smoke.ch\/fr\/produit\/rhum-el-conde-de-santiago-25-ans-dage-2\/","title":{"rendered":"Rhum El Conde de Santiago \u2013 25 ans d&rsquo;\u00e2ge"},"content":{"rendered":"<div class=\"flex-1 overflow-hidden\">\n<div class=\"react-scroll-to-bottom--css-pusiv-79elbk h-full dark:bg-gray-800\">\n<div class=\"react-scroll-to-bottom--css-pusiv-1n7m0yu\">\n<div class=\"flex flex-col text-sm dark:bg-gray-800\">\n<div class=\"group w-full text-gray-800 dark:text-gray-100 border-b border-black\/10 dark:border-gray-900\/50 bg-gray-50 dark:bg-[#444654]\">\n<div class=\"flex p-4 gap-4 text-base md:gap-6 md:max-w-2xl lg:max-w-[38rem] xl:max-w-3xl md:py-6 lg:px-0 m-auto\">\n<div class=\"relative flex w-[calc(100%-50px)] flex-col gap-1 md:gap-3 lg:w-[calc(100%-115px)]\">\n<div class=\"flex flex-grow flex-col gap-3\">\n<div class=\"min-h-[20px] flex items-start overflow-x-auto whitespace-pre-wrap break-words flex-col gap-4\">\n<div class=\"markdown prose w-full break-words dark:prose-invert light\">\n<p><a href=\"https:\/\/smoke.ch\/fr\/categorie-produit\/spiritueux\/el-conde-de-santiago-fr-2\/\"><strong>El Conde de Santiago<\/strong><\/a> a \u00e9t\u00e9 distill\u00e9 dans les ann\u00e9es 1970 et a ensuite vieilli pendant 25 ans dans des f\u00fbts de ch\u00eane nobles \u2013 un long vieillissement qui lui conf\u00e8re un ar\u00f4me carib\u00e9en incomparable. Sa chaude teinte ambr\u00e9e et son parfum envo\u00fbtant de caramel, de vanille et de fleurs tropicales t\u00e9moignent d&rsquo;une qualit\u00e9 et d&rsquo;un savoir-faire exceptionnels.<br \/>\nCe rhum rare, l&rsquo;un des plus anciens et des plus <a href=\"https:\/\/smoke.ch\/fr\/categorie-produit\/spiritueux\/\"><strong>spiritueux les plus pr\u00e9cieux<\/strong><\/a> compte parmi les meilleurs, attire les amateurs et les collectionneurs. Il n&rsquo;inspire pas seulement le palais, mais vous emm\u00e8ne dans un voyage aventureux dans le pass\u00e9 des Cara\u00efbes \u2013 dans un lieu qui enchantait autrefois les pirates, les commer\u00e7ants et les aventuriers.<br \/>\nEl Conde de Santiago est consid\u00e9r\u00e9 dans le monde entier comme un rhum de premi\u00e8re classe et est une v\u00e9ritable raret\u00e9. Il a \u00e9t\u00e9 produit \u00e0 l&rsquo;origine pour c\u00e9l\u00e9brer le 500e anniversaire de la d\u00e9couverte de l&rsquo;Am\u00e9rique. Le dernier stock de ce pr\u00e9cieux spiritueux est aujourd&rsquo;hui disponible en exclusivit\u00e9 dans notre entreprise.    <\/p>\n<\/div>\n<\/div>\n<\/div>\n<div class=\"flex justify-between lg:block\">\n<div class=\"text-gray-400 flex self-end lg:self-center justify-center mt-2 gap-2 md:gap-3 lg:gap-1 lg:absolute lg:top-0 lg:translate-x-full lg:right-0 lg:mt-0 lg:pl-2 visible\">\n<p>&nbsp;<\/p>\n<div class=\"flex gap-1\"><\/div>\n<\/div>\n<\/div>\n<\/div>\n<\/div>\n<\/div>\n<div class=\"h-32 md:h-48 flex-shrink-0\"><\/div>\n<p>&nbsp;<\/p>\n<\/div>\n<\/div>\n<\/div>\n<\/div>\n<div class=\"absolute bottom-0 left-0 w-full border-t md:border-t-0 dark:border-white\/20 md:border-transparent md:dark:border-transparent md:bg-vert-light-gradient bg-white dark:bg-gray-800 md:!bg-transparent dark:md:bg-vert-dark-gradient pt-2 md:pl-2 md:w-[calc(100%-.5rem)]\">\n<form class=\"stretch mx-2 flex flex-row gap-3 last:mb-2 md:mx-4 md:last:mb-6 lg:mx-auto lg:max-w-2xl xl:max-w-3xl\">\n<div class=\"relative flex h-full flex-1 items-stretch md:flex-col\" role=\"presentation\">\n<div>\n<div class=\"h-full flex ml-1 md:w-full md:m-auto md:mb-4 gap-0 md:gap-2 justify-center\"><\/div>\n<\/div>\n<\/div>\n<\/form>\n<\/div>\n","protected":false},"excerpt":{"rendered":"<p>El Conde de Santiago a \u00e9t\u00e9 distill\u00e9 dans les ann\u00e9es 1970 et a ensuite vieilli pendant 25 ans dans des f\u00fbts de ch\u00eane nobles \u2013 un long vieillissement qui lui conf\u00e8re un ar\u00f4me carib\u00e9en incomparable. Sa chaude teinte ambr\u00e9e et son parfum envo\u00fbtant de caramel, de vanille et de fleurs tropicales t\u00e9moignent d&rsquo;une qualit\u00e9 et [&hellip;]<\/p>\n","protected":false},"featured_media":12722,"comment_status":"open","ping_status":"closed","template":"","meta":{"_et_pb_use_builder":"","_et_pb_old_content":"","_et_gb_content_width":""},"product_brand":[],"product_cat":[231,229],"product_tag":[939,867,1341,1310,1348,868,1441,1340],"class_list":{"0":"post-12720","1":"product","2":"type-product","3":"status-publish","4":"has-post-thumbnail","6":"product_cat-el-conde-de-santiago-fr-2","7":"product_cat-spiritueux","8":"product_tag-el-conde-de-santiago-fr","9":"product_tag-rhum","10":"product_tag-rhum-anejo","11":"product_tag-rhum-cubain","12":"product_tag-rhum-de-25-ans-dage","13":"product_tag-rhum-el-conde-de-santiago","14":"product_tag-rhum-exclusif","15":"product_tag-un-rhum-rare","17":"first","18":"instock","19":"shipping-taxable","20":"purchasable","21":"product-type-simple"},"aioseo_notices":[],"_links":{"self":[{"href":"https:\/\/smoke.ch\/fr\/wp-json\/wp\/v2\/product\/12720","targetHints":{"allow":["GET"]}}],"collection":[{"href":"https:\/\/smoke.ch\/fr\/wp-json\/wp\/v2\/product"}],"about":[{"href":"https:\/\/smoke.ch\/fr\/wp-json\/wp\/v2\/types\/product"}],"replies":[{"embeddable":true,"href":"https:\/\/smoke.ch\/fr\/wp-json\/wp\/v2\/comments?post=12720"}],"wp:featuredmedia":[{"embeddable":true,"href":"https:\/\/smoke.ch\/fr\/wp-json\/wp\/v2\/media\/12722"}],"wp:attachment":[{"href":"https:\/\/smoke.ch\/fr\/wp-json\/wp\/v2\/media?parent=12720"}],"wp:term":[{"taxonomy":"product_brand","embeddable":true,"href":"https:\/\/smoke.ch\/fr\/wp-json\/wp\/v2\/product_brand?post=12720"},{"taxonomy":"product_cat","embeddable":true,"href":"https:\/\/smoke.ch\/fr\/wp-json\/wp\/v2\/product_cat?post=12720"},{"taxonomy":"product_tag","embeddable":true,"href":"https:\/\/smoke.ch\/fr\/wp-json\/wp\/v2\/product_tag?post=12720"}],"curies":[{"name":"wp","href":"https:\/\/api.w.org\/{rel}","templated":true}]}}