{"id":12735,"date":"2022-03-30T19:56:54","date_gmt":"2022-03-30T19:56:54","guid":{"rendered":"https:\/\/smoke.ch\/product\/burberrys-whisky-12-ans-dage\/"},"modified":"2025-04-25T14:01:15","modified_gmt":"2025-04-25T14:01:15","slug":"burberrys-whisky-12-ans-dage","status":"publish","type":"product","link":"https:\/\/smoke.ch\/fr\/produit\/burberrys-whisky-12-ans-dage\/","title":{"rendered":"Burberrys Whisky 12 ans d&rsquo;\u00e2ge"},"content":{"rendered":"<div class=\"flex-1 overflow-hidden\">\n<div class=\"react-scroll-to-bottom--css-pusiv-79elbk h-full dark:bg-gray-800\">\n<div class=\"react-scroll-to-bottom--css-pusiv-1n7m0yu\">\n<div class=\"flex flex-col text-sm dark:bg-gray-800\">\n<div class=\"group w-full text-gray-800 dark:text-gray-100 border-b border-black\/10 dark:border-gray-900\/50 bg-gray-50 dark:bg-[#444654]\">\n<div class=\"flex p-4 gap-4 text-base md:gap-6 md:max-w-2xl lg:max-w-[38rem] xl:max-w-3xl md:py-6 lg:px-0 m-auto\">\n<div class=\"relative flex w-[calc(100%-50px)] flex-col gap-1 md:gap-3 lg:w-[calc(100%-115px)]\">\n<div class=\"flex flex-grow flex-col gap-3\">\n<div class=\"min-h-[20px] flex items-start overflow-x-auto whitespace-pre-wrap break-words flex-col gap-4\">\n<div class=\"markdown prose w-full break-words dark:prose-invert light\">\n<p>Plongez dans le monde des rares <a href=\"https:\/\/smoke.ch\/fr\/categorie-produit\/spiritueux\/burberrys-fr\/\"><br \/>\n  <strong>Les whiskies Burberrys<\/strong><br \/>\n<\/a> avec le blend de 12 ans d&rsquo;\u00e2ge. Ce whisky est tr\u00e8s riche et doux, avec un go\u00fbt sucr\u00e9 et riche, rehauss\u00e9 d&rsquo;une touche de tourbe. Pendant la maturation, le whisky a gagn\u00e9 en complexit\u00e9 et est devenu encore plus doux et plus rond.<\/p>\n<p>Burberrys a mis en \u0153uvre une longue exp\u00e9rience et le plus grand savoir-faire artisanal pour produire ces whiskies impressionnants. Aujourd&rsquo;hui, les whiskies de la marque ne sont plus produits. Nous vous offrons donc une rare opportunit\u00e9 d&rsquo;acqu\u00e9rir ce blend en petite quantit\u00e9.<\/p>\n<p>D\u00e9couvrez la raret\u00e9 et le go\u00fbt exquis de ce whisky Burberrys de 12 ans d&rsquo;\u00e2ge avant qu&rsquo;il ne soit trop tard. En tant qu&rsquo;amateur de spiritueux rares et de qualit\u00e9 <a href=\"https:\/\/smoke.ch\/fr\/categorie-produit\/spiritueux\/\"><br \/>\n  <strong>spiritueux<\/strong><br \/>\n<\/a> vous devriez saisir cette occasion unique de mettre la main sur ce joyau pour votre collection. Commandez d\u00e8s aujourd&rsquo;hui et profitez pleinement de ce whisky exceptionnel !<\/p>\n<\/div>\n<\/div>\n<\/div>\n<div class=\"flex justify-between lg:block\">\n<div class=\"text-gray-400 flex self-end lg:self-center justify-center mt-2 gap-2 md:gap-3 lg:gap-1 lg:absolute lg:top-0 lg:translate-x-full lg:right-0 lg:mt-0 lg:pl-2 visible\">\n<p>&nbsp;<\/p>\n<div class=\"flex gap-1\"><\/div>\n<\/div>\n<\/div>\n<\/div>\n<\/div>\n<\/div>\n<div class=\"h-32 md:h-48 flex-shrink-0\"><\/div>\n<p>&nbsp;<\/p>\n<\/div>\n<\/div>\n<\/div>\n<\/div>\n<div class=\"absolute bottom-0 left-0 w-full border-t md:border-t-0 dark:border-white\/20 md:border-transparent md:dark:border-transparent md:bg-vert-light-gradient bg-white dark:bg-gray-800 md:!bg-transparent dark:md:bg-vert-dark-gradient pt-2 md:pl-2 md:w-[calc(100%-.5rem)]\">\n<form class=\"stretch mx-2 flex flex-row gap-3 last:mb-2 md:mx-4 md:last:mb-6 lg:mx-auto lg:max-w-2xl xl:max-w-3xl\">\n<div class=\"relative flex h-full flex-1 items-stretch md:flex-col\" role=\"presentation\">\n<div>\n<div class=\"h-full flex ml-1 md:w-full md:m-auto md:mb-4 gap-0 md:gap-2 justify-center\"><\/div>\n<\/div>\n<\/div>\n<\/form>\n<\/div>\n","protected":false},"excerpt":{"rendered":"<p>Plongez dans le monde des rares Les whiskies Burberrys avec le blend de 12 ans d&rsquo;\u00e2ge. Ce whisky est tr\u00e8s riche et doux, avec un go\u00fbt sucr\u00e9 et riche, rehauss\u00e9 d&rsquo;une touche de tourbe. Pendant la maturation, le whisky a gagn\u00e9 en complexit\u00e9 et est devenu encore plus doux et plus rond. Burberrys a mis [&hellip;]<\/p>\n","protected":false},"featured_media":12737,"comment_status":"open","ping_status":"closed","template":"","meta":{"_et_pb_use_builder":"","_et_pb_old_content":"","_et_gb_content_width":""},"product_brand":[],"product_cat":[233,229],"product_tag":[859,909,1269,1424,1264,1403],"class_list":{"0":"post-12735","1":"product","2":"type-product","3":"status-publish","4":"has-post-thumbnail","6":"product_cat-burberrys-fr","7":"product_cat-spiritueux","8":"product_tag-burberrys-fr","9":"product_tag-burberrys-whisky-12-ans-dage","10":"product_tag-les-produits-burberrys","11":"product_tag-whiskey-fr","12":"product_tag-whisky-burberrys","13":"product_tag-whisky-ecossais","15":"first","16":"instock","17":"shipping-taxable","18":"purchasable","19":"product-type-simple"},"aioseo_notices":[],"_links":{"self":[{"href":"https:\/\/smoke.ch\/fr\/wp-json\/wp\/v2\/product\/12735","targetHints":{"allow":["GET"]}}],"collection":[{"href":"https:\/\/smoke.ch\/fr\/wp-json\/wp\/v2\/product"}],"about":[{"href":"https:\/\/smoke.ch\/fr\/wp-json\/wp\/v2\/types\/product"}],"replies":[{"embeddable":true,"href":"https:\/\/smoke.ch\/fr\/wp-json\/wp\/v2\/comments?post=12735"}],"wp:featuredmedia":[{"embeddable":true,"href":"https:\/\/smoke.ch\/fr\/wp-json\/wp\/v2\/media\/12737"}],"wp:attachment":[{"href":"https:\/\/smoke.ch\/fr\/wp-json\/wp\/v2\/media?parent=12735"}],"wp:term":[{"taxonomy":"product_brand","embeddable":true,"href":"https:\/\/smoke.ch\/fr\/wp-json\/wp\/v2\/product_brand?post=12735"},{"taxonomy":"product_cat","embeddable":true,"href":"https:\/\/smoke.ch\/fr\/wp-json\/wp\/v2\/product_cat?post=12735"},{"taxonomy":"product_tag","embeddable":true,"href":"https:\/\/smoke.ch\/fr\/wp-json\/wp\/v2\/product_tag?post=12735"}],"curies":[{"name":"wp","href":"https:\/\/api.w.org\/{rel}","templated":true}]}}